{"id":2077,"date":"2025-01-27T13:19:17","date_gmt":"2025-01-27T11:19:17","guid":{"rendered":"https:\/\/taskerium.com\/politica-de-privacidade\/"},"modified":"2025-06-30T16:57:33","modified_gmt":"2025-06-30T13:57:33","slug":"politica-de-privacidade","status":"publish","type":"page","link":"https:\/\/taskerium.com\/pt-pt\/politica-de-privacidade\/","title":{"rendered":"Pol\u00edtica de privacidade"},"content":{"rendered":"\t\t<div data-elementor-type=\"wp-page\" data-elementor-id=\"2077\" class=\"elementor elementor-2077 elementor-3\" data-elementor-post-type=\"page\">\n\t\t\t\t\t\t<section class=\"has_eae_slider elementor-section elementor-top-section elementor-element elementor-element-aed3830 elementor-section-boxed elementor-section-height-default elementor-section-height-default\" data-eae-slider=\"75750\" data-id=\"aed3830\" data-element_type=\"section\" data-e-type=\"section\" data-settings=\"{&quot;jet_parallax_layout_list&quot;:[{&quot;jet_parallax_layout_image&quot;:{&quot;url&quot;:&quot;&quot;,&quot;id&quot;:&quot;&quot;,&quot;size&quot;:&quot;&quot;},&quot;_id&quot;:&quot;3388f01&quot;,&quot;jet_parallax_layout_image_tablet&quot;:{&quot;url&quot;:&quot;&quot;,&quot;id&quot;:&quot;&quot;,&quot;size&quot;:&quot;&quot;},&quot;jet_parallax_layout_image_mobile&quot;:{&quot;url&quot;:&quot;&quot;,&quot;id&quot;:&quot;&quot;,&quot;size&quot;:&quot;&quot;},&quot;jet_parallax_layout_speed&quot;:{&quot;unit&quot;:&quot;%&quot;,&quot;size&quot;:50,&quot;sizes&quot;:[]},&quot;jet_parallax_layout_type&quot;:&quot;scroll&quot;,&quot;jet_parallax_layout_direction&quot;:null,&quot;jet_parallax_layout_fx_direction&quot;:null,&quot;jet_parallax_layout_z_index&quot;:&quot;&quot;,&quot;jet_parallax_layout_bg_x&quot;:50,&quot;jet_parallax_layout_bg_x_tablet&quot;:&quot;&quot;,&quot;jet_parallax_layout_bg_x_mobile&quot;:&quot;&quot;,&quot;jet_parallax_layout_bg_y&quot;:50,&quot;jet_parallax_layout_bg_y_tablet&quot;:&quot;&quot;,&quot;jet_parallax_layout_bg_y_mobile&quot;:&quot;&quot;,&quot;jet_parallax_layout_bg_size&quot;:&quot;auto&quot;,&quot;jet_parallax_layout_bg_size_tablet&quot;:&quot;&quot;,&quot;jet_parallax_layout_bg_size_mobile&quot;:&quot;&quot;,&quot;jet_parallax_layout_animation_prop&quot;:&quot;transform&quot;,&quot;jet_parallax_layout_on&quot;:[&quot;desktop&quot;,&quot;tablet&quot;]}]}\">\n\t\t\t\t\t\t<div class=\"elementor-container elementor-column-gap-default\">\n\t\t\t\t\t<div class=\"has_eae_slider elementor-column elementor-col-100 elementor-top-column elementor-element elementor-element-4b40faa\" data-eae-slider=\"41514\" data-id=\"4b40faa\" data-element_type=\"column\" data-e-type=\"column\">\n\t\t\t<div class=\"elementor-widget-wrap elementor-element-populated\">\n\t\t\t\t\t\t<div class=\"elementor-element elementor-element-394cd30 elementor-widget elementor-widget-text-editor\" data-id=\"394cd30\" data-element_type=\"widget\" data-e-type=\"widget\" data-widget_type=\"text-editor.default\">\n\t\t\t\t<div class=\"elementor-widget-container\">\n\t\t\t\t\t\t\t\t\t<h1><span style=\"color: #000000;\">Pol\u00edtica de privacidade da<\/span> <span style=\"color: #009581;\">Taskis<\/span><\/h1>\n\n\n\n\n\n\n\n\n\t\t\t\t\t\t\t\t<\/div>\n\t\t\t\t<\/div>\n\t\t\t\t<div class=\"elementor-element elementor-element-0460c6d elementor-widget-divider--view-line elementor-widget elementor-widget-divider\" data-id=\"0460c6d\" data-element_type=\"widget\" data-e-type=\"widget\" data-widget_type=\"divider.default\">\n\t\t\t\t<div class=\"elementor-widget-container\">\n\t\t\t\t\t\t\t<div class=\"elementor-divider\">\n\t\t\t<span class=\"elementor-divider-separator\">\n\t\t\t\t\t\t<\/span>\n\t\t<\/div>\n\t\t\t\t\t\t<\/div>\n\t\t\t\t<\/div>\n\t\t\t\t<div class=\"elementor-element elementor-element-0811eb8 elementor-widget elementor-widget-text-editor\" data-id=\"0811eb8\" data-element_type=\"widget\" data-e-type=\"widget\" data-widget_type=\"text-editor.default\">\n\t\t\t\t<div class=\"elementor-widget-container\">\n\t\t\t\t\t\t\t\t\t<p data-start=\"243\" data-end=\"489\">Na <strong data-start=\"246\" data-end=\"256\">Taskis,<\/strong> acess\u00edvel em <strong data-start=\"274\" data-end=\"310\"><a class=\"\" href=\"https:\/\/Taskerium.com\/pt-pt\/\" target=\"_new\" rel=\"noopener\" data-start=\"276\" data-end=\"308\">Taskerium.com<\/a><\/strong>, uma das nossas principais prioridades \u00e9 a privacidade dos nossos visitantes. Esta Pol\u00edtica de Privacidade descreve os tipos de informa\u00e7\u00f5es que s\u00e3o coletadas e registradas pela Taskis e como as utilizamos. <\/p>\n<p data-start=\"491\" data-end=\"608\">Se tiveres mais perguntas ou precisares de mais informa\u00e7\u00f5es sobre a nossa Pol\u00edtica de Privacidade, n\u00e3o hesites em contactar-nos.<\/p>\n<p data-start=\"610\" data-end=\"891\">Esta Pol\u00edtica de Privacidade aplica-se apenas \u00e0s nossas atividades online e \u00e9 v\u00e1lida para os visitantes do nosso website no que diz respeito \u00e0s informa\u00e7\u00f5es que partilharam e\/ou recolheram no Taskis. Esta pol\u00edtica n\u00e3o se aplica a quaisquer informa\u00e7\u00f5es recolhidas offline ou atrav\u00e9s de outros canais que n\u00e3o este website. <\/p>\n<h3 data-start=\"893\" data-end=\"904\">Consentimento<\/h3>\n<p data-start=\"906\" data-end=\"992\">Ao utilizares o nosso s\u00edtio Web, d\u00e1s o teu consentimento \u00e0 nossa Pol\u00edtica de Privacidade e aceitas os seus termos.<\/p>\n<h3 data-start=\"994\" data-end=\"1020\">Informa\u00e7\u00f5es que recolhemos<\/h3>\n<p data-start=\"1022\" data-end=\"1214\">As informa\u00e7\u00f5es pessoais que te s\u00e3o pedidas e as raz\u00f5es pelas quais te s\u00e3o pedidas ser\u00e3o explicadas no momento em que te pedimos para forneceres as tuas informa\u00e7\u00f5es pessoais.<\/p>\n<p data-start=\"1216\" data-end=\"1456\">Se nos contactares diretamente, poderemos receber informa\u00e7\u00f5es adicionais sobre ti, tais como o teu nome, endere\u00e7o de e-mail, n\u00famero de telefone, o conte\u00fado da mensagem e\/ou anexos que nos possas enviar e quaisquer outras informa\u00e7\u00f5es que optes por fornecer.<\/p>\n<p data-start=\"1458\" data-end=\"1622\">Quando te registas numa Conta, podemos pedir as tuas informa\u00e7\u00f5es de contacto, incluindo itens como o nome, o nome da empresa, a morada, o endere\u00e7o de e-mail e o n\u00famero de telefone.<\/p>\n<h3 data-start=\"1624\" data-end=\"1655\">Como utilizamos as tuas informa\u00e7\u00f5es<\/h3>\n<p data-start=\"1657\" data-end=\"1721\">Utilizamos as informa\u00e7\u00f5es que recolhemos de v\u00e1rias formas, incluindo para:<\/p>\n<ul data-start=\"1723\" data-end=\"2204\">\n<li data-start=\"1723\" data-end=\"1769\">\n<p data-start=\"1725\" data-end=\"1769\">Fornecer, operar e manter o nosso s\u00edtio Web<\/p>\n<\/li>\n<li data-start=\"1770\" data-end=\"1818\">\n<p data-start=\"1772\" data-end=\"1818\">Melhorar, personalizar e expandir o nosso s\u00edtio Web<\/p>\n<\/li>\n<li data-start=\"1819\" data-end=\"1869\">\n<p data-start=\"1821\" data-end=\"1869\">Compreender e analisar a forma como utilizas o nosso s\u00edtio Web<\/p>\n<\/li>\n<li data-start=\"1870\" data-end=\"1933\">\n<p data-start=\"1872\" data-end=\"1933\">Desenvolve novos produtos, servi\u00e7os, carater\u00edsticas e funcionalidades<\/p>\n<\/li>\n<li data-start=\"1934\" data-end=\"2157\">\n<p data-start=\"1936\" data-end=\"2157\">Comunicar contigo, diretamente ou atrav\u00e9s de um dos nossos parceiros, incluindo para o servi\u00e7o de apoio ao cliente, para te fornecer actualiza\u00e7\u00f5es e outras informa\u00e7\u00f5es relacionadas com o s\u00edtio Web, e para fins de marketing e promocionais<\/p>\n<\/li>\n<li data-start=\"2158\" data-end=\"2177\">\n<p data-start=\"2160\" data-end=\"2177\">Enviar-te e-mails<\/p>\n<\/li>\n<li data-start=\"2178\" data-end=\"2204\">\n<p data-start=\"2180\" data-end=\"2204\">Descobre e previne a fraude<\/p>\n<\/li>\n<\/ul>\n<h3 data-start=\"2206\" data-end=\"2219\">Ficheiros de registo<\/h3>\n<p data-start=\"2221\" data-end=\"2837\">O Taskis segue um procedimento padr\u00e3o de utiliza\u00e7\u00e3o de arquivos de log. Esses arquivos registram os visitantes quando eles acessam sites. Todas as empresas de hospedagem fazem isso como parte das an\u00e1lises de dados dos servi\u00e7os de hospedagem. As informa\u00e7\u00f5es coletadas pelos arquivos de log incluem endere\u00e7os de protocolo de internet (IP), tipo de navegador, Provedor de Servi\u00e7os de Internet (ISP), data e hora, p\u00e1ginas de refer\u00eancia\/sa\u00edda e, possivelmente, o n\u00famero de cliques. Essas informa\u00e7\u00f5es n\u00e3o est\u00e3o vinculadas a nenhuma informa\u00e7\u00e3o pessoalmente identific\u00e1vel. O objetivo das informa\u00e7\u00f5es \u00e9 analisar tend\u00eancias, administrar o site, rastrear a movimenta\u00e7\u00e3o dos usu\u00e1rios no site e coletar informa\u00e7\u00f5es demogr\u00e1ficas.     <\/p>\n<h3 data-start=\"2839\" data-end=\"2866\">Cookies e Web Beacons<\/h3>\n<p data-start=\"2868\" data-end=\"3210\">Como qualquer outro site, o Taskis utiliza &#8220;cookies&#8221;. Esses cookies s\u00e3o usados \u200b\u200bpara armazenar informa\u00e7\u00f5es, incluindo as prefer\u00eancias dos visitantes e as p\u00e1ginas do site que o visitante acessou ou visitou. As informa\u00e7\u00f5es s\u00e3o usadas para otimizar a experi\u00eancia do usu\u00e1rio, personalizando o conte\u00fado da nossa p\u00e1gina com base no tipo de navegador do visitante e\/ou outras informa\u00e7\u00f5es.  <\/p>\n<h3 data-start=\"3212\" data-end=\"3253\">Parceiros de publicidade Pol\u00edticas de privacidade<\/h3>\n<p data-start=\"3255\" data-end=\"3355\">Voc\u00ea pode consultar esta lista para encontrar a Pol\u00edtica de Privacidade de cada um dos parceiros de publicidade da Taskis.<\/p>\n<p data-start=\"3357\" data-end=\"3800\">Servidores de an\u00fancios ou redes de an\u00fancios de terceiros utilizam tecnologias como cookies, JavaScript ou Web Beacons em seus respectivos an\u00fancios e links exibidos no Taskis, que s\u00e3o enviados diretamente para os navegadores dos usu\u00e1rios. Eles recebem automaticamente o seu endere\u00e7o IP quando isso ocorre. Essas tecnologias s\u00e3o usadas para medir a efic\u00e1cia de suas campanhas publicit\u00e1rias e\/ou para personalizar o conte\u00fado publicit\u00e1rio que voc\u00ea v\u00ea nos sites que visita.  <\/p>\n<p data-start=\"3802\" data-end=\"3907\">Observe que a Taskis n\u00e3o tem acesso nem controle sobre esses cookies usados \u200b\u200bpor anunciantes terceirizados.<\/p>\n<h3 data-start=\"3909\" data-end=\"3941\">Pol\u00edticas de privacidade de terceiros<\/h3>\n<p data-start=\"3943\" data-end=\"4236\">A Pol\u00edtica de Privacidade da Taskis n\u00e3o se aplica a outros anunciantes ou sites. Portanto, recomendamos que voc\u00ea consulte as respectivas Pol\u00edticas de Privacidade desses servidores de an\u00fancios de terceiros para obter informa\u00e7\u00f5es mais detalhadas. Elas podem incluir suas pr\u00e1ticas e instru\u00e7\u00f5es sobre como desativar determinadas op\u00e7\u00f5es.  <\/p>\n<p data-start=\"4238\" data-end=\"4452\">Podes optar por desativar os cookies atrav\u00e9s das op\u00e7\u00f5es individuais do teu browser. Para obteres informa\u00e7\u00f5es mais pormenorizadas sobre a gest\u00e3o de cookies com navegadores Web espec\u00edficos, podes consult\u00e1-las nos respectivos s\u00edtios Web dos navegadores. <\/p>\n<h3 data-start=\"4454\" data-end=\"4515\">Direitos de privacidade da CCPA (N\u00e3o vender as minhas informa\u00e7\u00f5es pessoais)<\/h3>\n<p data-start=\"4517\" data-end=\"4592\">De acordo com a CCPA, entre outros direitos, os consumidores da Calif\u00f3rnia t\u00eam o direito de:<\/p>\n<ul data-start=\"4594\" data-end=\"4979\">\n<li data-start=\"4594\" data-end=\"4770\">\n<p data-start=\"4596\" data-end=\"4770\">Solicita que uma empresa que recolhe dados pessoais de um consumidor divulgue as categorias e os dados pessoais espec\u00edficos que a empresa recolheu sobre os consumidores.<\/p>\n<\/li>\n<li data-start=\"4771\" data-end=\"4873\">\n<p data-start=\"4773\" data-end=\"4873\">Pede a uma empresa que apague quaisquer dados pessoais sobre o consumidor que a empresa tenha recolhido.<\/p>\n<\/li>\n<li data-start=\"4874\" data-end=\"4979\">\n<p data-start=\"4876\" data-end=\"4979\">Solicita que uma empresa que venda os dados pessoais de um consumidor n\u00e3o venda os dados pessoais do consumidor.<\/p>\n<\/li>\n<\/ul>\n<p data-start=\"4981\" data-end=\"5110\">Se fizeres um pedido, temos um m\u00eas para te responder. Se pretenderes exercer algum destes direitos, contacta-nos. <\/p>\n<h3 data-start=\"5112\" data-end=\"5143\">Direitos de prote\u00e7\u00e3o de dados do RGPD<\/h3>\n<p data-start=\"5145\" data-end=\"5271\">Gostar\u00edamos de garantir que est\u00e1s plenamente consciente de todos os teus direitos em mat\u00e9ria de prote\u00e7\u00e3o de dados. Cada utilizador tem direito ao seguinte: <\/p>\n<ul data-start=\"5273\" data-end=\"6212\">\n<li data-start=\"5273\" data-end=\"5406\">\n<p data-start=\"5275\" data-end=\"5406\">O direito de acesso &#8211; Tens o direito de pedir c\u00f3pias dos teus dados pessoais. Poderemos cobrar-te uma pequena taxa por este servi\u00e7o. <\/p>\n<\/li>\n<li data-start=\"5407\" data-end=\"5623\">\n<p data-start=\"5409\" data-end=\"5623\">O direito \u00e0 retifica\u00e7\u00e3o &#8211; Tens o direito de solicitar a corre\u00e7\u00e3o de qualquer informa\u00e7\u00e3o que consideres incorrecta. Tamb\u00e9m tens o direito de pedir que completemos as informa\u00e7\u00f5es que consideres incompletas. <\/p>\n<\/li>\n<li data-start=\"5624\" data-end=\"5740\">\n<p data-start=\"5626\" data-end=\"5740\">O direito ao apagamento &#8211; Tens o direito de pedir que apaguemos os teus dados pessoais, sob certas condi\u00e7\u00f5es.<\/p>\n<\/li>\n<li data-start=\"5741\" data-end=\"5890\">\n<p data-start=\"5743\" data-end=\"5890\">O direito de restringir o processamento &#8211; Tens o direito de pedir que restrinjamos o processamento dos teus dados pessoais, sob certas condi\u00e7\u00f5es.<\/p>\n<\/li>\n<li data-start=\"5891\" data-end=\"6026\">\n<p data-start=\"5893\" data-end=\"6026\">O direito de se opor ao processamento &#8211; Tens o direito de te opores ao processamento dos teus dados pessoais, sob certas condi\u00e7\u00f5es.<\/p>\n<\/li>\n<li data-start=\"6027\" data-end=\"6212\">\n<p data-start=\"6029\" data-end=\"6212\">O direito \u00e0 portabilidade dos dados &#8211; Tens o direito de solicitar a transfer\u00eancia dos dados que recolhemos para outra organiza\u00e7\u00e3o, ou diretamente para ti, sob determinadas condi\u00e7\u00f5es.<\/p>\n<\/li>\n<\/ul>\n<p data-start=\"6214\" data-end=\"6343\">Se fizeres um pedido, temos um m\u00eas para te responder. Se pretenderes exercer algum destes direitos, contacta-nos. <\/p>\n<h3 data-start=\"6345\" data-end=\"6371\">Informa\u00e7\u00e3o para crian\u00e7as<\/h3>\n<p data-start=\"6373\" data-end=\"6572\">Outra parte da nossa prioridade \u00e9 acrescentar prote\u00e7\u00e3o para as crian\u00e7as enquanto utilizam a Internet. Incentivamos os pais e tutores a observar, participar e\/ou monitorizar e orientar a sua atividade em linha. <\/p>\n<p data-start=\"6574\" data-end=\"6897\">A Taskis n\u00e3o coleta intencionalmente nenhuma Informa\u00e7\u00e3o Pessoal Identific\u00e1vel de crian\u00e7as menores de 13 anos. Se voc\u00ea acredita que seu filho forneceu esse tipo de informa\u00e7\u00e3o em nosso site, recomendamos fortemente que entre em contato conosco imediatamente e faremos o poss\u00edvel para remover prontamente essas informa\u00e7\u00f5es de nossos registros. <\/p>\n\t\t\t\t\t\t\t\t<\/div>\n\t\t\t\t<\/div>\n\t\t\t\t\t<\/div>\n\t\t<\/div>\n\t\t\t\t\t<\/div>\n\t\t<\/section>\n\t\t\t\t<\/div>\n\t\t","protected":false},"excerpt":{"rendered":"<p>Pol\u00edtica de privacidade da Taskis Na Taskis, acess\u00edvel em Taskerium.com, uma das nossas principais prioridades \u00e9 a privacidade dos nossos visitantes. Esta Pol\u00edtica de Privacidade descreve os tipos de informa\u00e7\u00f5es que s\u00e3o coletadas e registradas pela Taskis e como as utilizamos. Se tiveres mais perguntas ou precisares de mais informa\u00e7\u00f5es sobre a nossa Pol\u00edtica de [&hellip;]<\/p>\n","protected":false},"author":3,"featured_media":0,"parent":0,"menu_order":0,"comment_status":"closed","ping_status":"closed","template":"","meta":{"site-sidebar-layout":"no-sidebar","site-content-layout":"default","ast-site-content-layout":"default","site-content-style":"default","site-sidebar-style":"default","ast-global-header-display":"","ast-banner-title-visibility":"","ast-main-header-display":"","ast-hfb-above-header-display":"","ast-hfb-below-header-display":"","ast-hfb-mobile-header-display":"","site-post-title":"disabled","ast-breadcrumbs-content":"","ast-featured-img":"","footer-sml-layout":"","ast-disable-related-posts":"","theme-transparent-header-meta":"default","adv-header-id-meta":"","stick-header-meta":"","header-above-stick-meta":"","header-main-stick-meta":"","header-below-stick-meta":"","astra-migrate-meta-layouts":"default","ast-page-background-enabled":"default","ast-page-background-meta":{"desktop":{"background-color":"","background-image":"","background-repeat":"repeat","background-position":"center center","background-size":"auto","background-attachment":"scroll","background-type":"","background-media":"","overlay-type":"","overlay-color":"","overlay-opacity":"","overlay-gradient":""},"tablet":{"background-color":"","background-image":"","background-repeat":"repeat","background-position":"center center","background-size":"auto","background-attachment":"scroll","background-type":"","background-media":"","overlay-type":"","overlay-color":"","overlay-opacity":"","overlay-gradient":""},"mobile":{"background-color":"","background-image":"","background-repeat":"repeat","background-position":"center center","background-size":"auto","background-attachment":"scroll","background-type":"","background-media":"","overlay-type":"","overlay-color":"","overlay-opacity":"","overlay-gradient":""}},"ast-content-background-meta":{"desktop":{"background-color":"var(--ast-global-color-5)","background-image":"","background-repeat":"repeat","background-position":"center center","background-size":"auto","background-attachment":"scroll","background-type":"","background-media":"","overlay-type":"","overlay-color":"","overlay-opacity":"","overlay-gradient":""},"tablet":{"background-color":"var(--ast-global-color-5)","background-image":"","background-repeat":"repeat","background-position":"center center","background-size":"auto","background-attachment":"scroll","background-type":"","background-media":"","overlay-type":"","overlay-color":"","overlay-opacity":"","overlay-gradient":""},"mobile":{"background-color":"var(--ast-global-color-5)","background-image":"","background-repeat":"repeat","background-position":"center center","background-size":"auto","background-attachment":"scroll","background-type":"","background-media":"","overlay-type":"","overlay-color":"","overlay-opacity":"","overlay-gradient":""}},"footnotes":""},"class_list":["post-2077","page","type-page","status-publish","hentry"],"aioseo_notices":[],"_links":{"self":[{"href":"https:\/\/taskerium.com\/pt-pt\/wp-json\/wp\/v2\/pages\/2077","targetHints":{"allow":["GET"]}}],"collection":[{"href":"https:\/\/taskerium.com\/pt-pt\/wp-json\/wp\/v2\/pages"}],"about":[{"href":"https:\/\/taskerium.com\/pt-pt\/wp-json\/wp\/v2\/types\/page"}],"author":[{"embeddable":true,"href":"https:\/\/taskerium.com\/pt-pt\/wp-json\/wp\/v2\/users\/3"}],"replies":[{"embeddable":true,"href":"https:\/\/taskerium.com\/pt-pt\/wp-json\/wp\/v2\/comments?post=2077"}],"version-history":[{"count":2,"href":"https:\/\/taskerium.com\/pt-pt\/wp-json\/wp\/v2\/pages\/2077\/revisions"}],"predecessor-version":[{"id":3802,"href":"https:\/\/taskerium.com\/pt-pt\/wp-json\/wp\/v2\/pages\/2077\/revisions\/3802"}],"wp:attachment":[{"href":"https:\/\/taskerium.com\/pt-pt\/wp-json\/wp\/v2\/media?parent=2077"}],"curies":[{"name":"wp","href":"https:\/\/api.w.org\/{rel}","templated":true}]}}