{"id":1950,"date":"2025-01-27T13:15:36","date_gmt":"2025-01-27T11:15:36","guid":{"rendered":"https:\/\/taskerium.com\/termos-e-condicoes\/"},"modified":"2025-06-30T23:27:56","modified_gmt":"2025-06-30T20:27:56","slug":"termos-e-condicoes","status":"publish","type":"page","link":"https:\/\/taskerium.com\/pt-pt\/termos-e-condicoes\/","title":{"rendered":"Termos e condi\u00e7\u00f5es"},"content":{"rendered":"\t\t<div data-elementor-type=\"wp-page\" data-elementor-id=\"1950\" class=\"elementor elementor-1950 elementor-1590\" data-elementor-post-type=\"page\">\n\t\t\t\t\t\t<section class=\"has_eae_slider elementor-section elementor-top-section elementor-element elementor-element-5fb04f7 elementor-section-boxed elementor-section-height-default elementor-section-height-default\" data-eae-slider=\"54993\" data-id=\"5fb04f7\" data-element_type=\"section\" data-e-type=\"section\" data-settings=\"{&quot;jet_parallax_layout_list&quot;:[{&quot;jet_parallax_layout_image&quot;:{&quot;url&quot;:&quot;&quot;,&quot;id&quot;:&quot;&quot;,&quot;size&quot;:&quot;&quot;},&quot;_id&quot;:&quot;2fbfc22&quot;,&quot;jet_parallax_layout_image_tablet&quot;:{&quot;url&quot;:&quot;&quot;,&quot;id&quot;:&quot;&quot;,&quot;size&quot;:&quot;&quot;},&quot;jet_parallax_layout_image_mobile&quot;:{&quot;url&quot;:&quot;&quot;,&quot;id&quot;:&quot;&quot;,&quot;size&quot;:&quot;&quot;},&quot;jet_parallax_layout_speed&quot;:{&quot;unit&quot;:&quot;%&quot;,&quot;size&quot;:50,&quot;sizes&quot;:[]},&quot;jet_parallax_layout_type&quot;:&quot;scroll&quot;,&quot;jet_parallax_layout_direction&quot;:null,&quot;jet_parallax_layout_fx_direction&quot;:null,&quot;jet_parallax_layout_z_index&quot;:&quot;&quot;,&quot;jet_parallax_layout_bg_x&quot;:50,&quot;jet_parallax_layout_bg_x_tablet&quot;:&quot;&quot;,&quot;jet_parallax_layout_bg_x_mobile&quot;:&quot;&quot;,&quot;jet_parallax_layout_bg_y&quot;:50,&quot;jet_parallax_layout_bg_y_tablet&quot;:&quot;&quot;,&quot;jet_parallax_layout_bg_y_mobile&quot;:&quot;&quot;,&quot;jet_parallax_layout_bg_size&quot;:&quot;auto&quot;,&quot;jet_parallax_layout_bg_size_tablet&quot;:&quot;&quot;,&quot;jet_parallax_layout_bg_size_mobile&quot;:&quot;&quot;,&quot;jet_parallax_layout_animation_prop&quot;:&quot;transform&quot;,&quot;jet_parallax_layout_on&quot;:[&quot;desktop&quot;,&quot;tablet&quot;]}],&quot;background_background&quot;:&quot;classic&quot;}\">\n\t\t\t\t\t\t<div class=\"elementor-container elementor-column-gap-default\">\n\t\t\t\t\t<div class=\"has_eae_slider elementor-column elementor-col-100 elementor-top-column elementor-element elementor-element-126f067\" data-eae-slider=\"21776\" data-id=\"126f067\" data-element_type=\"column\" data-e-type=\"column\" data-settings=\"{&quot;background_background&quot;:&quot;classic&quot;}\">\n\t\t\t<div class=\"elementor-widget-wrap elementor-element-populated\">\n\t\t\t\t\t\t<div class=\"elementor-element elementor-element-849fafc elementor-widget elementor-widget-text-editor\" data-id=\"849fafc\" data-element_type=\"widget\" data-e-type=\"widget\" data-widget_type=\"text-editor.default\">\n\t\t\t\t<div class=\"elementor-widget-container\">\n\t\t\t\t\t\t\t\t\t<h1><span style=\"color: #000000;\">Termos e Condi\u00e7\u00f5es da<\/span> <span style=\"color: #009581;\">Taskis<\/span><\/h1>\n\t\t\t\t\t\t\t\t<\/div>\n\t\t\t\t<\/div>\n\t\t\t\t<div class=\"elementor-element elementor-element-a4db7a2 elementor-widget-divider--view-line elementor-widget elementor-widget-divider\" data-id=\"a4db7a2\" data-element_type=\"widget\" data-e-type=\"widget\" data-widget_type=\"divider.default\">\n\t\t\t\t<div class=\"elementor-widget-container\">\n\t\t\t\t\t\t\t<div class=\"elementor-divider\">\n\t\t\t<span class=\"elementor-divider-separator\">\n\t\t\t\t\t\t<\/span>\n\t\t<\/div>\n\t\t\t\t\t\t<\/div>\n\t\t\t\t<\/div>\n\t\t\t\t<div class=\"elementor-element elementor-element-0d90f70 elementor-widget elementor-widget-text-editor\" data-id=\"0d90f70\" data-element_type=\"widget\" data-e-type=\"widget\" data-widget_type=\"text-editor.default\">\n\t\t\t\t<div class=\"elementor-widget-container\">\n\t\t\t\t\t\t\t\t\t<p data-start=\"187\" data-end=\"209\">Estes termos e condi\u00e7\u00f5es descrevem as regras e regulamentos para o uso do site da Taskis, localizado em <a class=\"\" href=\"https:\/\/taskerium.com\/pt-pt\/\" target=\"_new\" rel=\"noopener\" data-start=\"316\" data-end=\"352\"><strong data-start=\"317\" data-end=\"331\">Taskerium.com<\/strong><\/a>.<\/p>\n<p data-start=\"355\" data-end=\"540\">Ao acessar este site, presumimos que voc\u00ea aceita estes termos e condi\u00e7\u00f5es. N\u00e3o continue a utilizar o Taskis se n\u00e3o concordar com todos os termos e condi\u00e7\u00f5es estabelecidos nesta p\u00e1gina. <\/p>\n<p data-start=\"542\" data-end=\"1463\">A terminologia a seguir se aplica a estes Termos e Condi\u00e7\u00f5es, \u00e0 Declara\u00e7\u00e3o de Privacidade e ao Aviso de Isen\u00e7\u00e3o de Responsabilidade, bem como a todos os Contratos: &#8220;Cliente&#8221;, &#8220;Voc\u00ea&#8221; e &#8220;Seu&#8221; referem-se a voc\u00ea, a pessoa que acessa este site e est\u00e1 em conformidade com os termos e condi\u00e7\u00f5es da Empresa. &#8220;A Empresa&#8221;, &#8220;N\u00f3s&#8221;, &#8220;N\u00f3s&#8221;, &#8220;Nosso&#8221; e &#8220;Nos&#8221; referem-se \u00e0 nossa Empresa. &#8220;Parte&#8221;, &#8220;Partes&#8221; ou &#8220;N\u00f3s&#8221; referem-se tanto ao Cliente quanto a n\u00f3s. Todos os termos referem-se \u00e0 oferta, aceita\u00e7\u00e3o e considera\u00e7\u00e3o do pagamento necess\u00e1rio para realizar o processo de nossa assist\u00eancia ao Cliente da maneira mais adequada para o prop\u00f3sito expresso de atender \u00e0s necessidades do Cliente em rela\u00e7\u00e3o \u00e0 presta\u00e7\u00e3o dos servi\u00e7os declarados da Empresa, de acordo com e sujeito \u00e0 legisla\u00e7\u00e3o vigente da Holanda. Qualquer uso da terminologia acima ou de outras palavras no singular, plural, em letras mai\u00fasculas e\/ou &#8220;ele\/ela&#8221; ou &#8220;eles&#8221; s\u00e3o considerados intercambi\u00e1veis \u200b\u200be, portanto, como referentes aos mesmos.    <\/p>\n<h3 data-start=\"1470\" data-end=\"1481\">Cookies<\/h3>\n<p data-start=\"1483\" data-end=\"1602\">Utilizamos cookies. Ao acessar o Taskis, voc\u00ea concorda com o uso de cookies, de acordo com a Pol\u00edtica de Privacidade do Taskis. <\/p>\n<p data-start=\"1604\" data-end=\"1888\">A maioria dos s\u00edtios Web interactivos utiliza cookies para nos permitir recuperar os dados do utilizador em cada visita. Os cookies s\u00e3o utilizados pelo nosso s\u00edtio Web para permitir a funcionalidade de determinadas \u00e1reas e facilitar a visita das pessoas ao nosso s\u00edtio Web. Alguns dos nossos parceiros afiliados\/publicit\u00e1rios tamb\u00e9m podem utilizar cookies.  <\/p>\n<h3 data-start=\"1895\" data-end=\"1906\">Licen\u00e7a<\/h3>\n<p data-start=\"1908\" data-end=\"2189\">Salvo indica\u00e7\u00e3o em contr\u00e1rio, a Taskis e\/ou seus licenciadores det\u00eam os direitos de propriedade intelectual de todo o material na Taskis. Todos os direitos de propriedade intelectual s\u00e3o reservados. Voc\u00ea pode acess\u00e1-los na Taskis para seu uso pessoal, sujeito \u00e0s restri\u00e7\u00f5es estabelecidas nestes termos e condi\u00e7\u00f5es.  <\/p>\n<p data-start=\"2191\" data-end=\"2208\"><strong data-start=\"2191\" data-end=\"2208\">N\u00e3o deves:<\/strong><\/p>\n<ul data-start=\"2210\" data-end=\"2386\">\n<li data-start=\"2210\" data-end=\"2244\">\n<p data-start=\"2212\" data-end=\"2244\">Republicar material do Taskis<\/p>\n<\/li>\n<li data-start=\"2245\" data-end=\"2295\">\n<p data-start=\"2247\" data-end=\"2295\">Vender, alugar ou sublicenciar material da Taskis<\/p>\n<\/li>\n<li data-start=\"2296\" data-end=\"2349\">\n<p data-start=\"2298\" data-end=\"2349\">Reproduzir, duplicar ou copiar material do Taskis<\/p>\n<\/li>\n<li data-start=\"2350\" data-end=\"2386\">\n<p data-start=\"2352\" data-end=\"2386\">Redistribuir conte\u00fado do Taskis<\/p>\n<\/li>\n<\/ul>\n<p data-start=\"2388\" data-end=\"2434\">O presente acordo tem in\u00edcio na data do mesmo.<\/p>\n<p data-start=\"2436\" data-end=\"3070\">Partes deste site oferecem aos usu\u00e1rios a oportunidade de publicar e trocar opini\u00f5es e informa\u00e7\u00f5es em determinadas \u00e1reas do site. A Taskis n\u00e3o filtra, edita, publica ou analisa Coment\u00e1rios antes de sua publica\u00e7\u00e3o no site. Os coment\u00e1rios n\u00e3o refletem as vis\u00f5es e opini\u00f5es da Taskis, seus agentes e\/ou afiliados. Os coment\u00e1rios refletem as vis\u00f5es e opini\u00f5es da pessoa que os publica. Na medida permitida pelas leis aplic\u00e1veis, a Taskis n\u00e3o ser\u00e1 respons\u00e1vel pelos Coment\u00e1rios ou por qualquer responsabilidade, danos ou despesas causados \u200b\u200be\/ou sofridos como resultado de qualquer uso e\/ou publica\u00e7\u00e3o e\/ou aparecimento dos Coment\u00e1rios neste site.    <\/p>\n<p data-start=\"3072\" data-end=\"3247\">A Taskis reserva-se o direito de monitorar todos os Coment\u00e1rios e remover quaisquer Coment\u00e1rios que possam ser considerados inapropriados, ofensivos ou que causem uma viola\u00e7\u00e3o destes Termos e Condi\u00e7\u00f5es.<\/p>\n<p data-start=\"3249\" data-end=\"3284\"><strong data-start=\"3249\" data-end=\"3284\">Garantes e declaras que:<\/strong><\/p>\n<ul data-start=\"3286\" data-end=\"3813\">\n<li data-start=\"3286\" data-end=\"3397\">\n<p data-start=\"3288\" data-end=\"3397\">Tens o direito de publicar os Coment\u00e1rios no nosso s\u00edtio Web e tens todas as licen\u00e7as e consentimentos necess\u00e1rios para o fazer;<\/p>\n<\/li>\n<li data-start=\"3398\" data-end=\"3541\">\n<p data-start=\"3400\" data-end=\"3541\">Os Coment\u00e1rios n\u00e3o violam qualquer direito de propriedade intelectual, incluindo, sem limita\u00e7\u00e3o, direitos de autor, patentes ou marcas comerciais de terceiros;<\/p>\n<\/li>\n<li data-start=\"3542\" data-end=\"3683\">\n<p data-start=\"3544\" data-end=\"3683\">Os Coment\u00e1rios n\u00e3o cont\u00eam nenhum material difamat\u00f3rio, calunioso, ofensivo, indecente ou de qualquer outra forma ilegal que seja uma invas\u00e3o de privacidade;<\/p>\n<\/li>\n<li data-start=\"3684\" data-end=\"3813\">\n<p data-start=\"3686\" data-end=\"3813\">Os Coment\u00e1rios n\u00e3o ser\u00e3o utilizados para solicitar ou promover neg\u00f3cios ou costumes ou apresentar actividades comerciais ou actividades ilegais.<\/p>\n<\/li>\n<\/ul>\n<p data-start=\"3815\" data-end=\"3996\">Voc\u00ea concede \u00e0 Taskis uma licen\u00e7a n\u00e3o exclusiva para usar, reproduzir, editar e autorizar terceiros a usar, reproduzir e editar quaisquer dos seus Coment\u00e1rios em todas as formas, formatos ou m\u00eddias.<\/p>\n<h3 data-start=\"4003\" data-end=\"4034\">Hiperliga\u00e7\u00e3o ao nosso conte\u00fado<\/h3>\n<p data-start=\"4036\" data-end=\"4119\">As seguintes organiza\u00e7\u00f5es podem estabelecer liga\u00e7\u00f5es ao nosso s\u00edtio Web sem autoriza\u00e7\u00e3o pr\u00e9via por escrito:<\/p>\n<ul data-start=\"4121\" data-end=\"4499\">\n<li data-start=\"4121\" data-end=\"4144\">\n<p data-start=\"4123\" data-end=\"4144\">Ag\u00eancias governamentais<\/p>\n<\/li>\n<li data-start=\"4145\" data-end=\"4163\">\n<p data-start=\"4147\" data-end=\"4163\">Mecanismos de busca<\/p>\n<\/li>\n<li data-start=\"4164\" data-end=\"4186\">\n<p data-start=\"4166\" data-end=\"4186\">Organiza\u00e7\u00f5es de not\u00edcias<\/p>\n<\/li>\n<li data-start=\"4187\" data-end=\"4324\">\n<p data-start=\"4189\" data-end=\"4324\">Os distribuidores de diret\u00f3rios on-line podem criar links para o nosso site da mesma maneira que criam hiperlinks para os sites de outras empresas listadas<\/p>\n<\/li>\n<li data-start=\"4325\" data-end=\"4499\">\n<p data-start=\"4327\" data-end=\"4499\">Empresas credenciadas em todo o sistema, exceto organiza\u00e7\u00f5es sem fins lucrativos, shopping centers de caridade e grupos de arrecada\u00e7\u00e3o de fundos de caridade que n\u00e3o podem criar hiperlinks para nosso site<\/p>\n<\/li>\n<\/ul>\n<p data-start=\"4501\" data-end=\"4835\">Essas organiza\u00e7\u00f5es podem ter links para nossa p\u00e1gina inicial, para publica\u00e7\u00f5es ou para outras informa\u00e7\u00f5es do site, desde que o link:<br data-start=\"4616\" data-end=\"4619\">(a) n\u00e3o seja de forma alguma enganosa;<br data-start=\"4651\" data-end=\"4654\">(b) n\u00e3o implique falsamente patroc\u00ednio, endosso ou aprova\u00e7\u00e3o da parte vinculante e seus produtos e\/ou servi\u00e7os; e<br data-start=\"4776\" data-end=\"4779\">(c) se enquadra no contexto do site da parte que faz o link.<\/p>\n<p data-start=\"4837\" data-end=\"4927\">Podemos considerar e aprovar outros pedidos de liga\u00e7\u00e3o dos seguintes tipos de organiza\u00e7\u00f5es:<\/p>\n<ul data-start=\"4929\" data-end=\"5225\">\n<li data-start=\"4929\" data-end=\"4992\">\n<p data-start=\"4931\" data-end=\"4992\">Fontes de informa\u00e7\u00e3o de consumidores e\/ou empresas comumente conhecidas<\/p>\n<\/li>\n<li data-start=\"4993\" data-end=\"5020\">\n<p data-start=\"4995\" data-end=\"5020\">Sites comunit\u00e1rios dot.com<\/p>\n<\/li>\n<li data-start=\"5021\" data-end=\"5076\">\n<p data-start=\"5023\" data-end=\"5076\">Associa\u00e7\u00f5es ou outros grupos que representam institui\u00e7\u00f5es de caridade<\/p>\n<\/li>\n<li data-start=\"5077\" data-end=\"5110\">\n<p data-start=\"5079\" data-end=\"5110\">Distribuidores de diret\u00f3rio online<\/p>\n<\/li>\n<li data-start=\"5111\" data-end=\"5131\">\n<p data-start=\"5113\" data-end=\"5131\">Portais de Internet<\/p>\n<\/li>\n<li data-start=\"5132\" data-end=\"5173\">\n<p data-start=\"5134\" data-end=\"5173\">Escrit\u00f3rios de contabilidade, advocacia e consultoria<\/p>\n<\/li>\n<li data-start=\"5174\" data-end=\"5225\">\n<p data-start=\"5176\" data-end=\"5225\">Institui\u00e7\u00f5es educacionais e associa\u00e7\u00f5es comerciais<\/p>\n<\/li>\n<\/ul>\n<p data-start=\"5227\" data-end=\"5629\">Aprovaremos solicita\u00e7\u00f5es de links dessas organiza\u00e7\u00f5es se decidirmos que:<br data-start=\"5300\" data-end=\"5303\">(a) o link n\u00e3o nos faria parecer desfavor\u00e1veis \u200b\u200bpara n\u00f3s mesmos ou para nossos neg\u00f3cios credenciados;<br data-start=\"5396\" data-end=\"5399\">(b) a organiza\u00e7\u00e3o n\u00e3o possui nenhum registro negativo conosco;<br data-start=\"5463\" data-end=\"5466\">(c) o benef\u00edcio para n\u00f3s da visibilidade do hiperlink compensa a aus\u00eancia do Taskis; e<br data-start=\"5563\" data-end=\"5566\">(d) o link est\u00e1 no contexto de informa\u00e7\u00f5es gerais de recursos.<\/p>\n<p data-start=\"5631\" data-end=\"5912\">Essas organiza\u00e7\u00f5es podem ter links para nossa p\u00e1gina inicial, desde que o link:<br data-start=\"5697\" data-end=\"5700\">(a) n\u00e3o seja de forma alguma enganosa;<br data-start=\"5732\" data-end=\"5735\">(b) n\u00e3o implique falsamente patroc\u00ednio, endosso ou aprova\u00e7\u00e3o da parte vinculante e seus produtos ou servi\u00e7os; e<br data-start=\"5853\" data-end=\"5856\">(c) se enquadra no contexto do site da parte que faz o link.<\/p>\n<p data-start=\"5914\" data-end=\"6326\">Se voc\u00ea \u00e9 uma das organiza\u00e7\u00f5es listadas acima e tem interesse em criar um link para o nosso site, informe-nos enviando um e-mail para a Taskis. Inclua seu nome, o nome da sua organiza\u00e7\u00e3o, informa\u00e7\u00f5es de contato, bem como o URL do seu site, uma lista de todos os URLs dos quais voc\u00ea pretende criar um link para o nosso site e uma lista dos URLs do nosso site para os quais voc\u00ea gostaria de criar um link. Aguarde de 2 a 3 semanas por uma resposta.  <\/p>\n<p data-start=\"6328\" data-end=\"6391\">As organiza\u00e7\u00f5es aprovadas podem criar hiperliga\u00e7\u00f5es para o nosso s\u00edtio Web da seguinte forma:<\/p>\n<ul data-start=\"6393\" data-end=\"6645\">\n<li data-start=\"6393\" data-end=\"6429\">\n<p data-start=\"6395\" data-end=\"6429\">Atrav\u00e9s da utiliza\u00e7\u00e3o da nossa denomina\u00e7\u00e3o social; ou<\/p>\n<\/li>\n<li data-start=\"6430\" data-end=\"6492\">\n<p data-start=\"6432\" data-end=\"6492\">Atrav\u00e9s da utiliza\u00e7\u00e3o do localizador uniforme de recursos que est\u00e1 a ser ligado; ou<\/p>\n<\/li>\n<li data-start=\"6493\" data-end=\"6645\">\n<p data-start=\"6495\" data-end=\"6645\">Pelo uso de qualquer outra descri\u00e7\u00e3o do nosso site que esteja vinculada e que fa\u00e7a sentido dentro do contexto e formato do conte\u00fado no site da parte vinculante<\/p>\n<\/li>\n<\/ul>\n<p data-start=\"6647\" data-end=\"6757\"><strong data-start=\"6647\" data-end=\"6757\">N\u00e3o ser\u00e1 permitido o uso do logotipo ou de outras artes da Taskis para cria\u00e7\u00e3o de links sem um contrato de licen\u00e7a de marca registrada.<\/strong><\/p>\n<h3 data-start=\"6764\" data-end=\"6775\">iFrames<\/h3>\n<p data-start=\"6777\" data-end=\"6945\">Sem aprova\u00e7\u00e3o pr\u00e9via e autoriza\u00e7\u00e3o por escrito, n\u00e3o podes criar molduras \u00e0 volta das nossas p\u00e1ginas Web que alterem de alguma forma a apresenta\u00e7\u00e3o visual ou o aspeto do nosso Website.<\/p>\n<h3 data-start=\"6952\" data-end=\"6973\">Responsabilidade pelo conte\u00fado<\/h3>\n<p data-start=\"6975\" data-end=\"7356\">N\u00e3o seremos responsabilizados por qualquer conte\u00fado que apare\u00e7a em seu Site. Voc\u00ea concorda em nos proteger e defender contra todas as reivindica\u00e7\u00f5es que possam surgir em seu Site. Nenhum link dever\u00e1 aparecer em qualquer Site que possa ser interpretado como difamat\u00f3rio, obsceno ou criminoso, ou que infrinja, viole de outra forma ou promova a infra\u00e7\u00e3o ou outra viola\u00e7\u00e3o de quaisquer direitos de terceiros.  <\/p>\n<h3 data-start=\"7363\" data-end=\"7379\">A tua privacidade<\/h3>\n<p data-start=\"7381\" data-end=\"7437\">L\u00ea a <a class=\"cursor-pointer\" href=\"https:\/\/taskerium.com\/pt-pt\/politica-de-privacidade\/\" target=\"_new\" rel=\"noopener\" data-start=\"7393\" data-end=\"7437\">Pol\u00edtica de Privacidade<\/a><\/p>\n<h3 data-start=\"7444\" data-end=\"7469\">Reserva de direitos<\/h3>\n<p data-start=\"7471\" data-end=\"7850\">Reservamo-nos o direito de solicitar a remo\u00e7\u00e3o de todos os links ou de qualquer link espec\u00edfico para o nosso Site. Voc\u00ea concorda em remover imediatamente todos os links para o nosso Site mediante solicita\u00e7\u00e3o. Tamb\u00e9m nos reservamos o direito de alterar estes termos e condi\u00e7\u00f5es e a pol\u00edtica de links a qualquer momento. Ao criar links continuamente para o nosso Site, voc\u00ea concorda em se comprometer e seguir estes termos e condi\u00e7\u00f5es de links.   <\/p>\n<h3 data-start=\"7857\" data-end=\"7894\">Remo\u00e7\u00e3o de liga\u00e7\u00f5es do nosso s\u00edtio Web<\/h3>\n<p data-start=\"7896\" data-end=\"8125\">Se voc\u00ea encontrar algum link em nosso Site que seja ofensivo por qualquer motivo, sinta-se \u00e0 vontade para entrar em contato conosco e nos informar a qualquer momento. Consideraremos solicita\u00e7\u00f5es de remo\u00e7\u00e3o de links, mas n\u00e3o somos obrigados a faz\u00ea-lo nem a responder diretamente a voc\u00ea. <\/p>\n<p data-start=\"8127\" data-end=\"8359\">N\u00e3o garantimos que as informa\u00e7\u00f5es neste site estejam corretas; n\u00e3o garantimos sua integridade ou precis\u00e3o; nem prometemos garantir que o site permane\u00e7a dispon\u00edvel ou que o material no site seja mantido atualizado.<\/p>\n<h3 data-start=\"8366\" data-end=\"8380\">Isen\u00e7\u00e3o de responsabilidade<\/h3>\n<p data-start=\"8382\" data-end=\"8577\">Na extens\u00e3o m\u00e1xima permitida pela lei aplic\u00e1vel, exclu\u00edmos todas as representa\u00e7\u00f5es, garantias e condi\u00e7\u00f5es relacionadas ao nosso site e ao uso deste site. Nada nesta isen\u00e7\u00e3o de responsabilidade ir\u00e1: <\/p>\n<ul data-start=\"8579\" data-end=\"8926\">\n<li data-start=\"8579\" data-end=\"8651\">\n<p data-start=\"8581\" data-end=\"8651\">limitar ou excluir a nossa ou a tua responsabilidade por morte ou danos pessoais;<\/p>\n<\/li>\n<li data-start=\"8652\" data-end=\"8737\">\n<p data-start=\"8654\" data-end=\"8737\">limitar ou excluir a nossa ou a tua responsabilidade por fraude ou falsas declara\u00e7\u00f5es fraudulentas;<\/p>\n<\/li>\n<li data-start=\"8738\" data-end=\"8836\">\n<p data-start=\"8740\" data-end=\"8836\">limitar qualquer uma das nossas ou das tuas responsabilidades de qualquer forma que n\u00e3o seja permitida pela lei aplic\u00e1vel; ou<\/p>\n<\/li>\n<li data-start=\"8837\" data-end=\"8926\">\n<p data-start=\"8839\" data-end=\"8926\">excluir qualquer responsabilidade nossa ou tua que n\u00e3o possa ser exclu\u00edda ao abrigo da legisla\u00e7\u00e3o aplic\u00e1vel.<\/p>\n<\/li>\n<\/ul>\n<p data-start=\"8928\" data-end=\"9222\">As limita\u00e7\u00f5es e proibi\u00e7\u00f5es de responsabilidade estabelecidas nesta Se\u00e7\u00e3o e em outras partes deste aviso legal:<br data-start=\"9027\" data-end=\"9030\">(a) est\u00e3o sujeitas ao par\u00e1grafo anterior; e<br data-start=\"9077\" data-end=\"9080\">(b) regular todas as responsabilidades decorrentes da isen\u00e7\u00e3o de responsabilidade, incluindo responsabilidades decorrentes de contrato, ato il\u00edcito e viola\u00e7\u00e3o de dever legal.<\/p>\n<p data-start=\"9224\" data-end=\"9387\">Enquanto o s\u00edtio Web e as informa\u00e7\u00f5es e servi\u00e7os nele contidos forem fornecidos gratuitamente, <strong data-start=\"9324\" data-end=\"9386\">n\u00e3o seremos respons\u00e1veis por quaisquer perdas ou danos de qualquer natureza.<\/strong><\/p>\n\t\t\t\t\t\t\t\t<\/div>\n\t\t\t\t<\/div>\n\t\t\t\t\t<\/div>\n\t\t<\/div>\n\t\t\t\t\t<\/div>\n\t\t<\/section>\n\t\t\t\t<\/div>\n\t\t","protected":false},"excerpt":{"rendered":"<p>Termos e Condi\u00e7\u00f5es da Taskis Estes termos e condi\u00e7\u00f5es descrevem as regras e regulamentos para o uso do site da Taskis, localizado em Taskerium.com. Ao acessar este site, presumimos que voc\u00ea aceita estes termos e condi\u00e7\u00f5es. N\u00e3o continue a utilizar o Taskis se n\u00e3o concordar com todos os termos e condi\u00e7\u00f5es estabelecidos nesta p\u00e1gina. A [&hellip;]<\/p>\n","protected":false},"author":3,"featured_media":0,"parent":0,"menu_order":0,"comment_status":"closed","ping_status":"closed","template":"","meta":{"site-sidebar-layout":"no-sidebar","site-content-layout":"page-builder","ast-site-content-layout":"default","site-content-style":"default","site-sidebar-style":"unboxed","ast-global-header-display":"","ast-banner-title-visibility":"","ast-main-header-display":"","ast-hfb-above-header-display":"","ast-hfb-below-header-display":"","ast-hfb-mobile-header-display":"","site-post-title":"disabled","ast-breadcrumbs-content":"","ast-featured-img":"disabled","footer-sml-layout":"","ast-disable-related-posts":"","theme-transparent-header-meta":"default","adv-header-id-meta":"","stick-header-meta":"","header-above-stick-meta":"","header-main-stick-meta":"","header-below-stick-meta":"","astra-migrate-meta-layouts":"set","ast-page-background-enabled":"default","ast-page-background-meta":{"desktop":{"background-color":"","background-image":"","background-repeat":"repeat","background-position":"center center","background-size":"auto","background-attachment":"scroll","background-type":"","background-media":"","overlay-type":"","overlay-color":"","overlay-opacity":"","overlay-gradient":""},"tablet":{"background-color":"","background-image":"","background-repeat":"repeat","background-position":"center center","background-size":"auto","background-attachment":"scroll","background-type":"","background-media":"","overlay-type":"","overlay-color":"","overlay-opacity":"","overlay-gradient":""},"mobile":{"background-color":"","background-image":"","background-repeat":"repeat","background-position":"center center","background-size":"auto","background-attachment":"scroll","background-type":"","background-media":"","overlay-type":"","overlay-color":"","overlay-opacity":"","overlay-gradient":""}},"ast-content-background-meta":{"desktop":{"background-color":"var(--ast-global-color-5)","background-image":"","background-repeat":"repeat","background-position":"center center","background-size":"auto","background-attachment":"scroll","background-type":"","background-media":"","overlay-type":"","overlay-color":"","overlay-opacity":"","overlay-gradient":""},"tablet":{"background-color":"var(--ast-global-color-5)","background-image":"","background-repeat":"repeat","background-position":"center center","background-size":"auto","background-attachment":"scroll","background-type":"","background-media":"","overlay-type":"","overlay-color":"","overlay-opacity":"","overlay-gradient":""},"mobile":{"background-color":"var(--ast-global-color-5)","background-image":"","background-repeat":"repeat","background-position":"center center","background-size":"auto","background-attachment":"scroll","background-type":"","background-media":"","overlay-type":"","overlay-color":"","overlay-opacity":"","overlay-gradient":""}},"footnotes":""},"class_list":["post-1950","page","type-page","status-publish","hentry"],"aioseo_notices":[],"_links":{"self":[{"href":"https:\/\/taskerium.com\/pt-pt\/wp-json\/wp\/v2\/pages\/1950","targetHints":{"allow":["GET"]}}],"collection":[{"href":"https:\/\/taskerium.com\/pt-pt\/wp-json\/wp\/v2\/pages"}],"about":[{"href":"https:\/\/taskerium.com\/pt-pt\/wp-json\/wp\/v2\/types\/page"}],"author":[{"embeddable":true,"href":"https:\/\/taskerium.com\/pt-pt\/wp-json\/wp\/v2\/users\/3"}],"replies":[{"embeddable":true,"href":"https:\/\/taskerium.com\/pt-pt\/wp-json\/wp\/v2\/comments?post=1950"}],"version-history":[{"count":4,"href":"https:\/\/taskerium.com\/pt-pt\/wp-json\/wp\/v2\/pages\/1950\/revisions"}],"predecessor-version":[{"id":3831,"href":"https:\/\/taskerium.com\/pt-pt\/wp-json\/wp\/v2\/pages\/1950\/revisions\/3831"}],"wp:attachment":[{"href":"https:\/\/taskerium.com\/pt-pt\/wp-json\/wp\/v2\/media?parent=1950"}],"curies":[{"name":"wp","href":"https:\/\/api.w.org\/{rel}","templated":true}]}}