{"id":1952,"date":"2025-01-27T13:15:37","date_gmt":"2025-01-27T11:15:37","guid":{"rendered":"https:\/\/taskerium.com\/taisykles-ir-salygos\/"},"modified":"2025-06-30T23:27:56","modified_gmt":"2025-06-30T20:27:56","slug":"taisykles-ir-salygos","status":"publish","type":"page","link":"https:\/\/taskerium.com\/lt\/taisykles-ir-salygos\/","title":{"rendered":"Taisykl\u0117s ir s\u0105lygos"},"content":{"rendered":"\t\t<div data-elementor-type=\"wp-page\" data-elementor-id=\"1952\" class=\"elementor elementor-1952 elementor-1590\" data-elementor-post-type=\"page\">\n\t\t\t\t\t\t<section class=\"has_eae_slider elementor-section elementor-top-section elementor-element elementor-element-5fb04f7 elementor-section-boxed elementor-section-height-default elementor-section-height-default\" data-eae-slider=\"84426\" data-id=\"5fb04f7\" data-element_type=\"section\" data-e-type=\"section\" data-settings=\"{&quot;jet_parallax_layout_list&quot;:[{&quot;jet_parallax_layout_image&quot;:{&quot;url&quot;:&quot;&quot;,&quot;id&quot;:&quot;&quot;,&quot;size&quot;:&quot;&quot;},&quot;_id&quot;:&quot;2fbfc22&quot;,&quot;jet_parallax_layout_image_tablet&quot;:{&quot;url&quot;:&quot;&quot;,&quot;id&quot;:&quot;&quot;,&quot;size&quot;:&quot;&quot;},&quot;jet_parallax_layout_image_mobile&quot;:{&quot;url&quot;:&quot;&quot;,&quot;id&quot;:&quot;&quot;,&quot;size&quot;:&quot;&quot;},&quot;jet_parallax_layout_speed&quot;:{&quot;unit&quot;:&quot;%&quot;,&quot;size&quot;:50,&quot;sizes&quot;:[]},&quot;jet_parallax_layout_type&quot;:&quot;scroll&quot;,&quot;jet_parallax_layout_direction&quot;:null,&quot;jet_parallax_layout_fx_direction&quot;:null,&quot;jet_parallax_layout_z_index&quot;:&quot;&quot;,&quot;jet_parallax_layout_bg_x&quot;:50,&quot;jet_parallax_layout_bg_x_tablet&quot;:&quot;&quot;,&quot;jet_parallax_layout_bg_x_mobile&quot;:&quot;&quot;,&quot;jet_parallax_layout_bg_y&quot;:50,&quot;jet_parallax_layout_bg_y_tablet&quot;:&quot;&quot;,&quot;jet_parallax_layout_bg_y_mobile&quot;:&quot;&quot;,&quot;jet_parallax_layout_bg_size&quot;:&quot;auto&quot;,&quot;jet_parallax_layout_bg_size_tablet&quot;:&quot;&quot;,&quot;jet_parallax_layout_bg_size_mobile&quot;:&quot;&quot;,&quot;jet_parallax_layout_animation_prop&quot;:&quot;transform&quot;,&quot;jet_parallax_layout_on&quot;:[&quot;desktop&quot;,&quot;tablet&quot;]}],&quot;background_background&quot;:&quot;classic&quot;}\">\n\t\t\t\t\t\t<div class=\"elementor-container elementor-column-gap-default\">\n\t\t\t\t\t<div class=\"has_eae_slider elementor-column elementor-col-100 elementor-top-column elementor-element elementor-element-126f067\" data-eae-slider=\"4891\" data-id=\"126f067\" data-element_type=\"column\" data-e-type=\"column\" data-settings=\"{&quot;background_background&quot;:&quot;classic&quot;}\">\n\t\t\t<div class=\"elementor-widget-wrap elementor-element-populated\">\n\t\t\t\t\t\t<div class=\"elementor-element elementor-element-849fafc elementor-widget elementor-widget-text-editor\" data-id=\"849fafc\" data-element_type=\"widget\" data-e-type=\"widget\" data-widget_type=\"text-editor.default\">\n\t\t\t\t<div class=\"elementor-widget-container\">\n\t\t\t\t\t\t\t\t\t<h1><span style=\"color: #009581;\">Taskis<\/span> <span style=\"color: #000000;\">s\u0105lygos ir nuostatos<\/span><\/h1>\n\t\t\t\t\t\t\t\t<\/div>\n\t\t\t\t<\/div>\n\t\t\t\t<div class=\"elementor-element elementor-element-a4db7a2 elementor-widget-divider--view-line elementor-widget elementor-widget-divider\" data-id=\"a4db7a2\" data-element_type=\"widget\" data-e-type=\"widget\" data-widget_type=\"divider.default\">\n\t\t\t\t<div class=\"elementor-widget-container\">\n\t\t\t\t\t\t\t<div class=\"elementor-divider\">\n\t\t\t<span class=\"elementor-divider-separator\">\n\t\t\t\t\t\t<\/span>\n\t\t<\/div>\n\t\t\t\t\t\t<\/div>\n\t\t\t\t<\/div>\n\t\t\t\t<div class=\"elementor-element elementor-element-0d90f70 elementor-widget elementor-widget-text-editor\" data-id=\"0d90f70\" data-element_type=\"widget\" data-e-type=\"widget\" data-widget_type=\"text-editor.default\">\n\t\t\t\t<div class=\"elementor-widget-container\">\n\t\t\t\t\t\t\t\t\t<p data-start=\"187\" data-end=\"209\">\u0160ios s\u0105lygos ir nuostatos nustato \u201eTaskis\u201c svetain\u0117s, esan\u010dios adresu <a class=\"\" href=\"https:\/\/taskerium.com\/lt\/\" target=\"_new\" rel=\"noopener\" data-start=\"316\" data-end=\"352\"><strong data-start=\"317\" data-end=\"331\">Taskerium.com<\/strong><\/a>, naudojimo taisykles ir s\u0105lygas.<\/p>\n<p data-start=\"355\" data-end=\"540\">Naudodamiesi \u0161ia svetaine, manome, kad sutinkate su \u0161iomis s\u0105lygomis. Jei nesutinkate su visomis \u0161iame puslapyje nurodytomis s\u0105lygomis, nesinaudokite \u201eTaskis\u201c. <\/p>\n<p data-start=\"542\" data-end=\"1463\">\u0160ioms S\u0105lygoms, Privatumo parei\u0161kimui ir Atsakomyb\u0117s apribojimo prane\u0161imui bei visoms sutartims taikoma \u0161i terminologija: \u201eKlientas\u201c, \u201eJ\u016bs\u201c ir \u201eJ\u016bs\u0173\u201c rei\u0161kia jus, asmen\u012f, prisijungiant\u012f prie \u0161ios svetain\u0117s ir besilaikant\u012f Bendrov\u0117s s\u0105lyg\u0173. \u201eBendrov\u0117\u201c, \u201eMes\u201c, \u201eM\u016bs\u0173\u201c ir \u201eMus\u201c rei\u0161kia m\u016bs\u0173 \u012emon\u0119. \u201e\u0160alis\u201c, \u201e\u0160alys\u201c arba \u201eMus\u201c rei\u0161kia tiek Klient\u0105, tiek mus pa\u010dius. Visos s\u0105vokos rei\u0161kia mok\u0117jimo, reikalingo m\u016bs\u0173 pagalbos Klientui procesui atlikti tinkamiausiu b\u016bdu, siekiant patenkinti Kliento poreikius, susijusius su Bendrov\u0117s nurodyt\u0173 paslaug\u0173 teikimu, laikantis galiojan\u010di\u0173 Nyderland\u0173 \u012fstatym\u0173. Bet koks auk\u0161\u010diau pateikt\u0173 termin\u0173 ar kit\u0173 \u017eod\u017ei\u0173, vartojam\u0173 vienaskaita, daugiskaita, did\u017eiosiomis raid\u0117mis ir (arba) jis \/ ji arba jie, vartojimas yra suprantamas kaip sinonimas ir tod\u0117l rei\u0161kia t\u0105 pat\u012f.    <\/p>\n<h3 data-start=\"1470\" data-end=\"1481\">Slapukai<\/h3>\n<p data-start=\"1483\" data-end=\"1602\">Mes naudojame slapukus. Naudodamiesi \u201eTaskis\u201c svetaine, j\u016bs sutikote naudoti slapukus pagal \u201eTaskis\u201c privatumo politik\u0105. <\/p>\n<p data-start=\"1604\" data-end=\"1888\">Daugumoje interaktyvi\u0173j\u0173 svetaini\u0173 naudojami slapukai, kad gal\u0117tume gauti naudotojo duomenis kiekvieno apsilankymo metu. M\u016bs\u0173 svetain\u0117je slapukai naudojami tam tikr\u0173 sri\u010di\u0173 funkcijoms \u012fgalinti, kad m\u016bs\u0173 svetain\u0117je besilankantiems \u017emon\u0117ms b\u016bt\u0173 papras\u010diau. Kai kurie m\u016bs\u0173 partneriai ir (arba) reklamos partneriai taip pat gali naudoti slapukus.  <\/p>\n<h3 data-start=\"1895\" data-end=\"1906\">Licencija<\/h3>\n<p data-start=\"1908\" data-end=\"2189\">Jei nenurodyta kitaip, \u201eTaskis\u201c ir (arba) jos licencij\u0173 i\u0161dav\u0117jai turi intelektin\u0117s nuosavyb\u0117s teises \u012f vis\u0105 \u201eTaskis\u201c esan\u010di\u0105 med\u017eiag\u0105. Visos intelektin\u0117s nuosavyb\u0117s teis\u0117s yra saugomos. J\u016bs galite pasiekti \u0161i\u0105 med\u017eiag\u0105 i\u0161 \u201eTaskis\u201c savo asmeniniam naudojimui, laikydamiesi \u0161iose s\u0105lygose ir nuostatose nustatyt\u0173 apribojim\u0173.  <\/p>\n<p data-start=\"2191\" data-end=\"2208\"><strong data-start=\"2191\" data-end=\"2208\">Negalima:<\/strong><\/p>\n<ul data-start=\"2210\" data-end=\"2386\">\n<li data-start=\"2210\" data-end=\"2244\">\n<p data-start=\"2212\" data-end=\"2244\">Pakartotinai publikuokite \u201eTaskis\u201c med\u017eiag\u0105<\/p>\n<\/li>\n<li data-start=\"2245\" data-end=\"2295\">\n<p data-start=\"2247\" data-end=\"2295\">Parduoti, nuomoti arba sublicencijuoti \u201eTaskis\u201c med\u017eiag\u0105<\/p>\n<\/li>\n<li data-start=\"2296\" data-end=\"2349\">\n<p data-start=\"2298\" data-end=\"2349\">Atkurti, dubliuoti ar kopijuoti med\u017eiag\u0105 i\u0161 \u201eTaskis\u201c<\/p>\n<\/li>\n<li data-start=\"2350\" data-end=\"2386\">\n<p data-start=\"2352\" data-end=\"2386\">Platinti turin\u012f i\u0161 \u201eTaskis\u201c<\/p>\n<\/li>\n<\/ul>\n<p data-start=\"2388\" data-end=\"2434\">\u0160is Susitarimas \u012fsigalioja nuo jo pasira\u0161ymo dienos.<\/p>\n<p data-start=\"2436\" data-end=\"3070\">\u0160ios svetain\u0117s dalys suteikia vartotojams galimyb\u0119 skelbti ir keistis nuomon\u0117mis bei informacija tam tikrose svetain\u0117s vietose. \u201eTaskis\u201c nefiltruoja, neredaguoja, neskelbia ir neper\u017ei\u016bri komentar\u0173 prie\u0161 jiems patenkant \u012f svetain\u0119. Komentarai neatspindi \u201eTaskis\u201c, jos agent\u0173 ir (arba) filial\u0173 po\u017ei\u016brio ir nuomon\u0117s. Komentarai atspindi juos skelbian\u010dio asmens po\u017ei\u016br\u012f ir nuomon\u0119. Tiek, kiek leid\u017eia galiojantys \u012fstatymai, \u201eTaskis\u201c neatsako u\u017e komentarus ar bet koki\u0105 atsakomyb\u0119, \u017eal\u0105 ar i\u0161laidas, atsiradusias ir (arba) patirtas d\u0117l bet kokio komentar\u0173 naudojimo ir (arba) paskelbimo ir (arba) pasirodymo \u0161ioje svetain\u0117je.    <\/p>\n<p data-start=\"3072\" data-end=\"3247\">\u201eTaskis\u201c pasilieka teis\u0119 steb\u0117ti visus komentarus ir pa\u0161alinti bet kuriuos komentarus, kurie gali b\u016bti laikomi netinkamais, \u012f\u017eeid\u017eian\u010diais ar pa\u017eeid\u017eian\u010diais \u0161ias S\u0105lygas.<\/p>\n<p data-start=\"3249\" data-end=\"3284\"><strong data-start=\"3249\" data-end=\"3284\">J\u016bs garantuojate ir patvirtinate, kad:<\/strong><\/p>\n<ul data-start=\"3286\" data-end=\"3813\">\n<li data-start=\"3286\" data-end=\"3397\">\n<p data-start=\"3288\" data-end=\"3397\">J\u016bs turite teis\u0119 skelbti komentarus m\u016bs\u0173 svetain\u0117je ir turite visas tam reikalingas licencijas ir sutikimus;<\/p>\n<\/li>\n<li data-start=\"3398\" data-end=\"3541\">\n<p data-start=\"3400\" data-end=\"3541\">Komentarai nepa\u017eeid\u017eia joki\u0173 intelektin\u0117s nuosavyb\u0117s teisi\u0173, \u012fskaitant, bet neapsiribojant, tre\u010diosios \u0161alies autori\u0173 teises, patentus ar preki\u0173 \u017eenklus;<\/p>\n<\/li>\n<li data-start=\"3542\" data-end=\"3683\">\n<p data-start=\"3544\" data-end=\"3683\">Komentaruose n\u0117ra jokios \u0161mei\u017eiki\u0161kos, \u012f\u017eeid\u017eian\u010dios, nepadorios ar kitaip neteis\u0117tos med\u017eiagos, kuri pa\u017eeid\u017eia privatum\u0105;<\/p>\n<\/li>\n<li data-start=\"3684\" data-end=\"3813\">\n<p data-start=\"3686\" data-end=\"3813\">Komentarai nebus naudojami pra\u0161yti ar reklamuoti versl\u0105 ar papro\u010dius arba pristatyti komercin\u0119 veikl\u0105 ar neteis\u0117t\u0105 veikl\u0105.<\/p>\n<\/li>\n<\/ul>\n<p data-start=\"3815\" data-end=\"3996\">J\u016bs suteikiate \u201eTaskis\u201c nei\u0161imtin\u0119 licencij\u0105 naudoti, atgaminti, redaguoti ir \u012fgalioti kitus naudoti, atgaminti ir redaguoti bet kuriuos j\u016bs\u0173 komentarus bet kokia forma, formatu ar laikmenomis.<\/p>\n<h3 data-start=\"4003\" data-end=\"4034\">Nuorodos \u012f m\u016bs\u0173 turin\u012f<\/h3>\n<p data-start=\"4036\" data-end=\"4119\">Toliau i\u0161vardytos organizacijos gali pateikti nuorodas \u012f m\u016bs\u0173 Svetain\u0119 be i\u0161ankstinio ra\u0161ti\u0161ko sutikimo:<\/p>\n<ul data-start=\"4121\" data-end=\"4499\">\n<li data-start=\"4121\" data-end=\"4144\">\n<p data-start=\"4123\" data-end=\"4144\">Vyriausyb\u0117s \u012fstaigos<\/p>\n<\/li>\n<li data-start=\"4145\" data-end=\"4163\">\n<p data-start=\"4147\" data-end=\"4163\">Paie\u0161kos sistemos<\/p>\n<\/li>\n<li data-start=\"4164\" data-end=\"4186\">\n<p data-start=\"4166\" data-end=\"4186\">Naujien\u0173 organizacijos<\/p>\n<\/li>\n<li data-start=\"4187\" data-end=\"4324\">\n<p data-start=\"4189\" data-end=\"4324\">Internetini\u0173 katalog\u0173 platintojai gali pateikti nuorodas \u012f m\u016bs\u0173 svetain\u0119 taip pat, kaip ir \u012f kit\u0173 i\u0161vardyt\u0173 \u012fmoni\u0173 svetaines.<\/p>\n<\/li>\n<li data-start=\"4325\" data-end=\"4499\">\n<p data-start=\"4327\" data-end=\"4499\">\u201eSystemwide\u201c akredituotos \u012fmon\u0117s, i\u0161skyrus ne pelno siekian\u010dias organizacijas, labdaros prekybos centrus ir labdaros l\u0117\u0161\u0173 rinkimo grupes, kurios gali netur\u0117ti nuorod\u0173 \u012f m\u016bs\u0173 svetain\u0119<\/p>\n<\/li>\n<\/ul>\n<p data-start=\"4501\" data-end=\"4835\">\u0160ios organizacijos gali pateikti nuorod\u0105 \u012f m\u016bs\u0173 pagrindin\u012f puslap\u012f, leidinius ar kit\u0105 svetain\u0117s informacij\u0105, jei nuoroda:<br data-start=\"4616\" data-end=\"4619\">a) jokiu b\u016bdu n\u0117ra apgaulingas;<br data-start=\"4651\" data-end=\"4654\">(b) melagingai neteigia, kad remia, pritaria ar pritaria jungian\u010diajai \u0161aliai ir jos produktams ir (arba) paslaugoms; ir<br data-start=\"4776\" data-end=\"4779\">(c) atitinka susiejan\u010dios \u0161alies svetain\u0117s kontekst\u0105.<\/p>\n<p data-start=\"4837\" data-end=\"4927\">Galime apsvarstyti ir patvirtinti kit\u0173 tip\u0173 organizacij\u0173 pra\u0161ymus d\u0117l nuorod\u0173:<\/p>\n<ul data-start=\"4929\" data-end=\"5225\">\n<li data-start=\"4929\" data-end=\"4992\">\n<p data-start=\"4931\" data-end=\"4992\">Da\u017enai \u017einomi vartotoj\u0173 ir (arba) verslo informacijos \u0161altiniai<\/p>\n<\/li>\n<li data-start=\"4993\" data-end=\"5020\">\n<p data-start=\"4995\" data-end=\"5020\">\u201eDot.com\u201c bendruomen\u0117s svetain\u0117s<\/p>\n<\/li>\n<li data-start=\"5021\" data-end=\"5076\">\n<p data-start=\"5023\" data-end=\"5076\">Asociacijos ar kitos grup\u0117s, atstovaujan\u010dios labdaros organizacijoms<\/p>\n<\/li>\n<li data-start=\"5077\" data-end=\"5110\">\n<p data-start=\"5079\" data-end=\"5110\">Internetiniai katalog\u0173 platintojai<\/p>\n<\/li>\n<li data-start=\"5111\" data-end=\"5131\">\n<p data-start=\"5113\" data-end=\"5131\">Interneto portalai<\/p>\n<\/li>\n<li data-start=\"5132\" data-end=\"5173\">\n<p data-start=\"5134\" data-end=\"5173\">Apskaitos, teis\u0117s ir konsultavimo \u012fmon\u0117s<\/p>\n<\/li>\n<li data-start=\"5174\" data-end=\"5225\">\n<p data-start=\"5176\" data-end=\"5225\">\u0160vietimo \u012fstaigos ir prekybos asociacijos<\/p>\n<\/li>\n<\/ul>\n<p data-start=\"5227\" data-end=\"5629\">Patvirtinsime \u0161i\u0173 organizacij\u0173 u\u017eklausas d\u0117l nuorod\u0173, jei nuspr\u0119sime, kad:<br data-start=\"5300\" data-end=\"5303\">(a) nuoroda nesudaryt\u0173 mums nepalankaus \u012fvaizd\u017eio nei mums patiems, nei m\u016bs\u0173 akredituotoms \u012fmon\u0117ms;<br data-start=\"5396\" data-end=\"5399\">(b) organizacija neturi joki\u0173 neigiam\u0173 \u012fra\u0161\u0173 pas mus;<br data-start=\"5463\" data-end=\"5466\">(c) hipersaito matomumo teikiama nauda mums kompensuoja \u201eTaskis\u201c nebuvim\u0105; ir<br data-start=\"5563\" data-end=\"5566\">(d) nuoroda pateikiama bendros informacijos apie i\u0161teklius kontekste.<\/p>\n<p data-start=\"5631\" data-end=\"5912\">\u0160ios organizacijos gali pateikti nuorod\u0105 \u012f m\u016bs\u0173 pagrindin\u012f puslap\u012f, jei nuoroda:<br data-start=\"5697\" data-end=\"5700\">a) jokiu b\u016bdu n\u0117ra apgaulingas;<br data-start=\"5732\" data-end=\"5735\">(b) melagingai neteigia, kad remia, pritaria ar pritaria jungian\u010diajai \u0161aliai ir jos produktams ar paslaugoms; ir<br data-start=\"5853\" data-end=\"5856\">(c) atitinka susiejan\u010dios \u0161alies svetain\u0117s kontekst\u0105.<\/p>\n<p data-start=\"5914\" data-end=\"6326\">Jei esate viena i\u0161 auk\u0161\u010diau i\u0161vardyt\u0173 organizacij\u0173 ir jus domina nuorodos \u012fd\u0117jimas \u012f m\u016bs\u0173 svetain\u0119, turite informuoti mus el. pa\u0161tu adresu \u201eTaskis\u201c. Pra\u0161ome nurodyti savo vard\u0105, organizacijos pavadinim\u0105, kontaktin\u0119 informacij\u0105, taip pat savo svetain\u0117s URL adres\u0105, URL adres\u0173, i\u0161 kuri\u0173 ketinate patekti \u012f m\u016bs\u0173 svetain\u0119, s\u0105ra\u0161\u0105 ir URL adres\u0173 m\u016bs\u0173 svetain\u0117je, \u012f kuriuos nor\u0117tum\u0117te \u012fd\u0117ti nuorod\u0105, s\u0105ra\u0161\u0105. Atsakymo laukite 2\u20133 savaites.  <\/p>\n<p data-start=\"6328\" data-end=\"6391\">Patvirtintos organizacijos gali pateikti hipersaitus \u012f m\u016bs\u0173 Svetain\u0119 taip:<\/p>\n<ul data-start=\"6393\" data-end=\"6645\">\n<li data-start=\"6393\" data-end=\"6429\">\n<p data-start=\"6395\" data-end=\"6429\">naudojant m\u016bs\u0173 \u012fmon\u0117s pavadinim\u0105; arba<\/p>\n<\/li>\n<li data-start=\"6430\" data-end=\"6492\">\n<p data-start=\"6432\" data-end=\"6492\">naudojant vienod\u0105 i\u0161tekli\u0173 lokatori\u0173, \u012f kur\u012f pateikiama nuoroda; arba<\/p>\n<\/li>\n<li data-start=\"6493\" data-end=\"6645\">\n<p data-start=\"6495\" data-end=\"6645\">Naudojant bet kok\u012f kit\u0105 m\u016bs\u0173 Svetain\u0117s, \u012f kuri\u0105 yra nuoroda, apra\u0161ym\u0105, kuris yra prasmingas atsi\u017evelgiant \u012f susiejan\u010dios \u0161alies svetain\u0117s turinio kontekst\u0105 ir format\u0105.<\/p>\n<\/li>\n<\/ul>\n<p data-start=\"6647\" data-end=\"6757\"><strong data-start=\"6647\" data-end=\"6757\">\u201eTaskis\u201c logotipo ar kit\u0173 meno k\u016brini\u0173 naudojimas nuorodoms nebus leid\u017eiamas be prek\u0117s \u017eenklo licencijos sutarties.<\/strong><\/p>\n<h3 data-start=\"6764\" data-end=\"6775\">&#8222;iFrames&#8221;<\/h3>\n<p data-start=\"6777\" data-end=\"6945\">Be i\u0161ankstinio patvirtinimo ir ra\u0161ti\u0161ko leidimo negalite kurti r\u0117meli\u0173 aplink m\u016bs\u0173 Svetaines, kurie kaip nors kei\u010dia m\u016bs\u0173 Svetain\u0117s vaizd\u0105 ar i\u0161vaizd\u0105.<\/p>\n<h3 data-start=\"6952\" data-end=\"6973\">Atsakomyb\u0117 u\u017e turin\u012f<\/h3>\n<p data-start=\"6975\" data-end=\"7356\">Mes neb\u016bsime atsakingi u\u017e jok\u012f turin\u012f, kuris rodomas j\u016bs\u0173 svetain\u0117je. J\u016bs sutinkate saugoti ir ginti mus nuo vis\u0173 pretenzij\u0173, kylan\u010di\u0173 j\u016bs\u0173 svetain\u0117je. Jokioje svetain\u0117je netur\u0117t\u0173 b\u016bti joki\u0173 nuorod\u0173, kurios gali b\u016bti interpretuojamos kaip \u0161mei\u017eiki\u0161kos, nepadorios ar nusikalstamos, arba kurios pa\u017eeid\u017eia, kitaip pa\u017eeid\u017eia ar skatina bet koki\u0173 tre\u010di\u0173j\u0173 \u0161ali\u0173 teisi\u0173 pa\u017eeidim\u0105.  <\/p>\n<h3 data-start=\"7363\" data-end=\"7379\">J\u016bs\u0173 privatumas<\/h3>\n<p data-start=\"7381\" data-end=\"7437\">Perskaitykite <a class=\"cursor-pointer\" href=\"https:\/\/taskerium.com\/lt\/slapukai\/\" target=\"_new\" rel=\"noopener\" data-start=\"7393\" data-end=\"7437\">privatumo politik\u0105<\/a><\/p>\n<h3 data-start=\"7444\" data-end=\"7469\">Teisi\u0173 i\u0161lyga<\/h3>\n<p data-start=\"7471\" data-end=\"7850\">Pasiliekame teis\u0119 papra\u0161yti pa\u0161alinti visas nuorodas arba bet kuri\u0105 konkre\u010di\u0105 nuorod\u0105 \u012f m\u016bs\u0173 svetain\u0119. J\u016bs sutinkate nedelsdami pa\u0161alinti visas nuorodas \u012f m\u016bs\u0173 svetain\u0119 gav\u0119 pra\u0161ym\u0105. Taip pat pasiliekame teis\u0119 bet kuriuo metu keisti \u0161ias s\u0105lygas ir nuostatas bei j\u0173 nuorod\u0173 politik\u0105. Nuolat naudodamiesi nuorodomis \u012f m\u016bs\u0173 svetain\u0119, j\u016bs sutinkate laikytis \u0161i\u0173 nuorod\u0173 s\u0105lyg\u0173 ir nuostat\u0173.   <\/p>\n<h3 data-start=\"7857\" data-end=\"7894\">Nuorod\u0173 pa\u0161alinimas i\u0161 m\u016bs\u0173 svetain\u0117s<\/h3>\n<p data-start=\"7896\" data-end=\"8125\">Jei m\u016bs\u0173 svetain\u0117je radote koki\u0105 nors \u012f\u017eeid\u017eian\u010di\u0105 nuorod\u0105 d\u0117l bet kokios prie\u017easties, galite bet kada susisiekti su mumis ir informuoti. Mes apsvarstysime pra\u0161ymus pa\u0161alinti nuorodas, ta\u010diau neprivalome to daryti ar tiesiogiai jums atsakyti. <\/p>\n<p data-start=\"8127\" data-end=\"8359\">Mes negarantuojame, kad \u0161ioje svetain\u0117je pateikta informacija yra teisinga; negarantuojame jos i\u0161samumo ar tikslumo; taip pat ne\u017eadame u\u017etikrinti, kad svetain\u0117 i\u0161liks prieinama arba kad joje pateikta med\u017eiaga bus atnaujinta.<\/p>\n<h3 data-start=\"8366\" data-end=\"8380\">Atsakomyb\u0117s apribojimas<\/h3>\n<p data-start=\"8382\" data-end=\"8577\">Kiek tai leid\u017eia galiojantys \u012fstatymai, mes neteikiame joki\u0173 parei\u0161kim\u0173, garantij\u0173 ir s\u0105lyg\u0173, susijusi\u0173 su m\u016bs\u0173 svetaine ir jos naudojimu. Niekas \u0161iame atsakomyb\u0117s apribojime: <\/p>\n<ul data-start=\"8579\" data-end=\"8926\">\n<li data-start=\"8579\" data-end=\"8651\">\n<p data-start=\"8581\" data-end=\"8651\">apriboti ar panaikinti m\u016bs\u0173 ar j\u016bs\u0173 atsakomyb\u0119 u\u017e mirt\u012f ar k\u016bno su\u017ealojim\u0105;<\/p>\n<\/li>\n<li data-start=\"8652\" data-end=\"8737\">\n<p data-start=\"8654\" data-end=\"8737\">apriboti ar panaikinti m\u016bs\u0173 ar j\u016bs\u0173 atsakomyb\u0119 u\u017e suk\u010diavim\u0105 ar apgauling\u0105 klaidinim\u0105;<\/p>\n<\/li>\n<li data-start=\"8738\" data-end=\"8836\">\n<p data-start=\"8740\" data-end=\"8836\">apriboti bet kokius m\u016bs\u0173 ar j\u016bs\u0173 \u012fsipareigojimus bet kokiu b\u016bdu, kuris n\u0117ra leid\u017eiamas pagal galiojan\u010dius \u012fstatymus; arba<\/p>\n<\/li>\n<li data-start=\"8837\" data-end=\"8926\">\n<p data-start=\"8839\" data-end=\"8926\">netaikyti joki\u0173 m\u016bs\u0173 ar j\u016bs\u0173 \u012fsipareigojim\u0173, kuri\u0173 negalima netaikyti pagal galiojan\u010dius \u012fstatymus.<\/p>\n<\/li>\n<\/ul>\n<p data-start=\"8928\" data-end=\"9222\">\u0160iame skyriuje ir kitur \u0161iame atsakomyb\u0117s apribojime nustatyti atsakomyb\u0117s apribojimai ir draudimai:<br data-start=\"9027\" data-end=\"9030\">a) kuriems taikoma ankstesn\u0117 pastraipa ir<br data-start=\"9077\" data-end=\"9080\">(b) reglamentuoja vis\u0105 atsakomyb\u0119, kylan\u010di\u0105 pagal atsakomyb\u0117s apribojim\u0105, \u012fskaitant atsakomyb\u0119, kylan\u010di\u0105 i\u0161 sutarties, delikto ir d\u0117l \u012fstatym\u0173 numatytos pareigos pa\u017eeidimo.<\/p>\n<p data-start=\"9224\" data-end=\"9387\">Kol svetain\u0117 ir joje esanti informacija bei paslaugos teikiamos nemokamai, <strong data-start=\"9324\" data-end=\"9386\">mes neatsakome u\u017e jokius bet kokio pob\u016bd\u017eio nuostolius ar \u017eal\u0105.<\/strong><\/p>\n\t\t\t\t\t\t\t\t<\/div>\n\t\t\t\t<\/div>\n\t\t\t\t\t<\/div>\n\t\t<\/div>\n\t\t\t\t\t<\/div>\n\t\t<\/section>\n\t\t\t\t<\/div>\n\t\t","protected":false},"excerpt":{"rendered":"<p>Taskis s\u0105lygos ir nuostatos \u0160ios s\u0105lygos ir nuostatos nustato \u201eTaskis\u201c svetain\u0117s, esan\u010dios adresu Taskerium.com, naudojimo taisykles ir s\u0105lygas. Naudodamiesi \u0161ia svetaine, manome, kad sutinkate su \u0161iomis s\u0105lygomis. Jei nesutinkate su visomis \u0161iame puslapyje nurodytomis s\u0105lygomis, nesinaudokite \u201eTaskis\u201c. \u0160ioms S\u0105lygoms, Privatumo parei\u0161kimui ir Atsakomyb\u0117s apribojimo prane\u0161imui bei visoms sutartims taikoma \u0161i terminologija: \u201eKlientas\u201c, \u201eJ\u016bs\u201c ir \u201eJ\u016bs\u0173\u201c [&hellip;]<\/p>\n","protected":false},"author":3,"featured_media":0,"parent":0,"menu_order":0,"comment_status":"closed","ping_status":"closed","template":"","meta":{"site-sidebar-layout":"no-sidebar","site-content-layout":"page-builder","ast-site-content-layout":"default","site-content-style":"default","site-sidebar-style":"unboxed","ast-global-header-display":"","ast-banner-title-visibility":"","ast-main-header-display":"","ast-hfb-above-header-display":"","ast-hfb-below-header-display":"","ast-hfb-mobile-header-display":"","site-post-title":"disabled","ast-breadcrumbs-content":"","ast-featured-img":"disabled","footer-sml-layout":"","ast-disable-related-posts":"","theme-transparent-header-meta":"default","adv-header-id-meta":"","stick-header-meta":"","header-above-stick-meta":"","header-main-stick-meta":"","header-below-stick-meta":"","astra-migrate-meta-layouts":"set","ast-page-background-enabled":"default","ast-page-background-meta":{"desktop":{"background-color":"","background-image":"","background-repeat":"repeat","background-position":"center center","background-size":"auto","background-attachment":"scroll","background-type":"","background-media":"","overlay-type":"","overlay-color":"","overlay-opacity":"","overlay-gradient":""},"tablet":{"background-color":"","background-image":"","background-repeat":"repeat","background-position":"center center","background-size":"auto","background-attachment":"scroll","background-type":"","background-media":"","overlay-type":"","overlay-color":"","overlay-opacity":"","overlay-gradient":""},"mobile":{"background-color":"","background-image":"","background-repeat":"repeat","background-position":"center center","background-size":"auto","background-attachment":"scroll","background-type":"","background-media":"","overlay-type":"","overlay-color":"","overlay-opacity":"","overlay-gradient":""}},"ast-content-background-meta":{"desktop":{"background-color":"var(--ast-global-color-5)","background-image":"","background-repeat":"repeat","background-position":"center center","background-size":"auto","background-attachment":"scroll","background-type":"","background-media":"","overlay-type":"","overlay-color":"","overlay-opacity":"","overlay-gradient":""},"tablet":{"background-color":"var(--ast-global-color-5)","background-image":"","background-repeat":"repeat","background-position":"center center","background-size":"auto","background-attachment":"scroll","background-type":"","background-media":"","overlay-type":"","overlay-color":"","overlay-opacity":"","overlay-gradient":""},"mobile":{"background-color":"var(--ast-global-color-5)","background-image":"","background-repeat":"repeat","background-position":"center center","background-size":"auto","background-attachment":"scroll","background-type":"","background-media":"","overlay-type":"","overlay-color":"","overlay-opacity":"","overlay-gradient":""}},"footnotes":""},"class_list":["post-1952","page","type-page","status-publish","hentry"],"aioseo_notices":[],"_links":{"self":[{"href":"https:\/\/taskerium.com\/lt\/wp-json\/wp\/v2\/pages\/1952","targetHints":{"allow":["GET"]}}],"collection":[{"href":"https:\/\/taskerium.com\/lt\/wp-json\/wp\/v2\/pages"}],"about":[{"href":"https:\/\/taskerium.com\/lt\/wp-json\/wp\/v2\/types\/page"}],"author":[{"embeddable":true,"href":"https:\/\/taskerium.com\/lt\/wp-json\/wp\/v2\/users\/3"}],"replies":[{"embeddable":true,"href":"https:\/\/taskerium.com\/lt\/wp-json\/wp\/v2\/comments?post=1952"}],"version-history":[{"count":5,"href":"https:\/\/taskerium.com\/lt\/wp-json\/wp\/v2\/pages\/1952\/revisions"}],"predecessor-version":[{"id":3832,"href":"https:\/\/taskerium.com\/lt\/wp-json\/wp\/v2\/pages\/1952\/revisions\/3832"}],"wp:attachment":[{"href":"https:\/\/taskerium.com\/lt\/wp-json\/wp\/v2\/media?parent=1952"}],"curies":[{"name":"wp","href":"https:\/\/api.w.org\/{rel}","templated":true}]}}