{"id":1494,"date":"2020-05-13T10:52:54","date_gmt":"2020-05-13T07:52:54","guid":{"rendered":"https:\/\/taskerium.com\/blog\/"},"modified":"2025-07-02T16:44:38","modified_gmt":"2025-07-02T13:44:38","slug":"blog","status":"publish","type":"page","link":"https:\/\/taskerium.com\/lt\/blog\/","title":{"rendered":"Tinklara\u0161tis"},"content":{"rendered":"\t\t<div data-elementor-type=\"wp-page\" data-elementor-id=\"1494\" class=\"elementor elementor-1494 elementor-502\" data-elementor-post-type=\"page\">\n\t\t\t\t\t\t<section class=\"has_eae_slider elementor-section elementor-top-section elementor-element elementor-element-6aeb85c elementor-section-height-min-height elementor-section-boxed elementor-section-height-default elementor-section-items-middle\" data-eae-slider=\"82956\" data-id=\"6aeb85c\" data-element_type=\"section\" data-e-type=\"section\" data-settings=\"{&quot;background_background&quot;:&quot;classic&quot;,&quot;animation_tablet&quot;:&quot;none&quot;,&quot;jet_parallax_layout_list&quot;:[],&quot;shape_divider_bottom&quot;:&quot;opacity-fan&quot;}\">\n\t\t\t\t\t\t\t<div class=\"elementor-background-overlay\"><\/div>\n\t\t\t\t\t\t<div class=\"elementor-shape elementor-shape-bottom\" aria-hidden=\"true\" data-negative=\"false\">\n\t\t\t<svg xmlns=\"http:\/\/www.w3.org\/2000\/svg\" viewBox=\"0 0 283.5 19.6\" preserveAspectRatio=\"none\">\n\t<path class=\"elementor-shape-fill\" style=\"opacity:0.33\" d=\"M0 0L0 18.8 141.8 4.1 283.5 18.8 283.5 0z\"\/>\n\t<path class=\"elementor-shape-fill\" style=\"opacity:0.33\" d=\"M0 0L0 12.6 141.8 4 283.5 12.6 283.5 0z\"\/>\n\t<path class=\"elementor-shape-fill\" style=\"opacity:0.33\" d=\"M0 0L0 6.4 141.8 4 283.5 6.4 283.5 0z\"\/>\n\t<path class=\"elementor-shape-fill\" d=\"M0 0L0 1.2 141.8 4 283.5 1.2 283.5 0z\"\/>\n<\/svg>\t\t<\/div>\n\t\t\t\t\t<div class=\"elementor-container elementor-column-gap-default\">\n\t\t\t\t\t<div class=\"has_eae_slider elementor-column elementor-col-100 elementor-top-column elementor-element elementor-element-b3e58a2\" data-eae-slider=\"6171\" data-id=\"b3e58a2\" data-element_type=\"column\" data-e-type=\"column\">\n\t\t\t<div class=\"elementor-widget-wrap elementor-element-populated\">\n\t\t\t\t\t\t<div class=\"elementor-element elementor-element-e50eed5 elementor-widget elementor-widget-heading\" data-id=\"e50eed5\" data-element_type=\"widget\" data-e-type=\"widget\" data-widget_type=\"heading.default\">\n\t\t\t\t<div class=\"elementor-widget-container\">\n\t\t\t\t\t<h1 class=\"elementor-heading-title elementor-size-default\">Tinklara\u0161tis<\/h1>\t\t\t\t<\/div>\n\t\t\t\t<\/div>\n\t\t\t\t\t<\/div>\n\t\t<\/div>\n\t\t\t\t\t<\/div>\n\t\t<\/section>\n\t\t\t\t<section class=\"has_eae_slider elementor-section elementor-top-section elementor-element elementor-element-5e51c57 elementor-section-height-min-height elementor-hidden-mobile elementor-section-boxed elementor-section-height-default elementor-section-items-middle elementor-invisible\" data-eae-slider=\"11184\" data-id=\"5e51c57\" data-element_type=\"section\" data-e-type=\"section\" id=\"blog\" data-settings=\"{&quot;background_background&quot;:&quot;classic&quot;,&quot;animation&quot;:&quot;fadeInLeft&quot;,&quot;animation_tablet&quot;:&quot;none&quot;,&quot;jet_parallax_layout_list&quot;:[]}\">\n\t\t\t\t\t\t\t<div class=\"elementor-background-overlay\"><\/div>\n\t\t\t\t\t\t\t<div class=\"elementor-container elementor-column-gap-default\">\n\t\t\t\t\t<div class=\"has_eae_slider elementor-column elementor-col-100 elementor-top-column elementor-element elementor-element-2f793fd4\" data-eae-slider=\"44463\" data-id=\"2f793fd4\" data-element_type=\"column\" data-e-type=\"column\">\n\t\t\t<div class=\"elementor-widget-wrap elementor-element-populated\">\n\t\t\t\t\t\t<div class=\"elementor-element elementor-element-1546e37 elementor-grid-1 elementor-posts--thumbnail-left elementor-grid-tablet-1 elementor-grid-mobile-1 elementor-widget elementor-widget-posts\" data-id=\"1546e37\" data-element_type=\"widget\" data-e-type=\"widget\" data-settings=\"{&quot;classic_columns&quot;:&quot;1&quot;,&quot;classic_columns_tablet&quot;:&quot;1&quot;,&quot;classic_columns_mobile&quot;:&quot;1&quot;,&quot;classic_row_gap&quot;:{&quot;unit&quot;:&quot;px&quot;,&quot;size&quot;:35,&quot;sizes&quot;:[]},&quot;classic_row_gap_tablet&quot;:{&quot;unit&quot;:&quot;px&quot;,&quot;size&quot;:&quot;&quot;,&quot;sizes&quot;:[]},&quot;classic_row_gap_mobile&quot;:{&quot;unit&quot;:&quot;px&quot;,&quot;size&quot;:&quot;&quot;,&quot;sizes&quot;:[]}}\" data-widget_type=\"posts.classic\">\n\t\t\t\t<div class=\"elementor-widget-container\">\n\t\t\t\t\t\t\t<div class=\"elementor-posts-container elementor-posts elementor-posts--skin-classic elementor-grid\">\n\t\t\t\t<article class=\"elementor-post elementor-grid-item post-1926 post type-post status-publish format-standard has-post-thumbnail hentry category-uncategorized-lt\">\n\t\t\t\t<a class=\"elementor-post__thumbnail__link\" href=\"https:\/\/taskerium.com\/lt\/ka-reiketu-apsvarstyti-perkant-lauko-paslaugu-valdymo-programine-iranga\/\" tabindex=\"-1\" >\n\t\t\t<div class=\"elementor-post__thumbnail\"><img loading=\"lazy\" decoding=\"async\" width=\"768\" height=\"431\" src=\"https:\/\/taskerium.com\/wp-content\/uploads\/iStock-1135567448-768x431.jpg\" class=\"attachment-medium_large size-medium_large wp-image-1475\" alt=\"\" srcset=\"https:\/\/taskerium.com\/wp-content\/uploads\/iStock-1135567448-768x431.jpg 768w, https:\/\/taskerium.com\/wp-content\/uploads\/iStock-1135567448-300x168.jpg 300w, https:\/\/taskerium.com\/wp-content\/uploads\/iStock-1135567448-1024x574.jpg 1024w, https:\/\/taskerium.com\/wp-content\/uploads\/iStock-1135567448-1536x862.jpg 1536w, https:\/\/taskerium.com\/wp-content\/uploads\/iStock-1135567448-2048x1149.jpg 2048w\" sizes=\"auto, (max-width: 768px) 100vw, 768px\" \/><\/div>\n\t\t<\/a>\n\t\t\t\t<div class=\"elementor-post__text\">\n\t\t\t\t<h2 class=\"elementor-post__title\">\n\t\t\t<a href=\"https:\/\/taskerium.com\/lt\/ka-reiketu-apsvarstyti-perkant-lauko-paslaugu-valdymo-programine-iranga\/\" >\n\t\t\t\tK\u0105 reik\u0117t\u0173 apsvarstyti perkant lauko paslaug\u0173 valdymo programin\u0119 \u012frang\u0105\t\t\t<\/a>\n\t\t<\/h2>\n\t\t\t\t<div class=\"elementor-post__meta-data\">\n\t\t\t\t\t<span class=\"elementor-post-date\">\n\t\t\t27\/01\/2025\t\t<\/span>\n\t\t\t\t<\/div>\n\t\t\t\t<div class=\"elementor-post__excerpt\">\n\t\t\t<p>\u012esivaizduokite taip: vadovaujate \u012fmonei, kurioje dirba lauko darbuotojai, \u012fmon\u0117 spar\u010diai auga, klientai skambina \u012f kair\u0119 ir \u012f de\u0161in\u0119, o j\u016bs, nor\u0117dami patenkinti paklaus\u0105, pradedate samdyti<\/p>\n\t\t<\/div>\n\t\t\n\t\t<a class=\"elementor-post__read-more\" href=\"https:\/\/taskerium.com\/lt\/ka-reiketu-apsvarstyti-perkant-lauko-paslaugu-valdymo-programine-iranga\/\" aria-label=\"Read more about K\u0105 reik\u0117t\u0173 apsvarstyti perkant lauko paslaug\u0173 valdymo programin\u0119 \u012frang\u0105\" tabindex=\"-1\" >\n\t\t\tSkaityti daugiau \"\t\t<\/a>\n\n\t\t\t\t<\/div>\n\t\t\t\t<\/article>\n\t\t\t\t<article class=\"elementor-post elementor-grid-item post-1429 post type-post status-publish format-standard has-post-thumbnail hentry category-uncategorized-lt\">\n\t\t\t\t<a class=\"elementor-post__thumbnail__link\" href=\"https:\/\/taskerium.com\/lt\/where-does-it-come-from\/\" tabindex=\"-1\" >\n\t\t\t<div class=\"elementor-post__thumbnail\"><img loading=\"lazy\" decoding=\"async\" width=\"768\" height=\"512\" src=\"https:\/\/taskerium.com\/wp-content\/uploads\/taskonium-mobile-application-768x512.jpg\" class=\"attachment-medium_large size-medium_large wp-image-1430\" alt=\"\" srcset=\"https:\/\/taskerium.com\/wp-content\/uploads\/taskonium-mobile-application-768x512.jpg 768w, https:\/\/taskerium.com\/wp-content\/uploads\/taskonium-mobile-application-300x200.jpg 300w, https:\/\/taskerium.com\/wp-content\/uploads\/taskonium-mobile-application-1024x683.jpg 1024w, https:\/\/taskerium.com\/wp-content\/uploads\/taskonium-mobile-application-1536x1024.jpg 1536w, https:\/\/taskerium.com\/wp-content\/uploads\/taskonium-mobile-application-2048x1365.jpg 2048w\" sizes=\"auto, (max-width: 768px) 100vw, 768px\" \/><\/div>\n\t\t<\/a>\n\t\t\t\t<div class=\"elementor-post__text\">\n\t\t\t\t<h2 class=\"elementor-post__title\">\n\t\t\t<a href=\"https:\/\/taskerium.com\/lt\/where-does-it-come-from\/\" >\n\t\t\t\tWhere does it come from?\t\t\t<\/a>\n\t\t<\/h2>\n\t\t\t\t<div class=\"elementor-post__meta-data\">\n\t\t\t\t\t<span class=\"elementor-post-date\">\n\t\t\t07\/05\/2020\t\t<\/span>\n\t\t\t\t<\/div>\n\t\t\t\t<div class=\"elementor-post__excerpt\">\n\t\t\t<p>Contrary to popular belief, Lorem Ipsum is not simply random text. It has roots in a piece of classical Latin literature from 45 BC, making<\/p>\n\t\t<\/div>\n\t\t\n\t\t<a class=\"elementor-post__read-more\" href=\"https:\/\/taskerium.com\/lt\/where-does-it-come-from\/\" aria-label=\"Read more about Where does it come from?\" tabindex=\"-1\" >\n\t\t\tSkaityti daugiau \"\t\t<\/a>\n\n\t\t\t\t<\/div>\n\t\t\t\t<\/article>\n\t\t\t\t<\/div>\n\t\t\n\t\t\t\t\t\t<\/div>\n\t\t\t\t<\/div>\n\t\t\t\t\t<\/div>\n\t\t<\/div>\n\t\t\t\t\t<\/div>\n\t\t<\/section>\n\t\t\t\t<section class=\"has_eae_slider elementor-section elementor-top-section elementor-element elementor-element-2a22a08 elementor-section-height-min-height elementor-hidden-desktop elementor-hidden-tablet elementor-section-boxed elementor-section-height-default elementor-section-items-middle elementor-invisible\" data-eae-slider=\"64011\" data-id=\"2a22a08\" data-element_type=\"section\" data-e-type=\"section\" data-settings=\"{&quot;background_background&quot;:&quot;classic&quot;,&quot;animation&quot;:&quot;fadeInLeft&quot;,&quot;animation_tablet&quot;:&quot;none&quot;,&quot;jet_parallax_layout_list&quot;:[]}\">\n\t\t\t\t\t\t\t<div class=\"elementor-background-overlay\"><\/div>\n\t\t\t\t\t\t\t<div class=\"elementor-container elementor-column-gap-default\">\n\t\t\t\t\t<div class=\"has_eae_slider elementor-column elementor-col-100 elementor-top-column elementor-element elementor-element-b1a9b2d\" data-eae-slider=\"54998\" data-id=\"b1a9b2d\" data-element_type=\"column\" data-e-type=\"column\">\n\t\t\t<div class=\"elementor-widget-wrap elementor-element-populated\">\n\t\t\t\t\t\t<div class=\"elementor-element elementor-element-4a11eba elementor-grid-1 elementor-grid-tablet-1 elementor-grid-mobile-1 elementor-posts--thumbnail-top elementor-widget elementor-widget-posts\" data-id=\"4a11eba\" data-element_type=\"widget\" data-e-type=\"widget\" data-settings=\"{&quot;classic_columns&quot;:&quot;1&quot;,&quot;classic_columns_tablet&quot;:&quot;1&quot;,&quot;classic_columns_mobile&quot;:&quot;1&quot;,&quot;classic_row_gap&quot;:{&quot;unit&quot;:&quot;px&quot;,&quot;size&quot;:35,&quot;sizes&quot;:[]},&quot;classic_row_gap_tablet&quot;:{&quot;unit&quot;:&quot;px&quot;,&quot;size&quot;:&quot;&quot;,&quot;sizes&quot;:[]},&quot;classic_row_gap_mobile&quot;:{&quot;unit&quot;:&quot;px&quot;,&quot;size&quot;:&quot;&quot;,&quot;sizes&quot;:[]}}\" data-widget_type=\"posts.classic\">\n\t\t\t\t<div class=\"elementor-widget-container\">\n\t\t\t\t\t\t\t<div class=\"elementor-posts-container elementor-posts elementor-posts--skin-classic elementor-grid\">\n\t\t\t\t<article class=\"elementor-post elementor-grid-item post-1926 post type-post status-publish format-standard has-post-thumbnail hentry category-uncategorized-lt\">\n\t\t\t\t<a class=\"elementor-post__thumbnail__link\" href=\"https:\/\/taskerium.com\/lt\/ka-reiketu-apsvarstyti-perkant-lauko-paslaugu-valdymo-programine-iranga\/\" tabindex=\"-1\" >\n\t\t\t<div class=\"elementor-post__thumbnail\"><img loading=\"lazy\" decoding=\"async\" width=\"768\" height=\"431\" src=\"https:\/\/taskerium.com\/wp-content\/uploads\/iStock-1135567448-768x431.jpg\" class=\"attachment-medium_large size-medium_large wp-image-1475\" alt=\"\" srcset=\"https:\/\/taskerium.com\/wp-content\/uploads\/iStock-1135567448-768x431.jpg 768w, https:\/\/taskerium.com\/wp-content\/uploads\/iStock-1135567448-300x168.jpg 300w, https:\/\/taskerium.com\/wp-content\/uploads\/iStock-1135567448-1024x574.jpg 1024w, https:\/\/taskerium.com\/wp-content\/uploads\/iStock-1135567448-1536x862.jpg 1536w, https:\/\/taskerium.com\/wp-content\/uploads\/iStock-1135567448-2048x1149.jpg 2048w\" sizes=\"auto, (max-width: 768px) 100vw, 768px\" \/><\/div>\n\t\t<\/a>\n\t\t\t\t<div class=\"elementor-post__text\">\n\t\t\t\t<h2 class=\"elementor-post__title\">\n\t\t\t<a href=\"https:\/\/taskerium.com\/lt\/ka-reiketu-apsvarstyti-perkant-lauko-paslaugu-valdymo-programine-iranga\/\" >\n\t\t\t\tK\u0105 reik\u0117t\u0173 apsvarstyti perkant lauko paslaug\u0173 valdymo programin\u0119 \u012frang\u0105\t\t\t<\/a>\n\t\t<\/h2>\n\t\t\t\t<div class=\"elementor-post__meta-data\">\n\t\t\t\t\t<span class=\"elementor-post-date\">\n\t\t\t27\/01\/2025\t\t<\/span>\n\t\t\t\t<\/div>\n\t\t\t\t<div class=\"elementor-post__excerpt\">\n\t\t\t<p>\u012esivaizduokite taip: vadovaujate \u012fmonei, kurioje dirba lauko darbuotojai, \u012fmon\u0117 spar\u010diai auga, klientai skambina \u012f kair\u0119 ir \u012f de\u0161in\u0119, o j\u016bs, nor\u0117dami patenkinti paklaus\u0105, pradedate samdyti<\/p>\n\t\t<\/div>\n\t\t\n\t\t<a class=\"elementor-post__read-more\" href=\"https:\/\/taskerium.com\/lt\/ka-reiketu-apsvarstyti-perkant-lauko-paslaugu-valdymo-programine-iranga\/\" aria-label=\"Read more about K\u0105 reik\u0117t\u0173 apsvarstyti perkant lauko paslaug\u0173 valdymo programin\u0119 \u012frang\u0105\" tabindex=\"-1\" >\n\t\t\tSkaityti daugiau \"\t\t<\/a>\n\n\t\t\t\t<\/div>\n\t\t\t\t<\/article>\n\t\t\t\t<article class=\"elementor-post elementor-grid-item post-1429 post type-post status-publish format-standard has-post-thumbnail hentry category-uncategorized-lt\">\n\t\t\t\t<a class=\"elementor-post__thumbnail__link\" href=\"https:\/\/taskerium.com\/lt\/where-does-it-come-from\/\" tabindex=\"-1\" >\n\t\t\t<div class=\"elementor-post__thumbnail\"><img loading=\"lazy\" decoding=\"async\" width=\"768\" height=\"512\" src=\"https:\/\/taskerium.com\/wp-content\/uploads\/taskonium-mobile-application-768x512.jpg\" class=\"attachment-medium_large size-medium_large wp-image-1430\" alt=\"\" srcset=\"https:\/\/taskerium.com\/wp-content\/uploads\/taskonium-mobile-application-768x512.jpg 768w, https:\/\/taskerium.com\/wp-content\/uploads\/taskonium-mobile-application-300x200.jpg 300w, https:\/\/taskerium.com\/wp-content\/uploads\/taskonium-mobile-application-1024x683.jpg 1024w, https:\/\/taskerium.com\/wp-content\/uploads\/taskonium-mobile-application-1536x1024.jpg 1536w, https:\/\/taskerium.com\/wp-content\/uploads\/taskonium-mobile-application-2048x1365.jpg 2048w\" sizes=\"auto, (max-width: 768px) 100vw, 768px\" \/><\/div>\n\t\t<\/a>\n\t\t\t\t<div class=\"elementor-post__text\">\n\t\t\t\t<h2 class=\"elementor-post__title\">\n\t\t\t<a href=\"https:\/\/taskerium.com\/lt\/where-does-it-come-from\/\" >\n\t\t\t\tWhere does it come from?\t\t\t<\/a>\n\t\t<\/h2>\n\t\t\t\t<div class=\"elementor-post__meta-data\">\n\t\t\t\t\t<span class=\"elementor-post-date\">\n\t\t\t07\/05\/2020\t\t<\/span>\n\t\t\t\t<\/div>\n\t\t\t\t<div class=\"elementor-post__excerpt\">\n\t\t\t<p>Contrary to popular belief, Lorem Ipsum is not simply random text. It has roots in a piece of classical Latin literature from 45 BC, making<\/p>\n\t\t<\/div>\n\t\t\n\t\t<a class=\"elementor-post__read-more\" href=\"https:\/\/taskerium.com\/lt\/where-does-it-come-from\/\" aria-label=\"Read more about Where does it come from?\" tabindex=\"-1\" >\n\t\t\tSkaityti daugiau \"\t\t<\/a>\n\n\t\t\t\t<\/div>\n\t\t\t\t<\/article>\n\t\t\t\t<\/div>\n\t\t\n\t\t\t\t\t\t<\/div>\n\t\t\t\t<\/div>\n\t\t\t\t\t<\/div>\n\t\t<\/div>\n\t\t\t\t\t<\/div>\n\t\t<\/section>\n\t\t\t\t<\/div>\n\t\t","protected":false},"excerpt":{"rendered":"","protected":false},"author":3,"featured_media":0,"parent":0,"menu_order":0,"comment_status":"closed","ping_status":"closed","template":"elementor_header_footer","meta":{"site-sidebar-layout":"no-sidebar","site-content-layout":"page-builder","ast-site-content-layout":"full-width-container","site-content-style":"unboxed","site-sidebar-style":"unboxed","ast-global-header-display":"","ast-banner-title-visibility":"","ast-main-header-display":"","ast-hfb-above-header-display":"","ast-hfb-below-header-display":"","ast-hfb-mobile-header-display":"","site-post-title":"disabled","ast-breadcrumbs-content":"","ast-featured-img":"disabled","footer-sml-layout":"","ast-disable-related-posts":"","theme-transparent-header-meta":"default","adv-header-id-meta":"","stick-header-meta":"","header-above-stick-meta":"","header-main-stick-meta":"","header-below-stick-meta":"","astra-migrate-meta-layouts":"default","ast-page-background-enabled":"default","ast-page-background-meta":{"desktop":{"background-color":"","background-image":"","background-repeat":"repeat","background-position":"center center","background-size":"auto","background-attachment":"scroll","background-type":"","background-media":"","overlay-type":"","overlay-color":"","overlay-opacity":"","overlay-gradient":""},"tablet":{"background-color":"","background-image":"","background-repeat":"repeat","background-position":"center center","background-size":"auto","background-attachment":"scroll","background-type":"","background-media":"","overlay-type":"","overlay-color":"","overlay-opacity":"","overlay-gradient":""},"mobile":{"background-color":"","background-image":"","background-repeat":"repeat","background-position":"center center","background-size":"auto","background-attachment":"scroll","background-type":"","background-media":"","overlay-type":"","overlay-color":"","overlay-opacity":"","overlay-gradient":""}},"ast-content-background-meta":{"desktop":{"background-color":"var(--ast-global-color-5)","background-image":"","background-repeat":"repeat","background-position":"center center","background-size":"auto","background-attachment":"scroll","background-type":"","background-media":"","overlay-type":"","overlay-color":"","overlay-opacity":"","overlay-gradient":""},"tablet":{"background-color":"var(--ast-global-color-5)","background-image":"","background-repeat":"repeat","background-position":"center center","background-size":"auto","background-attachment":"scroll","background-type":"","background-media":"","overlay-type":"","overlay-color":"","overlay-opacity":"","overlay-gradient":""},"mobile":{"background-color":"var(--ast-global-color-5)","background-image":"","background-repeat":"repeat","background-position":"center center","background-size":"auto","background-attachment":"scroll","background-type":"","background-media":"","overlay-type":"","overlay-color":"","overlay-opacity":"","overlay-gradient":""}},"footnotes":""},"class_list":["post-1494","page","type-page","status-publish","hentry"],"aioseo_notices":[],"_links":{"self":[{"href":"https:\/\/taskerium.com\/lt\/wp-json\/wp\/v2\/pages\/1494","targetHints":{"allow":["GET"]}}],"collection":[{"href":"https:\/\/taskerium.com\/lt\/wp-json\/wp\/v2\/pages"}],"about":[{"href":"https:\/\/taskerium.com\/lt\/wp-json\/wp\/v2\/types\/page"}],"author":[{"embeddable":true,"href":"https:\/\/taskerium.com\/lt\/wp-json\/wp\/v2\/users\/3"}],"replies":[{"embeddable":true,"href":"https:\/\/taskerium.com\/lt\/wp-json\/wp\/v2\/comments?post=1494"}],"version-history":[{"count":2,"href":"https:\/\/taskerium.com\/lt\/wp-json\/wp\/v2\/pages\/1494\/revisions"}],"predecessor-version":[{"id":1991,"href":"https:\/\/taskerium.com\/lt\/wp-json\/wp\/v2\/pages\/1494\/revisions\/1991"}],"wp:attachment":[{"href":"https:\/\/taskerium.com\/lt\/wp-json\/wp\/v2\/media?parent=1494"}],"curies":[{"name":"wp","href":"https:\/\/api.w.org\/{rel}","templated":true}]}}