{"id":1113,"date":"2020-05-19T17:51:07","date_gmt":"2020-05-19T14:51:07","guid":{"rendered":"https:\/\/taskerium.com\/?page_id=1113"},"modified":"2025-06-30T16:51:15","modified_gmt":"2025-06-30T13:51:15","slug":"slapukai","status":"publish","type":"page","link":"https:\/\/taskerium.com\/lt\/slapukai\/","title":{"rendered":"Privatumo politika"},"content":{"rendered":"\t\t<div data-elementor-type=\"wp-page\" data-elementor-id=\"1113\" class=\"elementor elementor-1113 elementor-3\" data-elementor-post-type=\"page\">\n\t\t\t\t\t\t<section class=\"has_eae_slider elementor-section elementor-top-section elementor-element elementor-element-aed3830 elementor-section-boxed elementor-section-height-default elementor-section-height-default\" data-eae-slider=\"96933\" data-id=\"aed3830\" data-element_type=\"section\" data-e-type=\"section\" data-settings=\"{&quot;jet_parallax_layout_list&quot;:[{&quot;jet_parallax_layout_image&quot;:{&quot;url&quot;:&quot;&quot;,&quot;id&quot;:&quot;&quot;,&quot;size&quot;:&quot;&quot;},&quot;_id&quot;:&quot;3388f01&quot;,&quot;jet_parallax_layout_image_tablet&quot;:{&quot;url&quot;:&quot;&quot;,&quot;id&quot;:&quot;&quot;,&quot;size&quot;:&quot;&quot;},&quot;jet_parallax_layout_image_mobile&quot;:{&quot;url&quot;:&quot;&quot;,&quot;id&quot;:&quot;&quot;,&quot;size&quot;:&quot;&quot;},&quot;jet_parallax_layout_speed&quot;:{&quot;unit&quot;:&quot;%&quot;,&quot;size&quot;:50,&quot;sizes&quot;:[]},&quot;jet_parallax_layout_type&quot;:&quot;scroll&quot;,&quot;jet_parallax_layout_direction&quot;:null,&quot;jet_parallax_layout_fx_direction&quot;:null,&quot;jet_parallax_layout_z_index&quot;:&quot;&quot;,&quot;jet_parallax_layout_bg_x&quot;:50,&quot;jet_parallax_layout_bg_x_tablet&quot;:&quot;&quot;,&quot;jet_parallax_layout_bg_x_mobile&quot;:&quot;&quot;,&quot;jet_parallax_layout_bg_y&quot;:50,&quot;jet_parallax_layout_bg_y_tablet&quot;:&quot;&quot;,&quot;jet_parallax_layout_bg_y_mobile&quot;:&quot;&quot;,&quot;jet_parallax_layout_bg_size&quot;:&quot;auto&quot;,&quot;jet_parallax_layout_bg_size_tablet&quot;:&quot;&quot;,&quot;jet_parallax_layout_bg_size_mobile&quot;:&quot;&quot;,&quot;jet_parallax_layout_animation_prop&quot;:&quot;transform&quot;,&quot;jet_parallax_layout_on&quot;:[&quot;desktop&quot;,&quot;tablet&quot;]}]}\">\n\t\t\t\t\t\t<div class=\"elementor-container elementor-column-gap-default\">\n\t\t\t\t\t<div class=\"has_eae_slider elementor-column elementor-col-100 elementor-top-column elementor-element elementor-element-4b40faa\" data-eae-slider=\"48972\" data-id=\"4b40faa\" data-element_type=\"column\" data-e-type=\"column\">\n\t\t\t<div class=\"elementor-widget-wrap elementor-element-populated\">\n\t\t\t\t\t\t<div class=\"elementor-element elementor-element-394cd30 elementor-widget elementor-widget-text-editor\" data-id=\"394cd30\" data-element_type=\"widget\" data-e-type=\"widget\" data-widget_type=\"text-editor.default\">\n\t\t\t\t<div class=\"elementor-widget-container\">\n\t\t\t\t\t\t\t\t\t<h1><span style=\"color: #009581;\">Taskis<\/span> <span style=\"color: #000000;\">Privatumo Politika<\/span><\/h1>\n\n\n\n\n\n\n\n\n\t\t\t\t\t\t\t\t<\/div>\n\t\t\t\t<\/div>\n\t\t\t\t<div class=\"elementor-element elementor-element-0460c6d elementor-widget-divider--view-line elementor-widget elementor-widget-divider\" data-id=\"0460c6d\" data-element_type=\"widget\" data-e-type=\"widget\" data-widget_type=\"divider.default\">\n\t\t\t\t<div class=\"elementor-widget-container\">\n\t\t\t\t\t\t\t<div class=\"elementor-divider\">\n\t\t\t<span class=\"elementor-divider-separator\">\n\t\t\t\t\t\t<\/span>\n\t\t<\/div>\n\t\t\t\t\t\t<\/div>\n\t\t\t\t<\/div>\n\t\t\t\t<div class=\"elementor-element elementor-element-0811eb8 elementor-widget elementor-widget-text-editor\" data-id=\"0811eb8\" data-element_type=\"widget\" data-e-type=\"widget\" data-widget_type=\"text-editor.default\">\n\t\t\t\t<div class=\"elementor-widget-container\">\n\t\t\t\t\t\t\t\t\t<p data-start=\"243\" data-end=\"489\"><strong data-start=\"246\" data-end=\"256\">Taskis<\/strong>, pasiekiamoje adresu <strong data-start=\"274\" data-end=\"310\"><a class=\"\" href=\"https:\/\/Taskerium.com\/lt\" target=\"_new\" rel=\"noopener\" data-start=\"276\" data-end=\"308\">Taskerium.com<\/a><\/strong>, vienas i\u0161 m\u016bs\u0173 pagrindini\u0173 prioritet\u0173 yra m\u016bs\u0173 lankytoj\u0173 privatumas. \u0160iame privatumo politikos dokumente pateikiama informacija, kuri\u0105 renka ir registruoja Taskis, ir kaip mes j\u0105 naudojame. <\/p>\n<p data-start=\"491\" data-end=\"608\">Jei turite papildom\u0173 klausim\u0173 arba norite gauti daugiau informacijos apie m\u016bs\u0173 privatumo politik\u0105, nedvejodami susisiekite su mumis.<\/p>\n<p data-start=\"610\" data-end=\"891\">\u0160i privatumo politika taikoma tik m\u016bs\u0173 veiklai internete ir galioja m\u016bs\u0173 svetain\u0117s lankytojams, kiek tai susij\u0119 su informacija, kuria jie dalijasi ir (arba) renka Taskis sistemoje. \u0160i politika netaikoma jokiai informacijai, surinktai neprisijungus arba kitais kanalais nei \u0161i svetain\u0117. <\/p>\n<h3 data-start=\"893\" data-end=\"904\">Sutikimas<\/h3>\n<p data-start=\"906\" data-end=\"992\">Naudodamiesi m\u016bs\u0173 svetaine, j\u016bs sutinkate su m\u016bs\u0173 privatumo politika ir sutinkate su jos s\u0105lygomis.<\/p>\n<h3 data-start=\"994\" data-end=\"1020\">Renkama informacija<\/h3>\n<p data-start=\"1022\" data-end=\"1214\">Asmenin\u0117 informacija, kuri\u0105 pra\u0161oma pateikti, ir prie\u017eastys, d\u0117l kuri\u0173 pra\u0161oma j\u0105 pateikti, jums bus paai\u0161kintos tuo metu, kai pra\u0161ysime pateikti asmenin\u0119 informacij\u0105.<\/p>\n<p data-start=\"1216\" data-end=\"1456\">Jei su mumis susisieksite tiesiogiai, galime gauti papildomos informacijos apie jus, pavyzd\u017eiui, j\u016bs\u0173 vard\u0105, pavard\u0119, el. pa\u0161to adres\u0105, telefono numer\u012f, \u017einut\u0117s turin\u012f ir (arba) priedus, kuriuos galite mums si\u0173sti, ir bet koki\u0105 kit\u0105 informacij\u0105, kuri\u0105 galite pasirinkti pateikti.<\/p>\n<p data-start=\"1458\" data-end=\"1622\">Kai registruojat\u0117s paskyroje, galime papra\u0161yti j\u016bs\u0173 kontaktin\u0117s informacijos, pvz., vardo ir pavard\u0117s, \u012fmon\u0117s pavadinimo, adreso, el. pa\u0161to adreso ir telefono numerio.<\/p>\n<h3 data-start=\"1624\" data-end=\"1655\">Kaip naudojame j\u016bs\u0173 informacij\u0105<\/h3>\n<p data-start=\"1657\" data-end=\"1721\">Surinkt\u0105 informacij\u0105 naudojame \u012fvairiais b\u016bdais, \u012fskaitant:<\/p>\n<ul data-start=\"1723\" data-end=\"2204\">\n<li data-start=\"1723\" data-end=\"1769\">\n<p data-start=\"1725\" data-end=\"1769\">teikti, valdyti ir pri\u017ei\u016br\u0117ti m\u016bs\u0173 svetain\u0119.<\/p>\n<\/li>\n<li data-start=\"1770\" data-end=\"1818\">\n<p data-start=\"1772\" data-end=\"1818\">tobulinti, pritaikyti ir pl\u0117sti m\u016bs\u0173 svetain\u0119.<\/p>\n<\/li>\n<li data-start=\"1819\" data-end=\"1869\">\n<p data-start=\"1821\" data-end=\"1869\">suprasti ir analizuoti, kaip naudojat\u0117s m\u016bs\u0173 svetaine.<\/p>\n<\/li>\n<li data-start=\"1870\" data-end=\"1933\">\n<p data-start=\"1872\" data-end=\"1933\">Nauj\u0173 produkt\u0173, paslaug\u0173, funkcij\u0173 ir funkcionalumo k\u016brimas<\/p>\n<\/li>\n<li data-start=\"1934\" data-end=\"2157\">\n<p data-start=\"1936\" data-end=\"2157\">bendrauti su jumis tiesiogiai arba per vien\u0105 i\u0161 m\u016bs\u0173 partneri\u0173, \u012fskaitant klient\u0173 aptarnavimo, atnaujinim\u0173 ir kitos su svetaine susijusios informacijos teikimo, rinkodaros ir reklamos tikslais.<\/p>\n<\/li>\n<li data-start=\"2158\" data-end=\"2177\">\n<p data-start=\"2160\" data-end=\"2177\">Si\u0173sti jums el. lai\u0161kus<\/p>\n<\/li>\n<li data-start=\"2178\" data-end=\"2204\">\n<p data-start=\"2180\" data-end=\"2204\">Ie\u0161koti suk\u010diavimo atvej\u0173 ir u\u017ekirsti jiems keli\u0105<\/p>\n<\/li>\n<\/ul>\n<h3 data-start=\"2206\" data-end=\"2219\">\u017durnalo failai<\/h3>\n<p data-start=\"2221\" data-end=\"2837\">Taskis laikosi standartin\u0117s \u017eurnal\u0173 fail\u0173 naudojimo proced\u016bros. \u0160ie failai registruoja lankytojus, kai jie lankosi svetain\u0117se. Visos prieglobos \u012fmon\u0117s tai daro kaip prieglobos paslaug\u0173 analiz\u0117s dal\u012f. \u017durnal\u0173 fail\u0173 renkama informacija apima interneto protokolo (IP) adresus, nar\u0161ykl\u0117s tip\u0105, interneto paslaug\u0173 teik\u0117j\u0105 (IPT), datos ir laiko \u017eym\u0105, nukreipimo \/ i\u0161\u0117jimo puslapius ir galb\u016bt paspaudim\u0173 skai\u010di\u0173. \u0160ie duomenys n\u0117ra susieti su jokia asmen\u012f identifikuojan\u010dia informacija. Informacijos tikslas \u2013 analizuoti tendencijas, administruoti svetain\u0119, steb\u0117ti vartotoj\u0173 jud\u0117jim\u0105 svetain\u0117je ir rinkti demografin\u0119 informacij\u0105.     <\/p>\n<h3 data-start=\"2839\" data-end=\"2866\">Slapukai ir \u017einiatinklio \u0161vyturiai<\/h3>\n<p data-start=\"2868\" data-end=\"3210\">Kaip ir bet kuri kita svetain\u0117, Taskis naudoja slapukus. \u0160ie slapukai naudojami informacijai, \u012fskaitant lankytoj\u0173 nuostatas ir svetain\u0117s puslapius, kuriuos lankytojas pasiek\u0117 arba aplank\u0117, saugoti. Informacija naudojama siekiant optimizuoti naudotoj\u0173 patirt\u012f, pritaikant m\u016bs\u0173 tinklalapio turin\u012f pagal lankytoj\u0173 nar\u0161ykl\u0117s tip\u0105 ir (arba) kit\u0105 informacij\u0105.  <\/p>\n<h3 data-start=\"3212\" data-end=\"3253\">Reklamos partneriai Privatumo politika<\/h3>\n<p data-start=\"3255\" data-end=\"3355\">\u0160iame s\u0105ra\u0161e galite rasti kiekvieno Taskis reklamos partnerio privatumo politik\u0105.<\/p>\n<p data-start=\"3357\" data-end=\"3800\">Tre\u010di\u0173j\u0173 \u0161ali\u0173 reklamos serveriai arba reklamos tinklai savo atitinkamose reklamose ir nuorodose, rodomose Taskis svetain\u0117je, kurios siun\u010diamos tiesiai \u012f naudotoj\u0173 nar\u0161ykles, naudoja tokias technologijas kaip slapukai, \u201eJavaScript\u201c arba \u017einiatinklio \u0161vytur\u0117liai. Kai tai \u012fvyksta, jie automati\u0161kai gauna j\u016bs\u0173 IP adres\u0105. \u0160ios technologijos naudojamos j\u0173 reklamos kampanij\u0173 efektyvumui matuoti ir (arba) suasmeninti reklamos turin\u012f, kur\u012f matote lankomose svetain\u0117se.  <\/p>\n<p data-start=\"3802\" data-end=\"3907\">Atkreipkite d\u0117mes\u012f, kad Taskis neturi prieigos prie \u0161i\u0173 slapuk\u0173, kuriuos naudoja tre\u010di\u0173j\u0173 \u0161ali\u0173 reklamuotojai, ir j\u0173 nekontroliuoja.<\/p>\n<h3 data-start=\"3909\" data-end=\"3941\">Tre\u010di\u0173j\u0173 \u0161ali\u0173 privatumo politika<\/h3>\n<p data-start=\"3943\" data-end=\"4236\">Taskis privatumo politika netaikoma kitiems reklamuotojams ar svetain\u0117ms. Tod\u0117l patariame per\u017ei\u016br\u0117ti atitinkamas \u0161i\u0173 tre\u010di\u0173j\u0173 \u0161ali\u0173 reklamos serveri\u0173 privatumo politikas, kuriose pateikiama i\u0161samesn\u0117 informacija. Joje gali b\u016bti nurodyta j\u0173 praktika ir instrukcijos, kaip atsisakyti tam tikr\u0173 parink\u010di\u0173.  <\/p>\n<p data-start=\"4238\" data-end=\"4452\">Slapukus galite i\u0161jungti naudodamiesi individualios nar\u0161ykl\u0117s parinktimis. I\u0161samesn\u0117s informacijos apie slapuk\u0173 valdym\u0105 su konkre\u010diomis interneto nar\u0161ykl\u0117mis rasite atitinkamose nar\u0161ykli\u0173 svetain\u0117se. <\/p>\n<h3 data-start=\"4454\" data-end=\"4515\">CCPA privatumo teis\u0117s (neparduokite mano asmenin\u0117s informacijos)<\/h3>\n<p data-start=\"4517\" data-end=\"4592\">Pagal CCPA, be kit\u0173 teisi\u0173, Kalifornijos vartotojai turi teis\u0119:<\/p>\n<ul data-start=\"4594\" data-end=\"4979\">\n<li data-start=\"4594\" data-end=\"4770\">\n<p data-start=\"4596\" data-end=\"4770\">reikalauti, kad vartotojo asmens duomenis renkanti \u012fmon\u0117 atskleist\u0173, koki\u0173 kategorij\u0173 ir kokius konkre\u010dius asmens duomenis apie vartotojus ji surinko.<\/p>\n<\/li>\n<li data-start=\"4771\" data-end=\"4873\">\n<p data-start=\"4773\" data-end=\"4873\">reikalauti, kad \u012fmon\u0117 i\u0161trint\u0173 visus \u012fmon\u0117s surinktus vartotojo asmens duomenis.<\/p>\n<\/li>\n<li data-start=\"4874\" data-end=\"4979\">\n<p data-start=\"4876\" data-end=\"4979\">reikalauti, kad \u012fmon\u0117, kuri parduoda vartotojo asmens duomenis, neparduot\u0173 vartotojo asmens duomen\u0173.<\/p>\n<\/li>\n<\/ul>\n<p data-start=\"4981\" data-end=\"5110\">Jei pateikiate u\u017eklaus\u0105, atsakym\u0105 turime pateikti per m\u0117nes\u012f. Jei norite pasinaudoti bet kuria i\u0161 \u0161i\u0173 teisi\u0173, susisiekite su mumis. <\/p>\n<h3 data-start=\"5112\" data-end=\"5143\">BDAR duomen\u0173 apsaugos teis\u0117s<\/h3>\n<p data-start=\"5145\" data-end=\"5271\">Nor\u0117tume \u012fsitikinti, kad \u017einote visas savo teises, susijusias su duomen\u0173 apsauga. Kiekvienas naudotojas turi \u0161ias teises: <\/p>\n<ul data-start=\"5273\" data-end=\"6212\">\n<li data-start=\"5273\" data-end=\"5406\">\n<p data-start=\"5275\" data-end=\"5406\">Teis\u0117 susipa\u017einti &#8211; turite teis\u0119 pra\u0161yti savo asmens duomen\u0173 kopij\u0173. U\u017e \u0161i\u0105 paslaug\u0105 galime imti nedidel\u012f mokest\u012f. <\/p>\n<\/li>\n<li data-start=\"5407\" data-end=\"5623\">\n<p data-start=\"5409\" data-end=\"5623\">Teis\u0117 \u012f i\u0161taisym\u0105 &#8211; turite teis\u0119 pra\u0161yti, kad i\u0161taisytume bet koki\u0105 informacij\u0105, kuri, j\u016bs\u0173 manymu, yra netiksli. Taip pat turite teis\u0119 pra\u0161yti papildyti, j\u016bs\u0173 manymu, nei\u0161sami\u0105 informacij\u0105. <\/p>\n<\/li>\n<li data-start=\"5624\" data-end=\"5740\">\n<p data-start=\"5626\" data-end=\"5740\">Teis\u0117 i\u0161trinti duomenis &#8211; tam tikromis s\u0105lygomis turite teis\u0119 pra\u0161yti, kad i\u0161trintume j\u016bs\u0173 asmens duomenis.<\/p>\n<\/li>\n<li data-start=\"5741\" data-end=\"5890\">\n<p data-start=\"5743\" data-end=\"5890\">Teis\u0117 apriboti duomen\u0173 tvarkym\u0105 &#8211; tam tikromis s\u0105lygomis turite teis\u0119 pra\u0161yti, kad apribotume j\u016bs\u0173 asmens duomen\u0173 tvarkym\u0105.<\/p>\n<\/li>\n<li data-start=\"5891\" data-end=\"6026\">\n<p data-start=\"5893\" data-end=\"6026\">Teis\u0117 nesutikti su duomen\u0173 tvarkymu &#8211; tam tikromis s\u0105lygomis turite teis\u0119 nesutikti, kad tvarkytume j\u016bs\u0173 asmens duomenis.<\/p>\n<\/li>\n<li data-start=\"6027\" data-end=\"6212\">\n<p data-start=\"6029\" data-end=\"6212\">Teis\u0117 \u012f duomen\u0173 perk\u0117lim\u0105 &#8211; turite teis\u0119 pra\u0161yti, kad tam tikromis s\u0105lygomis perduotume surinktus duomenis kitai organizacijai arba tiesiogiai jums.<\/p>\n<\/li>\n<\/ul>\n<p data-start=\"6214\" data-end=\"6343\">Jei pateikiate u\u017eklaus\u0105, atsakym\u0105 turime pateikti per m\u0117nes\u012f. Jei norite pasinaudoti bet kuria i\u0161 \u0161i\u0173 teisi\u0173, susisiekite su mumis. <\/p>\n<h3 data-start=\"6345\" data-end=\"6371\">Informacija vaikams<\/h3>\n<p data-start=\"6373\" data-end=\"6572\">Kitas m\u016bs\u0173 prioritetas &#8211; u\u017etikrinti vaik\u0173 apsaug\u0105 naudojantis internetu. Raginame t\u0117vus ir glob\u0117jus steb\u0117ti, dalyvauti ir (arba) steb\u0117ti bei vadovauti j\u0173 veiklai internete. <\/p>\n<p data-start=\"6574\" data-end=\"6897\">Taskis s\u0105moningai nerenka jokios asmen\u012f identifikuojan\u010dios informacijos i\u0161 jaunesni\u0173 nei 13 met\u0173 vaik\u0173. Jei manote, kad j\u016bs\u0173 vaikas pateik\u0117 tokio pob\u016bd\u017eio informacij\u0105 m\u016bs\u0173 svetain\u0117je, primygtinai raginame nedelsiant susisiekti su mumis ir mes padarysime visk\u0105, kad nedelsdami pa\u0161alintume toki\u0105 informacij\u0105 i\u0161 savo \u012fra\u0161\u0173. <\/p>\n\t\t\t\t\t\t\t\t<\/div>\n\t\t\t\t<\/div>\n\t\t\t\t\t<\/div>\n\t\t<\/div>\n\t\t\t\t\t<\/div>\n\t\t<\/section>\n\t\t\t\t<\/div>\n\t\t","protected":false},"excerpt":{"rendered":"<p>Taskis Privatumo Politika Taskis, pasiekiamoje adresu Taskerium.com, vienas i\u0161 m\u016bs\u0173 pagrindini\u0173 prioritet\u0173 yra m\u016bs\u0173 lankytoj\u0173 privatumas. \u0160iame privatumo politikos dokumente pateikiama informacija, kuri\u0105 renka ir registruoja Taskis, ir kaip mes j\u0105 naudojame. Jei turite papildom\u0173 klausim\u0173 arba norite gauti daugiau informacijos apie m\u016bs\u0173 privatumo politik\u0105, nedvejodami susisiekite su mumis. \u0160i privatumo politika taikoma tik m\u016bs\u0173 [&hellip;]<\/p>\n","protected":false},"author":3,"featured_media":0,"parent":0,"menu_order":0,"comment_status":"closed","ping_status":"closed","template":"","meta":{"site-sidebar-layout":"no-sidebar","site-content-layout":"default","ast-site-content-layout":"default","site-content-style":"default","site-sidebar-style":"default","ast-global-header-display":"","ast-banner-title-visibility":"","ast-main-header-display":"","ast-hfb-above-header-display":"","ast-hfb-below-header-display":"","ast-hfb-mobile-header-display":"","site-post-title":"disabled","ast-breadcrumbs-content":"","ast-featured-img":"","footer-sml-layout":"","ast-disable-related-posts":"","theme-transparent-header-meta":"default","adv-header-id-meta":"","stick-header-meta":"","header-above-stick-meta":"","header-main-stick-meta":"","header-below-stick-meta":"","astra-migrate-meta-layouts":"default","ast-page-background-enabled":"default","ast-page-background-meta":{"desktop":{"background-color":"","background-image":"","background-repeat":"repeat","background-position":"center center","background-size":"auto","background-attachment":"scroll","background-type":"","background-media":"","overlay-type":"","overlay-color":"","overlay-opacity":"","overlay-gradient":""},"tablet":{"background-color":"","background-image":"","background-repeat":"repeat","background-position":"center center","background-size":"auto","background-attachment":"scroll","background-type":"","background-media":"","overlay-type":"","overlay-color":"","overlay-opacity":"","overlay-gradient":""},"mobile":{"background-color":"","background-image":"","background-repeat":"repeat","background-position":"center center","background-size":"auto","background-attachment":"scroll","background-type":"","background-media":"","overlay-type":"","overlay-color":"","overlay-opacity":"","overlay-gradient":""}},"ast-content-background-meta":{"desktop":{"background-color":"var(--ast-global-color-5)","background-image":"","background-repeat":"repeat","background-position":"center center","background-size":"auto","background-attachment":"scroll","background-type":"","background-media":"","overlay-type":"","overlay-color":"","overlay-opacity":"","overlay-gradient":""},"tablet":{"background-color":"var(--ast-global-color-5)","background-image":"","background-repeat":"repeat","background-position":"center center","background-size":"auto","background-attachment":"scroll","background-type":"","background-media":"","overlay-type":"","overlay-color":"","overlay-opacity":"","overlay-gradient":""},"mobile":{"background-color":"var(--ast-global-color-5)","background-image":"","background-repeat":"repeat","background-position":"center center","background-size":"auto","background-attachment":"scroll","background-type":"","background-media":"","overlay-type":"","overlay-color":"","overlay-opacity":"","overlay-gradient":""}},"footnotes":""},"class_list":["post-1113","page","type-page","status-publish","hentry"],"aioseo_notices":[],"_links":{"self":[{"href":"https:\/\/taskerium.com\/lt\/wp-json\/wp\/v2\/pages\/1113","targetHints":{"allow":["GET"]}}],"collection":[{"href":"https:\/\/taskerium.com\/lt\/wp-json\/wp\/v2\/pages"}],"about":[{"href":"https:\/\/taskerium.com\/lt\/wp-json\/wp\/v2\/types\/page"}],"author":[{"embeddable":true,"href":"https:\/\/taskerium.com\/lt\/wp-json\/wp\/v2\/users\/3"}],"replies":[{"embeddable":true,"href":"https:\/\/taskerium.com\/lt\/wp-json\/wp\/v2\/comments?post=1113"}],"version-history":[{"count":6,"href":"https:\/\/taskerium.com\/lt\/wp-json\/wp\/v2\/pages\/1113\/revisions"}],"predecessor-version":[{"id":3801,"href":"https:\/\/taskerium.com\/lt\/wp-json\/wp\/v2\/pages\/1113\/revisions\/3801"}],"wp:attachment":[{"href":"https:\/\/taskerium.com\/lt\/wp-json\/wp\/v2\/media?parent=1113"}],"curies":[{"name":"wp","href":"https:\/\/api.w.org\/{rel}","templated":true}]}}