{"id":2082,"date":"2025-01-27T13:19:18","date_gmt":"2025-01-27T11:19:18","guid":{"rendered":"https:\/\/taskerium.com\/politique-de-confidentialite\/"},"modified":"2025-06-30T16:47:28","modified_gmt":"2025-06-30T13:47:28","slug":"politique-de-confidentialite","status":"publish","type":"page","link":"https:\/\/taskerium.com\/fr\/politique-de-confidentialite\/","title":{"rendered":"Politique de confidentialit\u00e9"},"content":{"rendered":"\t\t<div data-elementor-type=\"wp-page\" data-elementor-id=\"2082\" class=\"elementor elementor-2082 elementor-3\" data-elementor-post-type=\"page\">\n\t\t\t\t\t\t<section class=\"has_eae_slider elementor-section elementor-top-section elementor-element elementor-element-aed3830 elementor-section-boxed elementor-section-height-default elementor-section-height-default\" data-eae-slider=\"9231\" data-id=\"aed3830\" data-element_type=\"section\" data-settings=\"{&quot;jet_parallax_layout_list&quot;:[{&quot;jet_parallax_layout_image&quot;:{&quot;url&quot;:&quot;&quot;,&quot;id&quot;:&quot;&quot;,&quot;size&quot;:&quot;&quot;},&quot;_id&quot;:&quot;3388f01&quot;,&quot;jet_parallax_layout_image_tablet&quot;:{&quot;url&quot;:&quot;&quot;,&quot;id&quot;:&quot;&quot;,&quot;size&quot;:&quot;&quot;},&quot;jet_parallax_layout_image_mobile&quot;:{&quot;url&quot;:&quot;&quot;,&quot;id&quot;:&quot;&quot;,&quot;size&quot;:&quot;&quot;},&quot;jet_parallax_layout_speed&quot;:{&quot;unit&quot;:&quot;%&quot;,&quot;size&quot;:50,&quot;sizes&quot;:[]},&quot;jet_parallax_layout_type&quot;:&quot;scroll&quot;,&quot;jet_parallax_layout_direction&quot;:null,&quot;jet_parallax_layout_fx_direction&quot;:null,&quot;jet_parallax_layout_z_index&quot;:&quot;&quot;,&quot;jet_parallax_layout_bg_x&quot;:50,&quot;jet_parallax_layout_bg_x_tablet&quot;:&quot;&quot;,&quot;jet_parallax_layout_bg_x_mobile&quot;:&quot;&quot;,&quot;jet_parallax_layout_bg_y&quot;:50,&quot;jet_parallax_layout_bg_y_tablet&quot;:&quot;&quot;,&quot;jet_parallax_layout_bg_y_mobile&quot;:&quot;&quot;,&quot;jet_parallax_layout_bg_size&quot;:&quot;auto&quot;,&quot;jet_parallax_layout_bg_size_tablet&quot;:&quot;&quot;,&quot;jet_parallax_layout_bg_size_mobile&quot;:&quot;&quot;,&quot;jet_parallax_layout_animation_prop&quot;:&quot;transform&quot;,&quot;jet_parallax_layout_on&quot;:[&quot;desktop&quot;,&quot;tablet&quot;]}]}\">\n\t\t\t\t\t\t<div class=\"elementor-container elementor-column-gap-default\">\n\t\t\t\t\t<div class=\"has_eae_slider elementor-column elementor-col-100 elementor-top-column elementor-element elementor-element-4b40faa\" data-eae-slider=\"57292\" data-id=\"4b40faa\" data-element_type=\"column\">\n\t\t\t<div class=\"elementor-widget-wrap elementor-element-populated\">\n\t\t\t\t\t\t<div class=\"elementor-element elementor-element-394cd30 elementor-widget elementor-widget-text-editor\" data-id=\"394cd30\" data-element_type=\"widget\" data-widget_type=\"text-editor.default\">\n\t\t\t\t<div class=\"elementor-widget-container\">\n\t\t\t\t\t\t\t\t\t<h1><span style=\"color: #000000;\">Politique de confidentialit\u00e9 de<\/span> <span style=\"color: #009581;\">Taskis<\/span><\/h1>\n\n\n\n\n\n\n\n\n\t\t\t\t\t\t\t\t<\/div>\n\t\t\t\t<\/div>\n\t\t\t\t<div class=\"elementor-element elementor-element-0460c6d elementor-widget-divider--view-line elementor-widget elementor-widget-divider\" data-id=\"0460c6d\" data-element_type=\"widget\" data-widget_type=\"divider.default\">\n\t\t\t\t<div class=\"elementor-widget-container\">\n\t\t\t\t\t\t\t<div class=\"elementor-divider\">\n\t\t\t<span class=\"elementor-divider-separator\">\n\t\t\t\t\t\t<\/span>\n\t\t<\/div>\n\t\t\t\t\t\t<\/div>\n\t\t\t\t<\/div>\n\t\t\t\t<div class=\"elementor-element elementor-element-0811eb8 elementor-widget elementor-widget-text-editor\" data-id=\"0811eb8\" data-element_type=\"widget\" data-widget_type=\"text-editor.default\">\n\t\t\t\t<div class=\"elementor-widget-container\">\n\t\t\t\t\t\t\t\t\t<p data-start=\"243\" data-end=\"489\">Chez <strong data-start=\"246\" data-end=\"256\">Taskis<\/strong>, accessible depuis <strong data-start=\"274\" data-end=\"310\"><a class=\"\" href=\"https:\/\/Taskerium.com\/fr\" target=\"_new\" rel=\"noopener\" data-start=\"276\" data-end=\"308\">Taskerium.com<\/a><\/strong>, la confidentialit\u00e9 de nos visiteurs est l&rsquo;une de nos principales priorit\u00e9s. Cette politique de confidentialit\u00e9 d\u00e9crit les types d&rsquo;informations collect\u00e9es et enregistr\u00e9es par Taskis, ainsi que leur utilisation. <\/p>\n<p data-start=\"491\" data-end=\"608\">Si vous avez des questions suppl\u00e9mentaires ou si vous souhaitez obtenir plus d&rsquo;informations sur notre politique de protection de la vie priv\u00e9e, n&rsquo;h\u00e9sitez pas \u00e0 nous contacter.<\/p>\n<p data-start=\"610\" data-end=\"891\">Cette politique de confidentialit\u00e9 s&rsquo;applique uniquement \u00e0 nos activit\u00e9s en ligne et est valable pour les visiteurs de notre site web concernant les informations partag\u00e9es et\/ou collect\u00e9es sur Taskis. Elle ne s&rsquo;applique pas aux informations collect\u00e9es hors ligne ou via des canaux autres que ce site web. <\/p>\n<h3 data-start=\"893\" data-end=\"904\">Consentement<\/h3>\n<p data-start=\"906\" data-end=\"992\">En utilisant notre site web, vous consentez par la pr\u00e9sente \u00e0 notre politique de confidentialit\u00e9 et en acceptez les termes.<\/p>\n<h3 data-start=\"994\" data-end=\"1020\">Informations que nous recueillons<\/h3>\n<p data-start=\"1022\" data-end=\"1214\">Les informations personnelles qui vous sont demand\u00e9es, et les raisons pour lesquelles elles vous sont demand\u00e9es, vous seront pr\u00e9cis\u00e9es au moment o\u00f9 nous vous demanderons de fournir vos informations personnelles.<\/p>\n<p data-start=\"1216\" data-end=\"1456\">Si vous nous contactez directement, nous pouvons recevoir des informations suppl\u00e9mentaires vous concernant, telles que votre nom, votre adresse \u00e9lectronique, votre num\u00e9ro de t\u00e9l\u00e9phone, le contenu du message et\/ou des pi\u00e8ces jointes que vous pouvez nous envoyer, ainsi que toute autre information que vous pouvez choisir de fournir.<\/p>\n<p data-start=\"1458\" data-end=\"1622\">Lorsque vous vous inscrivez pour ouvrir un compte, nous pouvons vous demander vos coordonn\u00e9es, notamment votre nom, le nom de votre entreprise, votre adresse, votre adresse \u00e9lectronique et votre num\u00e9ro de t\u00e9l\u00e9phone.<\/p>\n<h3 data-start=\"1624\" data-end=\"1655\">Comment nous utilisons vos informations<\/h3>\n<p data-start=\"1657\" data-end=\"1721\">Nous utilisons les informations que nous recueillons de diff\u00e9rentes mani\u00e8res, notamment pour :<\/p>\n<ul data-start=\"1723\" data-end=\"2204\">\n<li data-start=\"1723\" data-end=\"1769\">\n<p data-start=\"1725\" data-end=\"1769\">Fournir, exploiter et maintenir notre site web<\/p>\n<\/li>\n<li data-start=\"1770\" data-end=\"1818\">\n<p data-start=\"1772\" data-end=\"1818\">Am\u00e9liorer, personnaliser et d\u00e9velopper notre site web<\/p>\n<\/li>\n<li data-start=\"1819\" data-end=\"1869\">\n<p data-start=\"1821\" data-end=\"1869\">Comprendre et analyser la fa\u00e7on dont vous utilisez notre site web<\/p>\n<\/li>\n<li data-start=\"1870\" data-end=\"1933\">\n<p data-start=\"1872\" data-end=\"1933\">D\u00e9velopper de nouveaux produits, services, caract\u00e9ristiques et fonctionnalit\u00e9s<\/p>\n<\/li>\n<li data-start=\"1934\" data-end=\"2157\">\n<p data-start=\"1936\" data-end=\"2157\">communiquer avec vous, soit directement, soit par l&rsquo;interm\u00e9diaire de l&rsquo;un de nos partenaires, notamment pour le service client\u00e8le, pour vous fournir des mises \u00e0 jour et d&rsquo;autres informations relatives au site web, ainsi qu&rsquo;\u00e0 des fins de marketing et de promotion<\/p>\n<\/li>\n<li data-start=\"2158\" data-end=\"2177\">\n<p data-start=\"2160\" data-end=\"2177\">Vous envoyer des courriels<\/p>\n<\/li>\n<li data-start=\"2178\" data-end=\"2204\">\n<p data-start=\"2180\" data-end=\"2204\">D\u00e9tecter et pr\u00e9venir la fraude<\/p>\n<\/li>\n<\/ul>\n<h3 data-start=\"2206\" data-end=\"2219\">Fichiers journaux<\/h3>\n<p data-start=\"2221\" data-end=\"2837\">Taskis utilise des fichiers journaux selon une proc\u00e9dure standard. Ces fichiers enregistrent les visites des visiteurs sur les sites web. Tous les h\u00e9bergeurs utilisent cette m\u00e9thode dans le cadre de leurs analyses. Les informations collect\u00e9es par les fichiers journaux incluent l&rsquo;adresse IP (protocole Internet), le type de navigateur, le fournisseur d&rsquo;acc\u00e8s \u00e0 Internet (FAI), la date et l&rsquo;heure, les pages de renvoi\/sortie et, \u00e9ventuellement, le nombre de clics. Ces informations ne sont li\u00e9es \u00e0 aucune information personnelle identifiable. Elles servent \u00e0 analyser les tendances, \u00e0 administrer le site, \u00e0 suivre les d\u00e9placements des utilisateurs et \u00e0 recueillir des donn\u00e9es d\u00e9mographiques.     <\/p>\n<h3 data-start=\"2839\" data-end=\"2866\">Cookies et balises web<\/h3>\n<p data-start=\"2868\" data-end=\"3210\">Comme tout autre site web, Taskis utilise des cookies. Ces cookies servent \u00e0 stocker des informations, notamment les pr\u00e9f\u00e9rences des visiteurs et les pages du site web consult\u00e9es. Ces informations servent \u00e0 optimiser l&rsquo;exp\u00e9rience utilisateur en personnalisant le contenu de nos pages web en fonction du type de navigateur des visiteurs et\/ou d&rsquo;autres informations.  <\/p>\n<h3 data-start=\"3212\" data-end=\"3253\">Partenaires publicitaires Politiques de confidentialit\u00e9<\/h3>\n<p data-start=\"3255\" data-end=\"3355\">Vous pouvez consulter cette liste pour trouver la politique de confidentialit\u00e9 de chacun des partenaires publicitaires de Taskis.<\/p>\n<p data-start=\"3357\" data-end=\"3800\">Les serveurs publicitaires ou r\u00e9seaux publicitaires tiers utilisent des technologies telles que les cookies, JavaScript ou les balises web dans leurs publicit\u00e9s et liens respectifs qui apparaissent sur Taskis, et qui sont envoy\u00e9s directement aux navigateurs des utilisateurs. Ils re\u00e7oivent alors automatiquement votre adresse IP. Ces technologies servent \u00e0 mesurer l&rsquo;efficacit\u00e9 de leurs campagnes publicitaires et\/ou \u00e0 personnaliser le contenu publicitaire affich\u00e9 sur les sites web que vous consultez.  <\/p>\n<p data-start=\"3802\" data-end=\"3907\">Notez que Taskis n&rsquo;a aucun acc\u00e8s ni contr\u00f4le sur ces cookies qui sont utilis\u00e9s par des annonceurs tiers.<\/p>\n<h3 data-start=\"3909\" data-end=\"3941\">Politiques de confidentialit\u00e9 des tiers<\/h3>\n<p data-start=\"3943\" data-end=\"4236\">La politique de confidentialit\u00e9 de Taskis ne s&rsquo;applique pas aux autres annonceurs ni aux sites web. Nous vous conseillons donc de consulter les politiques de confidentialit\u00e9 de ces serveurs publicitaires tiers pour plus d&rsquo;informations. Elles peuvent inclure leurs pratiques et des instructions sur la fa\u00e7on de d\u00e9sactiver certaines options.  <\/p>\n<p data-start=\"4238\" data-end=\"4452\">Vous pouvez choisir de d\u00e9sactiver les cookies par le biais des options de votre navigateur. Pour obtenir des informations plus d\u00e9taill\u00e9es sur la gestion des cookies avec des navigateurs web sp\u00e9cifiques, vous pouvez consulter les sites web respectifs de ces navigateurs. <\/p>\n<h3 data-start=\"4454\" data-end=\"4515\">Droits de la protection de la vie priv\u00e9e de l&rsquo;ACCP (Ne vendez pas mes informations personnelles)<\/h3>\n<p data-start=\"4517\" data-end=\"4592\">En vertu de la CCPA, les consommateurs californiens ont, entre autres, le droit de.. :<\/p>\n<ul data-start=\"4594\" data-end=\"4979\">\n<li data-start=\"4594\" data-end=\"4770\">\n<p data-start=\"4596\" data-end=\"4770\">Demander \u00e0 une entreprise qui collecte les donn\u00e9es personnelles d&rsquo;un consommateur de divulguer les cat\u00e9gories et les \u00e9l\u00e9ments sp\u00e9cifiques des donn\u00e9es personnelles qu&rsquo;elle a collect\u00e9es sur les consommateurs.<\/p>\n<\/li>\n<li data-start=\"4771\" data-end=\"4873\">\n<p data-start=\"4773\" data-end=\"4873\">Demander \u00e0 une entreprise de supprimer toutes les donn\u00e9es \u00e0 caract\u00e8re personnel qu&rsquo;elle a recueillies sur le consommateur.<\/p>\n<\/li>\n<li data-start=\"4874\" data-end=\"4979\">\n<p data-start=\"4876\" data-end=\"4979\">Demander qu&rsquo;une entreprise qui vend les donn\u00e9es personnelles d&rsquo;un consommateur ne vende pas les donn\u00e9es personnelles du consommateur.<\/p>\n<\/li>\n<\/ul>\n<p data-start=\"4981\" data-end=\"5110\">Si vous faites une demande, nous disposons d&rsquo;un mois pour vous r\u00e9pondre. Si vous souhaitez exercer l&rsquo;un de ces droits, veuillez nous contacter. <\/p>\n<h3 data-start=\"5112\" data-end=\"5143\">GDPR Droits \u00e0 la protection des donn\u00e9es<\/h3>\n<p data-start=\"5145\" data-end=\"5271\">Nous souhaitons nous assurer que vous \u00eates pleinement conscient de vos droits en mati\u00e8re de protection des donn\u00e9es. Chaque utilisateur a droit \u00e0 ce qui suit : <\/p>\n<ul data-start=\"5273\" data-end=\"6212\">\n<li data-start=\"5273\" data-end=\"5406\">\n<p data-start=\"5275\" data-end=\"5406\">Droit d&rsquo;acc\u00e8s &#8211; Vous avez le droit de demander des copies de vos donn\u00e9es personnelles. Il se peut que nous vous facturions une somme modique pour ce service. <\/p>\n<\/li>\n<li data-start=\"5407\" data-end=\"5623\">\n<p data-start=\"5409\" data-end=\"5623\">Droit de rectification &#8211; Vous avez le droit de nous demander de corriger toute information que vous estimez inexacte. Vous avez \u00e9galement le droit de nous demander de compl\u00e9ter les informations que vous estimez incompl\u00e8tes. <\/p>\n<\/li>\n<li data-start=\"5624\" data-end=\"5740\">\n<p data-start=\"5626\" data-end=\"5740\">Le droit \u00e0 l&rsquo;effacement &#8211; Vous avez le droit de nous demander d&rsquo;effacer vos donn\u00e9es personnelles, sous certaines conditions.<\/p>\n<\/li>\n<li data-start=\"5741\" data-end=\"5890\">\n<p data-start=\"5743\" data-end=\"5890\">Le droit de restreindre le traitement &#8211; Vous avez le droit de nous demander de restreindre le traitement de vos donn\u00e9es personnelles, sous certaines conditions.<\/p>\n<\/li>\n<li data-start=\"5891\" data-end=\"6026\">\n<p data-start=\"5893\" data-end=\"6026\">Le droit de s&rsquo;opposer au traitement &#8211; Vous avez le droit de vous opposer \u00e0 notre traitement de vos donn\u00e9es personnelles, sous certaines conditions.<\/p>\n<\/li>\n<li data-start=\"6027\" data-end=\"6212\">\n<p data-start=\"6029\" data-end=\"6212\">Droit \u00e0 la portabilit\u00e9 des donn\u00e9es &#8211; Vous avez le droit de nous demander de transf\u00e9rer les donn\u00e9es que nous avons collect\u00e9es \u00e0 une autre organisation, ou directement \u00e0 vous, sous certaines conditions.<\/p>\n<\/li>\n<\/ul>\n<p data-start=\"6214\" data-end=\"6343\">Si vous faites une demande, nous disposons d&rsquo;un mois pour vous r\u00e9pondre. Si vous souhaitez exercer l&rsquo;un de ces droits, veuillez nous contacter. <\/p>\n<h3 data-start=\"6345\" data-end=\"6371\">Informations pour les enfants<\/h3>\n<p data-start=\"6373\" data-end=\"6572\">Une autre de nos priorit\u00e9s est de renforcer la protection des enfants lorsqu&rsquo;ils utilisent l&rsquo;internet. Nous encourageons les parents et les tuteurs \u00e0 observer leurs activit\u00e9s en ligne, \u00e0 y participer et\/ou \u00e0 les surveiller et \u00e0 les guider. <\/p>\n<p data-start=\"6574\" data-end=\"6897\">Taskis ne collecte pas sciemment d&rsquo;informations personnelles identifiables aupr\u00e8s d&rsquo;enfants de moins de 13 ans. Si vous pensez que votre enfant a fourni ce type d&rsquo;informations sur notre site Web, nous vous encourageons vivement \u00e0 nous contacter imm\u00e9diatement et nous ferons de notre mieux pour supprimer rapidement ces informations de nos dossiers. <\/p>\n\t\t\t\t\t\t\t\t<\/div>\n\t\t\t\t<\/div>\n\t\t\t\t\t<\/div>\n\t\t<\/div>\n\t\t\t\t\t<\/div>\n\t\t<\/section>\n\t\t\t\t<\/div>\n\t\t","protected":false},"excerpt":{"rendered":"<p>Politique de confidentialit\u00e9 de Taskis Chez Taskis, accessible depuis Taskerium.com, la confidentialit\u00e9 de nos visiteurs est l&rsquo;une de nos principales priorit\u00e9s. Cette politique de confidentialit\u00e9 d\u00e9crit les types d&rsquo;informations collect\u00e9es et enregistr\u00e9es par Taskis, ainsi que leur utilisation. Si vous avez des questions suppl\u00e9mentaires ou si vous souhaitez obtenir plus d&rsquo;informations sur notre politique de [&hellip;]<\/p>\n","protected":false},"author":3,"featured_media":0,"parent":0,"menu_order":0,"comment_status":"closed","ping_status":"closed","template":"","meta":{"site-sidebar-layout":"no-sidebar","site-content-layout":"default","ast-site-content-layout":"default","site-content-style":"default","site-sidebar-style":"default","ast-global-header-display":"","ast-banner-title-visibility":"","ast-main-header-display":"","ast-hfb-above-header-display":"","ast-hfb-below-header-display":"","ast-hfb-mobile-header-display":"","site-post-title":"disabled","ast-breadcrumbs-content":"","ast-featured-img":"","footer-sml-layout":"","theme-transparent-header-meta":"default","adv-header-id-meta":"","stick-header-meta":"","header-above-stick-meta":"","header-main-stick-meta":"","header-below-stick-meta":"","astra-migrate-meta-layouts":"default","ast-page-background-enabled":"default","ast-page-background-meta":{"desktop":{"background-color":"","background-image":"","background-repeat":"repeat","background-position":"center center","background-size":"auto","background-attachment":"scroll","background-type":"","background-media":"","overlay-type":"","overlay-color":"","overlay-opacity":"","overlay-gradient":""},"tablet":{"background-color":"","background-image":"","background-repeat":"repeat","background-position":"center center","background-size":"auto","background-attachment":"scroll","background-type":"","background-media":"","overlay-type":"","overlay-color":"","overlay-opacity":"","overlay-gradient":""},"mobile":{"background-color":"","background-image":"","background-repeat":"repeat","background-position":"center center","background-size":"auto","background-attachment":"scroll","background-type":"","background-media":"","overlay-type":"","overlay-color":"","overlay-opacity":"","overlay-gradient":""}},"ast-content-background-meta":{"desktop":{"background-color":"var(--ast-global-color-5)","background-image":"","background-repeat":"repeat","background-position":"center center","background-size":"auto","background-attachment":"scroll","background-type":"","background-media":"","overlay-type":"","overlay-color":"","overlay-opacity":"","overlay-gradient":""},"tablet":{"background-color":"var(--ast-global-color-5)","background-image":"","background-repeat":"repeat","background-position":"center center","background-size":"auto","background-attachment":"scroll","background-type":"","background-media":"","overlay-type":"","overlay-color":"","overlay-opacity":"","overlay-gradient":""},"mobile":{"background-color":"var(--ast-global-color-5)","background-image":"","background-repeat":"repeat","background-position":"center center","background-size":"auto","background-attachment":"scroll","background-type":"","background-media":"","overlay-type":"","overlay-color":"","overlay-opacity":"","overlay-gradient":""}},"footnotes":""},"class_list":["post-2082","page","type-page","status-publish","hentry"],"aioseo_notices":[],"_links":{"self":[{"href":"https:\/\/taskerium.com\/fr\/wp-json\/wp\/v2\/pages\/2082","targetHints":{"allow":["GET"]}}],"collection":[{"href":"https:\/\/taskerium.com\/fr\/wp-json\/wp\/v2\/pages"}],"about":[{"href":"https:\/\/taskerium.com\/fr\/wp-json\/wp\/v2\/types\/page"}],"author":[{"embeddable":true,"href":"https:\/\/taskerium.com\/fr\/wp-json\/wp\/v2\/users\/3"}],"replies":[{"embeddable":true,"href":"https:\/\/taskerium.com\/fr\/wp-json\/wp\/v2\/comments?post=2082"}],"version-history":[{"count":2,"href":"https:\/\/taskerium.com\/fr\/wp-json\/wp\/v2\/pages\/2082\/revisions"}],"predecessor-version":[{"id":3800,"href":"https:\/\/taskerium.com\/fr\/wp-json\/wp\/v2\/pages\/2082\/revisions\/3800"}],"wp:attachment":[{"href":"https:\/\/taskerium.com\/fr\/wp-json\/wp\/v2\/media?parent=2082"}],"curies":[{"name":"wp","href":"https:\/\/api.w.org\/{rel}","templated":true}]}}