{"id":1942,"date":"2025-01-27T13:15:33","date_gmt":"2025-01-27T11:15:33","guid":{"rendered":"https:\/\/taskerium.com\/conditions-generales-dutilisation\/"},"modified":"2025-06-30T23:27:03","modified_gmt":"2025-06-30T20:27:03","slug":"conditions-generales-dutilisation","status":"publish","type":"page","link":"https:\/\/taskerium.com\/fr\/conditions-generales-dutilisation\/","title":{"rendered":"Conditions g\u00e9n\u00e9rales d&rsquo;utilisation"},"content":{"rendered":"\t\t<div data-elementor-type=\"wp-page\" data-elementor-id=\"1942\" class=\"elementor elementor-1942 elementor-1590\" data-elementor-post-type=\"page\">\n\t\t\t\t\t\t<section class=\"has_eae_slider elementor-section elementor-top-section elementor-element elementor-element-5fb04f7 elementor-section-boxed elementor-section-height-default elementor-section-height-default\" data-eae-slider=\"46673\" data-id=\"5fb04f7\" data-element_type=\"section\" data-e-type=\"section\" data-settings=\"{&quot;jet_parallax_layout_list&quot;:[{&quot;jet_parallax_layout_image&quot;:{&quot;url&quot;:&quot;&quot;,&quot;id&quot;:&quot;&quot;,&quot;size&quot;:&quot;&quot;},&quot;_id&quot;:&quot;2fbfc22&quot;,&quot;jet_parallax_layout_image_tablet&quot;:{&quot;url&quot;:&quot;&quot;,&quot;id&quot;:&quot;&quot;,&quot;size&quot;:&quot;&quot;},&quot;jet_parallax_layout_image_mobile&quot;:{&quot;url&quot;:&quot;&quot;,&quot;id&quot;:&quot;&quot;,&quot;size&quot;:&quot;&quot;},&quot;jet_parallax_layout_speed&quot;:{&quot;unit&quot;:&quot;%&quot;,&quot;size&quot;:50,&quot;sizes&quot;:[]},&quot;jet_parallax_layout_type&quot;:&quot;scroll&quot;,&quot;jet_parallax_layout_direction&quot;:null,&quot;jet_parallax_layout_fx_direction&quot;:null,&quot;jet_parallax_layout_z_index&quot;:&quot;&quot;,&quot;jet_parallax_layout_bg_x&quot;:50,&quot;jet_parallax_layout_bg_x_tablet&quot;:&quot;&quot;,&quot;jet_parallax_layout_bg_x_mobile&quot;:&quot;&quot;,&quot;jet_parallax_layout_bg_y&quot;:50,&quot;jet_parallax_layout_bg_y_tablet&quot;:&quot;&quot;,&quot;jet_parallax_layout_bg_y_mobile&quot;:&quot;&quot;,&quot;jet_parallax_layout_bg_size&quot;:&quot;auto&quot;,&quot;jet_parallax_layout_bg_size_tablet&quot;:&quot;&quot;,&quot;jet_parallax_layout_bg_size_mobile&quot;:&quot;&quot;,&quot;jet_parallax_layout_animation_prop&quot;:&quot;transform&quot;,&quot;jet_parallax_layout_on&quot;:[&quot;desktop&quot;,&quot;tablet&quot;]}],&quot;background_background&quot;:&quot;classic&quot;}\">\n\t\t\t\t\t\t<div class=\"elementor-container elementor-column-gap-default\">\n\t\t\t\t\t<div class=\"has_eae_slider elementor-column elementor-col-100 elementor-top-column elementor-element elementor-element-126f067\" data-eae-slider=\"95414\" data-id=\"126f067\" data-element_type=\"column\" data-e-type=\"column\" data-settings=\"{&quot;background_background&quot;:&quot;classic&quot;}\">\n\t\t\t<div class=\"elementor-widget-wrap elementor-element-populated\">\n\t\t\t\t\t\t<div class=\"elementor-element elementor-element-849fafc elementor-widget elementor-widget-text-editor\" data-id=\"849fafc\" data-element_type=\"widget\" data-e-type=\"widget\" data-widget_type=\"text-editor.default\">\n\t\t\t\t<div class=\"elementor-widget-container\">\n\t\t\t\t\t\t\t\t\t<h1><span style=\"color: #000000;\">Conditions g\u00e9n\u00e9rales de<\/span> <span style=\"color: #009581;\">Taskis<\/span><\/h1>\n\t\t\t\t\t\t\t\t<\/div>\n\t\t\t\t<\/div>\n\t\t\t\t<div class=\"elementor-element elementor-element-a4db7a2 elementor-widget-divider--view-line elementor-widget elementor-widget-divider\" data-id=\"a4db7a2\" data-element_type=\"widget\" data-e-type=\"widget\" data-widget_type=\"divider.default\">\n\t\t\t\t<div class=\"elementor-widget-container\">\n\t\t\t\t\t\t\t<div class=\"elementor-divider\">\n\t\t\t<span class=\"elementor-divider-separator\">\n\t\t\t\t\t\t<\/span>\n\t\t<\/div>\n\t\t\t\t\t\t<\/div>\n\t\t\t\t<\/div>\n\t\t\t\t<div class=\"elementor-element elementor-element-0d90f70 elementor-widget elementor-widget-text-editor\" data-id=\"0d90f70\" data-element_type=\"widget\" data-e-type=\"widget\" data-widget_type=\"text-editor.default\">\n\t\t\t\t<div class=\"elementor-widget-container\">\n\t\t\t\t\t\t\t\t\t<p data-start=\"187\" data-end=\"209\">Ces termes et conditions d\u00e9crivent les r\u00e8gles et r\u00e9glementations relatives \u00e0 l&rsquo;utilisation du site Web de Taskis, situ\u00e9 \u00e0 l&rsquo;adresse <a class=\"\" href=\"https:\/\/taskerium.com\/fr\/\" target=\"_new\" rel=\"noopener\" data-start=\"316\" data-end=\"352\"><strong data-start=\"317\" data-end=\"331\">Taskerium.com<\/strong><\/a>.<\/p>\n<p data-start=\"355\" data-end=\"540\">En acc\u00e9dant \u00e0 ce site web, vous acceptez les pr\u00e9sentes conditions g\u00e9n\u00e9rales. N&rsquo;utilisez pas Taskis si vous n&rsquo;acceptez pas l&rsquo;int\u00e9gralit\u00e9 des conditions g\u00e9n\u00e9rales \u00e9nonc\u00e9es sur cette page. <\/p>\n<p data-start=\"542\" data-end=\"1463\">La terminologie suivante s&rsquo;applique aux pr\u00e9sentes Conditions g\u00e9n\u00e9rales, \u00e0 la D\u00e9claration de confidentialit\u00e9, \u00e0 l&rsquo;Avis de non-responsabilit\u00e9 et \u00e0 tous les Contrats : \u00ab Client \u00bb, \u00ab Vous \u00bb et \u00ab Votre \u00bb d\u00e9signent la personne se connectant \u00e0 ce site web et se conformant aux conditions g\u00e9n\u00e9rales de la Soci\u00e9t\u00e9. \u00ab La Soci\u00e9t\u00e9 \u00bb, \u00ab Nous-m\u00eames \u00bb, \u00ab Notre \u00bb et \u00ab Nos \u00bb d\u00e9signent notre Soci\u00e9t\u00e9. \u00ab Partie \u00bb, \u00ab Parties \u00bb ou \u00ab Nos \u00bb d\u00e9signent \u00e0 la fois le Client et nous-m\u00eames. Tous les termes font r\u00e9f\u00e9rence \u00e0 l&rsquo;offre, \u00e0 l&rsquo;acceptation et \u00e0 la prise en compte du paiement n\u00e9cessaires \u00e0 la mise en \u0153uvre de notre assistance au Client de la mani\u00e8re la plus appropri\u00e9e, dans le but expr\u00e8s de r\u00e9pondre aux besoins du Client concernant la fourniture des services indiqu\u00e9s par la Soci\u00e9t\u00e9, conform\u00e9ment au droit n\u00e9erlandais en vigueur. Toute utilisation de la terminologie ci-dessus ou d&rsquo;autres termes au singulier, au pluriel, en majuscules et\/ou \u00ab il\/elle \u00bb ou \u00ab ils \u00bb est consid\u00e9r\u00e9e comme interchangeable et, par cons\u00e9quent, comme faisant r\u00e9f\u00e9rence \u00e0 la m\u00eame chose.    <\/p>\n<h3 data-start=\"1470\" data-end=\"1481\">Cookies<\/h3>\n<p data-start=\"1483\" data-end=\"1602\">Nous utilisons des cookies. En acc\u00e9dant \u00e0 Taskis, vous acceptez l&rsquo;utilisation de cookies conform\u00e9ment \u00e0 la politique de confidentialit\u00e9 de Taskis. <\/p>\n<p data-start=\"1604\" data-end=\"1888\">La plupart des sites web interactifs utilisent des cookies pour nous permettre de r\u00e9cup\u00e9rer les d\u00e9tails de l&rsquo;utilisateur \u00e0 chaque visite. Les cookies sont utilis\u00e9s par notre site web pour permettre la fonctionnalit\u00e9 de certaines zones afin de faciliter la t\u00e2che des personnes qui visitent notre site web. Certains de nos partenaires affili\u00e9s\/publicitaires peuvent \u00e9galement utiliser des cookies.  <\/p>\n<h3 data-start=\"1895\" data-end=\"1906\">Licence<\/h3>\n<p data-start=\"1908\" data-end=\"2189\">Sauf mention contraire, Taskis et\/ou ses conc\u00e9dants de licence d\u00e9tiennent les droits de propri\u00e9t\u00e9 intellectuelle sur l&rsquo;ensemble du contenu de Taskis. Tous droits de propri\u00e9t\u00e9 intellectuelle r\u00e9serv\u00e9s. Vous pouvez y acc\u00e9der depuis Taskis pour votre usage personnel, sous r\u00e9serve des restrictions d\u00e9finies dans les pr\u00e9sentes conditions g\u00e9n\u00e9rales.  <\/p>\n<p data-start=\"2191\" data-end=\"2208\"><strong data-start=\"2191\" data-end=\"2208\">Vous ne devez pas :<\/strong><\/p>\n<ul data-start=\"2210\" data-end=\"2386\">\n<li data-start=\"2210\" data-end=\"2244\">\n<p data-start=\"2212\" data-end=\"2244\">Republier le mat\u00e9riel de Taskis<\/p>\n<\/li>\n<li data-start=\"2245\" data-end=\"2295\">\n<p data-start=\"2247\" data-end=\"2295\">Vendre, louer ou sous-licencier du mat\u00e9riel de Taskis<\/p>\n<\/li>\n<li data-start=\"2296\" data-end=\"2349\">\n<p data-start=\"2298\" data-end=\"2349\">Reproduire, dupliquer ou copier du mat\u00e9riel de Taskis<\/p>\n<\/li>\n<li data-start=\"2350\" data-end=\"2386\">\n<p data-start=\"2352\" data-end=\"2386\">Redistribuer le contenu de Taskis<\/p>\n<\/li>\n<\/ul>\n<p data-start=\"2388\" data-end=\"2434\">Le pr\u00e9sent accord prend effet \u00e0 la date du pr\u00e9sent accord.<\/p>\n<p data-start=\"2436\" data-end=\"3070\">Certaines parties de ce site web offrent aux utilisateurs la possibilit\u00e9 de publier et d&rsquo;\u00e9changer des opinions et des informations. Taskis ne filtre, ne modifie, ne publie ni ne r\u00e9vise les commentaires avant leur publication sur le site web. Les commentaires ne refl\u00e8tent pas les points de vue et opinions de Taskis, de ses agents et\/ou de ses soci\u00e9t\u00e9s affili\u00e9es. Ils refl\u00e8tent les points de vue et opinions de la personne qui les publie. Dans la mesure permise par la loi applicable, Taskis ne saurait \u00eatre tenu responsable des commentaires ni des dommages et d\u00e9penses caus\u00e9s et\/ou subis suite \u00e0 leur utilisation, leur publication et\/ou leur apparition sur ce site web.    <\/p>\n<p data-start=\"3072\" data-end=\"3247\">Taskis se r\u00e9serve le droit de surveiller tous les commentaires et de supprimer tout commentaire qui peut \u00eatre consid\u00e9r\u00e9 comme inappropri\u00e9, offensant ou qui entra\u00eene une violation des pr\u00e9sentes conditions g\u00e9n\u00e9rales.<\/p>\n<p data-start=\"3249\" data-end=\"3284\"><strong data-start=\"3249\" data-end=\"3284\">Vous garantissez et d\u00e9clarez que<\/strong><\/p>\n<ul data-start=\"3286\" data-end=\"3813\">\n<li data-start=\"3286\" data-end=\"3397\">\n<p data-start=\"3288\" data-end=\"3397\">Vous \u00eates autoris\u00e9 \u00e0 publier les commentaires sur notre site web et disposez de toutes les licences et autorisations n\u00e9cessaires pour ce faire ;<\/p>\n<\/li>\n<li data-start=\"3398\" data-end=\"3541\">\n<p data-start=\"3400\" data-end=\"3541\">Les commentaires ne portent atteinte \u00e0 aucun droit de propri\u00e9t\u00e9 intellectuelle, y compris, mais sans s&rsquo;y limiter, les droits d&rsquo;auteur, les brevets ou les marques d\u00e9pos\u00e9es d&rsquo;un tiers ;<\/p>\n<\/li>\n<li data-start=\"3542\" data-end=\"3683\">\n<p data-start=\"3544\" data-end=\"3683\">Les commentaires ne contiennent aucun contenu diffamatoire, calomnieux, offensant, ind\u00e9cent ou autrement ill\u00e9gal qui constitue une atteinte \u00e0 la vie priv\u00e9e ;<\/p>\n<\/li>\n<li data-start=\"3684\" data-end=\"3813\">\n<p data-start=\"3686\" data-end=\"3813\">Les commentaires ne seront pas utilis\u00e9s pour solliciter ou promouvoir des affaires ou des coutumes, ni pour pr\u00e9senter des activit\u00e9s commerciales ou des activit\u00e9s ill\u00e9gales.<\/p>\n<\/li>\n<\/ul>\n<p data-start=\"3815\" data-end=\"3996\">Vous accordez par la pr\u00e9sente \u00e0 Taskis une licence non exclusive pour utiliser, reproduire, \u00e9diter et autoriser d&rsquo;autres personnes \u00e0 utiliser, reproduire et \u00e9diter n&rsquo;importe lequel de vos commentaires sous toutes les formes, formats ou supports.<\/p>\n<h3 data-start=\"4003\" data-end=\"4034\">Hyperliens vers notre contenu<\/h3>\n<p data-start=\"4036\" data-end=\"4119\">Les organisations suivantes peuvent \u00e9tablir un lien avec notre site web sans autorisation \u00e9crite pr\u00e9alable :<\/p>\n<ul data-start=\"4121\" data-end=\"4499\">\n<li data-start=\"4121\" data-end=\"4144\">\n<p data-start=\"4123\" data-end=\"4144\">Agences gouvernementales<\/p>\n<\/li>\n<li data-start=\"4145\" data-end=\"4163\">\n<p data-start=\"4147\" data-end=\"4163\">Moteurs de recherche<\/p>\n<\/li>\n<li data-start=\"4164\" data-end=\"4186\">\n<p data-start=\"4166\" data-end=\"4186\">Organismes de presse<\/p>\n<\/li>\n<li data-start=\"4187\" data-end=\"4324\">\n<p data-start=\"4189\" data-end=\"4324\">Les distributeurs d&rsquo;annuaires en ligne peuvent cr\u00e9er un lien vers notre site Web de la m\u00eame mani\u00e8re qu&rsquo;ils cr\u00e9ent un lien hypertexte vers les sites Web d&rsquo;autres entreprises r\u00e9pertori\u00e9es.<\/p>\n<\/li>\n<li data-start=\"4325\" data-end=\"4499\">\n<p data-start=\"4327\" data-end=\"4499\">Entreprises accr\u00e9dit\u00e9es \u00e0 l&rsquo;\u00e9chelle du syst\u00e8me, \u00e0 l&rsquo;exception des organisations \u00e0 but non lucratif, des centres commerciaux caritatifs et des groupes de collecte de fonds caritatifs qui ne peuvent pas cr\u00e9er de lien hypertexte vers notre site Web.<\/p>\n<\/li>\n<\/ul>\n<p data-start=\"4501\" data-end=\"4835\">Ces organisations peuvent cr\u00e9er des liens vers notre page d&rsquo;accueil, vers des publications ou vers d&rsquo;autres informations du site Web \u00e0 condition que le lien :<br data-start=\"4616\" data-end=\"4619\">(a) n\u2019est en aucune fa\u00e7on trompeur;<br data-start=\"4651\" data-end=\"4654\">(b) n&rsquo;implique pas faussement un parrainage, une approbation ou un soutien de la partie li\u00e9e et de ses produits et\/ou services ; et<br data-start=\"4776\" data-end=\"4779\">(c) s\u2019inscrit dans le contexte du site de la partie qui \u00e9tablit le lien.<\/p>\n<p data-start=\"4837\" data-end=\"4927\">Nous pouvons prendre en consid\u00e9ration et approuver d&rsquo;autres demandes de liens \u00e9manant des types d&rsquo;organisations suivants :<\/p>\n<ul data-start=\"4929\" data-end=\"5225\">\n<li data-start=\"4929\" data-end=\"4992\">\n<p data-start=\"4931\" data-end=\"4992\">Sources d&rsquo;informations sur les consommateurs et\/ou les entreprises commun\u00e9ment connues<\/p>\n<\/li>\n<li data-start=\"4993\" data-end=\"5020\">\n<p data-start=\"4995\" data-end=\"5020\">Sites communautaires Dot.com<\/p>\n<\/li>\n<li data-start=\"5021\" data-end=\"5076\">\n<p data-start=\"5023\" data-end=\"5076\">Associations ou autres groupes repr\u00e9sentant des organismes de bienfaisance<\/p>\n<\/li>\n<li data-start=\"5077\" data-end=\"5110\">\n<p data-start=\"5079\" data-end=\"5110\">Distributeurs d&rsquo;annuaires en ligne<\/p>\n<\/li>\n<li data-start=\"5111\" data-end=\"5131\">\n<p data-start=\"5113\" data-end=\"5131\">Portails Internet<\/p>\n<\/li>\n<li data-start=\"5132\" data-end=\"5173\">\n<p data-start=\"5134\" data-end=\"5173\">Cabinets d&rsquo;expertise comptable, d&rsquo;avocats et de conseil<\/p>\n<\/li>\n<li data-start=\"5174\" data-end=\"5225\">\n<p data-start=\"5176\" data-end=\"5225\">\u00c9tablissements d&rsquo;enseignement et associations professionnelles<\/p>\n<\/li>\n<\/ul>\n<p data-start=\"5227\" data-end=\"5629\">Nous approuverons les demandes de liens de ces organisations si nous d\u00e9cidons que :<br data-start=\"5300\" data-end=\"5303\">(a) le lien ne nous ferait pas para\u00eetre d\u00e9favorablement, ni \u00e0 nous-m\u00eames ni \u00e0 nos entreprises accr\u00e9dit\u00e9es ;<br data-start=\"5396\" data-end=\"5399\">(b) l\u2019organisation n\u2019a aucun dossier n\u00e9gatif avec nous ;<br data-start=\"5463\" data-end=\"5466\">(c) le b\u00e9n\u00e9fice que nous tirons de la visibilit\u00e9 du lien hypertexte compense l&rsquo;absence de Taskis ; et<br data-start=\"5563\" data-end=\"5566\">(d) le lien se trouve dans le contexte d\u2019informations g\u00e9n\u00e9rales sur les ressources.<\/p>\n<p data-start=\"5631\" data-end=\"5912\">Ces organisations peuvent cr\u00e9er un lien vers notre page d&rsquo;accueil \u00e0 condition que le lien :<br data-start=\"5697\" data-end=\"5700\">(a) n\u2019est en aucune fa\u00e7on trompeur;<br data-start=\"5732\" data-end=\"5735\">(b) n&rsquo;implique pas faussement un parrainage, une approbation ou un soutien de la partie li\u00e9e et de ses produits ou services ; et<br data-start=\"5853\" data-end=\"5856\">(c) s\u2019inscrit dans le contexte du site de la partie qui \u00e9tablit le lien.<\/p>\n<p data-start=\"5914\" data-end=\"6326\">Si vous faites partie des organisations mentionn\u00e9es ci-dessus et souhaitez cr\u00e9er un lien vers notre site web, veuillez nous en informer en envoyant un courriel \u00e0 Taskis. Veuillez indiquer votre nom, le nom de votre organisation, vos coordonn\u00e9es, l&rsquo;URL de votre site, la liste des URL \u00e0 partir desquelles vous souhaitez cr\u00e9er un lien vers notre site web, ainsi que la liste des URL de notre site vers lesquelles vous souhaitez cr\u00e9er un lien. Veuillez patienter deux \u00e0 trois semaines pour obtenir une r\u00e9ponse.  <\/p>\n<p data-start=\"6328\" data-end=\"6391\">Les organisations agr\u00e9\u00e9es peuvent cr\u00e9er des liens hypertextes vers notre site web de la mani\u00e8re suivante :<\/p>\n<ul data-start=\"6393\" data-end=\"6645\">\n<li data-start=\"6393\" data-end=\"6429\">\n<p data-start=\"6395\" data-end=\"6429\">par l&rsquo;utilisation de notre raison sociale ; ou<\/p>\n<\/li>\n<li data-start=\"6430\" data-end=\"6492\">\n<p data-start=\"6432\" data-end=\"6492\">par l&rsquo;utilisation du localisateur de ressources uniformes vers lequel le lien est \u00e9tabli ; ou<\/p>\n<\/li>\n<li data-start=\"6493\" data-end=\"6645\">\n<p data-start=\"6495\" data-end=\"6645\">En utilisant toute autre description de notre site Web li\u00e9 qui a du sens dans le contexte et le format du contenu du site de la partie li\u00e9e<\/p>\n<\/li>\n<\/ul>\n<p data-start=\"6647\" data-end=\"6757\"><strong data-start=\"6647\" data-end=\"6757\">Aucune utilisation du logo ou d&rsquo;autres illustrations de Taskis ne sera autoris\u00e9e pour la cr\u00e9ation de liens en l&rsquo;absence d&rsquo;un accord de licence de marque.<\/strong><\/p>\n<h3 data-start=\"6764\" data-end=\"6775\">iFrames<\/h3>\n<p data-start=\"6777\" data-end=\"6945\">Sans accord pr\u00e9alable et autorisation \u00e9crite, vous ne pouvez pas cr\u00e9er de cadres autour de nos pages web qui modifient de quelque mani\u00e8re que ce soit la pr\u00e9sentation visuelle ou l&rsquo;apparence de notre site web.<\/p>\n<h3 data-start=\"6952\" data-end=\"6973\">Responsabilit\u00e9 du contenu<\/h3>\n<p data-start=\"6975\" data-end=\"7356\">Nous d\u00e9clinons toute responsabilit\u00e9 quant au contenu figurant sur votre site web. Vous acceptez de nous prot\u00e9ger et de nous d\u00e9fendre contre toute r\u00e9clamation li\u00e9e \u00e0 votre site web. Aucun lien ne doit appara\u00eetre sur un site web susceptible d&rsquo;\u00eatre interpr\u00e9t\u00e9 comme diffamatoire, obsc\u00e8ne ou criminel, ou qui porte atteinte, viole ou pr\u00e9conise la violation des droits de tiers.  <\/p>\n<h3 data-start=\"7363\" data-end=\"7379\">Votre vie priv\u00e9e<\/h3>\n<p data-start=\"7381\" data-end=\"7437\">Veuillez lire la <a class=\"cursor-pointer\" href=\"https:\/\/taskerium.com\/fr\/politique-de-confidentialite\/\" target=\"_new\" rel=\"noopener\" data-start=\"7393\" data-end=\"7437\">politique de confidentialit\u00e9<\/a><\/p>\n<h3 data-start=\"7444\" data-end=\"7469\">R\u00e9serve de droits<\/h3>\n<p data-start=\"7471\" data-end=\"7850\">Nous nous r\u00e9servons le droit de vous demander de supprimer tout lien, ou tout lien sp\u00e9cifique, vers notre site web. Vous acceptez de supprimer imm\u00e9diatement tout lien vers notre site web sur demande. Nous nous r\u00e9servons \u00e9galement le droit de modifier les pr\u00e9sentes conditions g\u00e9n\u00e9rales et notre politique en mati\u00e8re de liens \u00e0 tout moment. En utilisant r\u00e9guli\u00e8rement des liens vers notre site web, vous acceptez d&rsquo;\u00eatre li\u00e9 par les pr\u00e9sentes conditions g\u00e9n\u00e9rales et de les respecter.   <\/p>\n<h3 data-start=\"7857\" data-end=\"7894\">Suppression de liens sur notre site web<\/h3>\n<p data-start=\"7896\" data-end=\"8125\">Si vous trouvez un lien offensant sur notre site web, quelle qu&rsquo;en soit la raison, n&rsquo;h\u00e9sitez pas \u00e0 nous contacter et \u00e0 nous en informer \u00e0 tout moment. Nous \u00e9tudierons les demandes de suppression de liens, mais nous ne sommes pas tenus de le faire ni de vous r\u00e9pondre directement. <\/p>\n<p data-start=\"8127\" data-end=\"8359\">Nous ne garantissons pas que les informations sur ce site Web sont correctes ; nous ne garantissons pas leur exhaustivit\u00e9 ou leur exactitude ; nous ne promettons pas non plus de garantir que le site Web reste disponible ou que le contenu du site Web est tenu \u00e0 jour.<\/p>\n<h3 data-start=\"8366\" data-end=\"8380\">Clause de non-responsabilit\u00e9<\/h3>\n<p data-start=\"8382\" data-end=\"8577\">Dans la mesure maximale permise par la loi applicable, nous excluons toute d\u00e9claration, garantie et condition relative \u00e0 notre site web et \u00e0 son utilisation. Aucune disposition de la pr\u00e9sente clause de non-responsabilit\u00e9 ne saurait : <\/p>\n<ul data-start=\"8579\" data-end=\"8926\">\n<li data-start=\"8579\" data-end=\"8651\">\n<p data-start=\"8581\" data-end=\"8651\">limiter ou exclure notre ou votre responsabilit\u00e9 en cas de d\u00e9c\u00e8s ou de dommages corporels ;<\/p>\n<\/li>\n<li data-start=\"8652\" data-end=\"8737\">\n<p data-start=\"8654\" data-end=\"8737\">limiter ou exclure notre ou votre responsabilit\u00e9 en cas de fraude ou de d\u00e9claration frauduleuse ;<\/p>\n<\/li>\n<li data-start=\"8738\" data-end=\"8836\">\n<p data-start=\"8740\" data-end=\"8836\">limiter l&rsquo;une quelconque de nos ou de vos responsabilit\u00e9s d&rsquo;une mani\u00e8re qui ne serait pas autoris\u00e9e par le droit applicable ; ou<\/p>\n<\/li>\n<li data-start=\"8837\" data-end=\"8926\">\n<p data-start=\"8839\" data-end=\"8926\">exclure toute responsabilit\u00e9 de notre ou de votre part qui ne peut \u00eatre exclue en vertu du droit applicable.<\/p>\n<\/li>\n<\/ul>\n<p data-start=\"8928\" data-end=\"9222\">Les limitations et interdictions de responsabilit\u00e9 \u00e9nonc\u00e9es dans cette section et ailleurs dans cette clause de non-responsabilit\u00e9 :<br data-start=\"9027\" data-end=\"9030\">(a) sont soumis au paragraphe pr\u00e9c\u00e9dent; et<br data-start=\"9077\" data-end=\"9080\">(b) r\u00e9gir toutes les responsabilit\u00e9s d\u00e9coulant de la clause de non-responsabilit\u00e9, y compris les responsabilit\u00e9s contractuelles, d\u00e9lictuelles et pour manquement \u00e0 une obligation l\u00e9gale.<\/p>\n<p data-start=\"9224\" data-end=\"9387\">Tant que le site web et les informations et services qu&rsquo;il contient sont fournis gratuitement, <strong data-start=\"9324\" data-end=\"9386\">nous ne sommes pas responsables des pertes ou dommages de quelque nature que ce soit.<\/strong><\/p>\n\t\t\t\t\t\t\t\t<\/div>\n\t\t\t\t<\/div>\n\t\t\t\t\t<\/div>\n\t\t<\/div>\n\t\t\t\t\t<\/div>\n\t\t<\/section>\n\t\t\t\t<\/div>\n\t\t","protected":false},"excerpt":{"rendered":"<p>Conditions g\u00e9n\u00e9rales de Taskis Ces termes et conditions d\u00e9crivent les r\u00e8gles et r\u00e9glementations relatives \u00e0 l&rsquo;utilisation du site Web de Taskis, situ\u00e9 \u00e0 l&rsquo;adresse Taskerium.com. En acc\u00e9dant \u00e0 ce site web, vous acceptez les pr\u00e9sentes conditions g\u00e9n\u00e9rales. N&rsquo;utilisez pas Taskis si vous n&rsquo;acceptez pas l&rsquo;int\u00e9gralit\u00e9 des conditions g\u00e9n\u00e9rales \u00e9nonc\u00e9es sur cette page. La terminologie suivante [&hellip;]<\/p>\n","protected":false},"author":3,"featured_media":0,"parent":0,"menu_order":0,"comment_status":"closed","ping_status":"closed","template":"","meta":{"site-sidebar-layout":"no-sidebar","site-content-layout":"page-builder","ast-site-content-layout":"default","site-content-style":"default","site-sidebar-style":"unboxed","ast-global-header-display":"","ast-banner-title-visibility":"","ast-main-header-display":"","ast-hfb-above-header-display":"","ast-hfb-below-header-display":"","ast-hfb-mobile-header-display":"","site-post-title":"disabled","ast-breadcrumbs-content":"","ast-featured-img":"disabled","footer-sml-layout":"","ast-disable-related-posts":"","theme-transparent-header-meta":"default","adv-header-id-meta":"","stick-header-meta":"","header-above-stick-meta":"","header-main-stick-meta":"","header-below-stick-meta":"","astra-migrate-meta-layouts":"set","ast-page-background-enabled":"default","ast-page-background-meta":{"desktop":{"background-color":"","background-image":"","background-repeat":"repeat","background-position":"center center","background-size":"auto","background-attachment":"scroll","background-type":"","background-media":"","overlay-type":"","overlay-color":"","overlay-opacity":"","overlay-gradient":""},"tablet":{"background-color":"","background-image":"","background-repeat":"repeat","background-position":"center center","background-size":"auto","background-attachment":"scroll","background-type":"","background-media":"","overlay-type":"","overlay-color":"","overlay-opacity":"","overlay-gradient":""},"mobile":{"background-color":"","background-image":"","background-repeat":"repeat","background-position":"center center","background-size":"auto","background-attachment":"scroll","background-type":"","background-media":"","overlay-type":"","overlay-color":"","overlay-opacity":"","overlay-gradient":""}},"ast-content-background-meta":{"desktop":{"background-color":"var(--ast-global-color-5)","background-image":"","background-repeat":"repeat","background-position":"center center","background-size":"auto","background-attachment":"scroll","background-type":"","background-media":"","overlay-type":"","overlay-color":"","overlay-opacity":"","overlay-gradient":""},"tablet":{"background-color":"var(--ast-global-color-5)","background-image":"","background-repeat":"repeat","background-position":"center center","background-size":"auto","background-attachment":"scroll","background-type":"","background-media":"","overlay-type":"","overlay-color":"","overlay-opacity":"","overlay-gradient":""},"mobile":{"background-color":"var(--ast-global-color-5)","background-image":"","background-repeat":"repeat","background-position":"center center","background-size":"auto","background-attachment":"scroll","background-type":"","background-media":"","overlay-type":"","overlay-color":"","overlay-opacity":"","overlay-gradient":""}},"footnotes":""},"class_list":["post-1942","page","type-page","status-publish","hentry"],"aioseo_notices":[],"_links":{"self":[{"href":"https:\/\/taskerium.com\/fr\/wp-json\/wp\/v2\/pages\/1942","targetHints":{"allow":["GET"]}}],"collection":[{"href":"https:\/\/taskerium.com\/fr\/wp-json\/wp\/v2\/pages"}],"about":[{"href":"https:\/\/taskerium.com\/fr\/wp-json\/wp\/v2\/types\/page"}],"author":[{"embeddable":true,"href":"https:\/\/taskerium.com\/fr\/wp-json\/wp\/v2\/users\/3"}],"replies":[{"embeddable":true,"href":"https:\/\/taskerium.com\/fr\/wp-json\/wp\/v2\/comments?post=1942"}],"version-history":[{"count":8,"href":"https:\/\/taskerium.com\/fr\/wp-json\/wp\/v2\/pages\/1942\/revisions"}],"predecessor-version":[{"id":3830,"href":"https:\/\/taskerium.com\/fr\/wp-json\/wp\/v2\/pages\/1942\/revisions\/3830"}],"wp:attachment":[{"href":"https:\/\/taskerium.com\/fr\/wp-json\/wp\/v2\/media?parent=1942"}],"curies":[{"name":"wp","href":"https:\/\/api.w.org\/{rel}","templated":true}]}}