{"id":2029,"date":"2025-01-27T13:19:16","date_gmt":"2025-01-27T11:19:16","guid":{"rendered":"https:\/\/taskerium.com\/politica-de-privacidad\/"},"modified":"2025-06-30T17:03:17","modified_gmt":"2025-06-30T14:03:17","slug":"politica-de-privacidad","status":"publish","type":"page","link":"https:\/\/taskerium.com\/es\/politica-de-privacidad\/","title":{"rendered":"Pol\u00edtica de privacidad"},"content":{"rendered":"\t\t<div data-elementor-type=\"wp-page\" data-elementor-id=\"2029\" class=\"elementor elementor-2029 elementor-3\" data-elementor-post-type=\"page\">\n\t\t\t\t\t\t<section class=\"has_eae_slider elementor-section elementor-top-section elementor-element elementor-element-aed3830 elementor-section-boxed elementor-section-height-default elementor-section-height-default\" data-eae-slider=\"83055\" data-id=\"aed3830\" data-element_type=\"section\" data-e-type=\"section\" data-settings=\"{&quot;jet_parallax_layout_list&quot;:[{&quot;jet_parallax_layout_image&quot;:{&quot;url&quot;:&quot;&quot;,&quot;id&quot;:&quot;&quot;,&quot;size&quot;:&quot;&quot;},&quot;_id&quot;:&quot;3388f01&quot;,&quot;jet_parallax_layout_image_tablet&quot;:{&quot;url&quot;:&quot;&quot;,&quot;id&quot;:&quot;&quot;,&quot;size&quot;:&quot;&quot;},&quot;jet_parallax_layout_image_mobile&quot;:{&quot;url&quot;:&quot;&quot;,&quot;id&quot;:&quot;&quot;,&quot;size&quot;:&quot;&quot;},&quot;jet_parallax_layout_speed&quot;:{&quot;unit&quot;:&quot;%&quot;,&quot;size&quot;:50,&quot;sizes&quot;:[]},&quot;jet_parallax_layout_type&quot;:&quot;scroll&quot;,&quot;jet_parallax_layout_direction&quot;:null,&quot;jet_parallax_layout_fx_direction&quot;:null,&quot;jet_parallax_layout_z_index&quot;:&quot;&quot;,&quot;jet_parallax_layout_bg_x&quot;:50,&quot;jet_parallax_layout_bg_x_tablet&quot;:&quot;&quot;,&quot;jet_parallax_layout_bg_x_mobile&quot;:&quot;&quot;,&quot;jet_parallax_layout_bg_y&quot;:50,&quot;jet_parallax_layout_bg_y_tablet&quot;:&quot;&quot;,&quot;jet_parallax_layout_bg_y_mobile&quot;:&quot;&quot;,&quot;jet_parallax_layout_bg_size&quot;:&quot;auto&quot;,&quot;jet_parallax_layout_bg_size_tablet&quot;:&quot;&quot;,&quot;jet_parallax_layout_bg_size_mobile&quot;:&quot;&quot;,&quot;jet_parallax_layout_animation_prop&quot;:&quot;transform&quot;,&quot;jet_parallax_layout_on&quot;:[&quot;desktop&quot;,&quot;tablet&quot;]}]}\">\n\t\t\t\t\t\t<div class=\"elementor-container elementor-column-gap-default\">\n\t\t\t\t\t<div class=\"has_eae_slider elementor-column elementor-col-100 elementor-top-column elementor-element elementor-element-4b40faa\" data-eae-slider=\"17520\" data-id=\"4b40faa\" data-element_type=\"column\" data-e-type=\"column\">\n\t\t\t<div class=\"elementor-widget-wrap elementor-element-populated\">\n\t\t\t\t\t\t<div class=\"elementor-element elementor-element-394cd30 elementor-widget elementor-widget-text-editor\" data-id=\"394cd30\" data-element_type=\"widget\" data-e-type=\"widget\" data-widget_type=\"text-editor.default\">\n\t\t\t\t<div class=\"elementor-widget-container\">\n\t\t\t\t\t\t\t\t\t<h1><span style=\"color: #000000;\">Pol\u00edtica de privacidad de<\/span> <span style=\"color: #009581;\">Taskis<\/span><\/h1>\n\n\n\n\n\n\n\n\n\t\t\t\t\t\t\t\t<\/div>\n\t\t\t\t<\/div>\n\t\t\t\t<div class=\"elementor-element elementor-element-0460c6d elementor-widget-divider--view-line elementor-widget elementor-widget-divider\" data-id=\"0460c6d\" data-element_type=\"widget\" data-e-type=\"widget\" data-widget_type=\"divider.default\">\n\t\t\t\t<div class=\"elementor-widget-container\">\n\t\t\t\t\t\t\t<div class=\"elementor-divider\">\n\t\t\t<span class=\"elementor-divider-separator\">\n\t\t\t\t\t\t<\/span>\n\t\t<\/div>\n\t\t\t\t\t\t<\/div>\n\t\t\t\t<\/div>\n\t\t\t\t<div class=\"elementor-element elementor-element-0811eb8 elementor-widget elementor-widget-text-editor\" data-id=\"0811eb8\" data-element_type=\"widget\" data-e-type=\"widget\" data-widget_type=\"text-editor.default\">\n\t\t\t\t<div class=\"elementor-widget-container\">\n\t\t\t\t\t\t\t\t\t<p data-start=\"243\" data-end=\"489\">En <strong data-start=\"246\" data-end=\"256\">Taskis<\/strong>, accesible desde <strong data-start=\"274\" data-end=\"310\"><a class=\"\" href=\"https:\/\/Taskerium.com\/es\/\" target=\"_new\" rel=\"noopener\" data-start=\"276\" data-end=\"308\">Taskerium.com<\/a><\/strong>, una de nuestras principales prioridades es la privacidad de nuestros visitantes. Esta Pol\u00edtica de Privacidad contiene los tipos de informaci\u00f3n que Taskis recopila y registra, as\u00ed como su uso. <\/p>\n<p data-start=\"491\" data-end=\"608\">Si tienes m\u00e1s preguntas o necesitas m\u00e1s informaci\u00f3n sobre nuestra Pol\u00edtica de Privacidad, no dudes en ponerte en contacto con nosotros.<\/p>\n<p data-start=\"610\" data-end=\"891\">Esta Pol\u00edtica de Privacidad se aplica \u00fanicamente a nuestras actividades en l\u00ednea y es v\u00e1lida para quienes visitan nuestro sitio web en relaci\u00f3n con la informaci\u00f3n que comparten o recopilan en Taskis. Esta pol\u00edtica no se aplica a la informaci\u00f3n recopilada fuera de l\u00ednea o a trav\u00e9s de canales distintos a este sitio web. <\/p>\n<h3 data-start=\"893\" data-end=\"904\">Consentimiento<\/h3>\n<p data-start=\"906\" data-end=\"992\">Al utilizar nuestro sitio web, aceptas nuestra Pol\u00edtica de privacidad y est\u00e1s de acuerdo con sus t\u00e9rminos.<\/p>\n<h3 data-start=\"994\" data-end=\"1020\">Informaci\u00f3n que recogemos<\/h3>\n<p data-start=\"1022\" data-end=\"1214\">La informaci\u00f3n personal que se te pide que proporciones, y las razones por las que se te pide que la proporciones, se te aclarar\u00e1n en el momento en que te pidamos que proporciones tu informaci\u00f3n personal.<\/p>\n<p data-start=\"1216\" data-end=\"1456\">Si te pones en contacto con nosotros directamente, podemos recibir informaci\u00f3n adicional sobre ti, como tu nombre, direcci\u00f3n de correo electr\u00f3nico, n\u00famero de tel\u00e9fono, el contenido del mensaje y\/o los archivos adjuntos que nos env\u00edes, y cualquier otra informaci\u00f3n que decidas proporcionarnos.<\/p>\n<p data-start=\"1458\" data-end=\"1622\">Cuando te registras en una Cuenta, podemos pedirte tu informaci\u00f3n de contacto, incluyendo elementos como nombre, nombre de la empresa, direcci\u00f3n, direcci\u00f3n de correo electr\u00f3nico y n\u00famero de tel\u00e9fono.<\/p>\n<h3 data-start=\"1624\" data-end=\"1655\">C\u00f3mo utilizamos tu informaci\u00f3n<\/h3>\n<p data-start=\"1657\" data-end=\"1721\">Utilizamos la informaci\u00f3n que recopilamos de varias formas, entre ellas para:<\/p>\n<ul data-start=\"1723\" data-end=\"2204\">\n<li data-start=\"1723\" data-end=\"1769\">\n<p data-start=\"1725\" data-end=\"1769\">Proporcionar, operar y mantener nuestro sitio web<\/p>\n<\/li>\n<li data-start=\"1770\" data-end=\"1818\">\n<p data-start=\"1772\" data-end=\"1818\">Mejorar, personalizar y ampliar nuestro sitio web<\/p>\n<\/li>\n<li data-start=\"1819\" data-end=\"1869\">\n<p data-start=\"1821\" data-end=\"1869\">Comprender y analizar c\u00f3mo utilizas nuestro sitio web<\/p>\n<\/li>\n<li data-start=\"1870\" data-end=\"1933\">\n<p data-start=\"1872\" data-end=\"1933\">Desarrollar nuevos productos, servicios, caracter\u00edsticas y funcionalidades<\/p>\n<\/li>\n<li data-start=\"1934\" data-end=\"2157\">\n<p data-start=\"1936\" data-end=\"2157\">Comunicarnos contigo, ya sea directamente o a trav\u00e9s de uno de nuestros socios, incluso para el servicio de atenci\u00f3n al cliente, para proporcionarte actualizaciones y otra informaci\u00f3n relacionada con el sitio web, y con fines de marketing y promoci\u00f3n<\/p>\n<\/li>\n<li data-start=\"2158\" data-end=\"2177\">\n<p data-start=\"2160\" data-end=\"2177\">Enviarte correos electr\u00f3nicos<\/p>\n<\/li>\n<li data-start=\"2178\" data-end=\"2204\">\n<p data-start=\"2180\" data-end=\"2204\">Detectar y prevenir el fraude<\/p>\n<\/li>\n<\/ul>\n<h3 data-start=\"2206\" data-end=\"2219\">Archivos de registro<\/h3>\n<p data-start=\"2221\" data-end=\"2837\">Taskis sigue un procedimiento est\u00e1ndar de uso de archivos de registro. Estos archivos registran a los visitantes cuando visitan sitios web. Todas las empresas de hosting lo hacen como parte del an\u00e1lisis de sus servicios. La informaci\u00f3n recopilada por los archivos de registro incluye direcciones IP, tipo de navegador, proveedor de servicios de internet (ISP), fecha y hora, p\u00e1ginas de referencia\/salida y, posiblemente, el n\u00famero de clics. Estos datos no est\u00e1n vinculados a ninguna informaci\u00f3n personal identificable. El prop\u00f3sito de la informaci\u00f3n es analizar tendencias, administrar el sitio, rastrear el movimiento de los usuarios en el sitio web y recopilar informaci\u00f3n demogr\u00e1fica.     <\/p>\n<h3 data-start=\"2839\" data-end=\"2866\">Cookies y balizas web<\/h3>\n<p data-start=\"2868\" data-end=\"3210\">Como cualquier otro sitio web, Taskis utiliza cookies. Estas cookies se utilizan para almacenar informaci\u00f3n, como las preferencias de los visitantes y las p\u00e1ginas del sitio web que accedieron o visitaron. Esta informaci\u00f3n se utiliza para optimizar la experiencia del usuario personalizando el contenido de nuestra p\u00e1gina web seg\u00fan el tipo de navegador del visitante y\/u otra informaci\u00f3n.  <\/p>\n<h3 data-start=\"3212\" data-end=\"3253\">Socios publicitarios Pol\u00edticas de privacidad<\/h3>\n<p data-start=\"3255\" data-end=\"3355\">Puede consultar esta lista para encontrar la Pol\u00edtica de Privacidad de cada uno de los socios publicitarios de Taskis.<\/p>\n<p data-start=\"3357\" data-end=\"3800\">Los servidores o redes publicitarias de terceros utilizan tecnolog\u00edas como cookies, JavaScript o balizas web en sus respectivos anuncios y enlaces que aparecen en Taskis, los cuales se env\u00edan directamente a los navegadores de los usuarios. Reciben autom\u00e1ticamente su direcci\u00f3n IP cuando esto ocurre. Estas tecnolog\u00edas se utilizan para medir la eficacia de sus campa\u00f1as publicitarias y\/o para personalizar el contenido publicitario que ve en los sitios web que visita.  <\/p>\n<p data-start=\"3802\" data-end=\"3907\">Tenga en cuenta que Taskis no tiene acceso ni control sobre estas cookies que utilizan los anunciantes de terceros.<\/p>\n<h3 data-start=\"3909\" data-end=\"3941\">Pol\u00edticas de privacidad de terceros<\/h3>\n<p data-start=\"3943\" data-end=\"4236\">La Pol\u00edtica de Privacidad de Taskis no se aplica a otros anunciantes ni sitios web. Por lo tanto, le recomendamos consultar las Pol\u00edticas de Privacidad de estos servidores de anuncios externos para obtener informaci\u00f3n m\u00e1s detallada. Estas pueden incluir sus pr\u00e1cticas e instrucciones sobre c\u00f3mo desactivar ciertas opciones.  <\/p>\n<p data-start=\"4238\" data-end=\"4452\">Puedes optar por desactivar las cookies a trav\u00e9s de las opciones individuales de tu navegador. Para conocer informaci\u00f3n m\u00e1s detallada sobre la gesti\u00f3n de cookies con navegadores web espec\u00edficos, puedes encontrarla en los sitios web respectivos de los navegadores. <\/p>\n<h3 data-start=\"4454\" data-end=\"4515\">Derechos de privacidad de la CCPA (No vender mis datos personales)<\/h3>\n<p data-start=\"4517\" data-end=\"4592\">En virtud de la CCPA, entre otros derechos, los consumidores de California tienen derecho a:<\/p>\n<ul data-start=\"4594\" data-end=\"4979\">\n<li data-start=\"4594\" data-end=\"4770\">\n<p data-start=\"4596\" data-end=\"4770\">Solicitar que una empresa que recopila datos personales de un consumidor revele las categor\u00edas y los datos personales concretos que ha recopilado sobre los consumidores.<\/p>\n<\/li>\n<li data-start=\"4771\" data-end=\"4873\">\n<p data-start=\"4773\" data-end=\"4873\">Solicitar que una empresa elimine cualquier dato personal sobre el consumidor que haya recopilado.<\/p>\n<\/li>\n<li data-start=\"4874\" data-end=\"4979\">\n<p data-start=\"4876\" data-end=\"4979\">Solicitar que una empresa que vende los datos personales de un consumidor, no venda los datos personales del consumidor.<\/p>\n<\/li>\n<\/ul>\n<p data-start=\"4981\" data-end=\"5110\">Si presentas una solicitud, tenemos un mes para responderte. Si quieres ejercer alguno de estos derechos, ponte en contacto con nosotros. <\/p>\n<h3 data-start=\"5112\" data-end=\"5143\">Derechos de protecci\u00f3n de datos GDPR<\/h3>\n<p data-start=\"5145\" data-end=\"5271\">Nos gustar\u00eda asegurarnos de que eres plenamente consciente de todos tus derechos en materia de protecci\u00f3n de datos. Todo usuario tiene derecho a lo siguiente: <\/p>\n<ul data-start=\"5273\" data-end=\"6212\">\n<li data-start=\"5273\" data-end=\"5406\">\n<p data-start=\"5275\" data-end=\"5406\">Derecho de acceso &#8211; Tienes derecho a solicitar copias de tus datos personales. Podemos cobrarte una peque\u00f1a tarifa por este servicio. <\/p>\n<\/li>\n<li data-start=\"5407\" data-end=\"5623\">\n<p data-start=\"5409\" data-end=\"5623\">Derecho de rectificaci\u00f3n &#8211; Tienes derecho a solicitar que corrijamos cualquier informaci\u00f3n que consideres inexacta. Tambi\u00e9n tienes derecho a solicitar que completemos la informaci\u00f3n que consideres incompleta. <\/p>\n<\/li>\n<li data-start=\"5624\" data-end=\"5740\">\n<p data-start=\"5626\" data-end=\"5740\">Derecho de supresi\u00f3n &#8211; Tienes derecho a solicitar que borremos tus datos personales, en determinadas condiciones.<\/p>\n<\/li>\n<li data-start=\"5741\" data-end=\"5890\">\n<p data-start=\"5743\" data-end=\"5890\">Derecho a restringir el tratamiento &#8211; Tienes derecho a solicitar que restrinjamos el tratamiento de tus datos personales, en determinadas condiciones.<\/p>\n<\/li>\n<li data-start=\"5891\" data-end=\"6026\">\n<p data-start=\"5893\" data-end=\"6026\">Derecho a oponerte al tratamiento &#8211; Tienes derecho a oponerte a que tratemos tus datos personales, en determinadas condiciones.<\/p>\n<\/li>\n<li data-start=\"6027\" data-end=\"6212\">\n<p data-start=\"6029\" data-end=\"6212\">Derecho a la portabilidad de los datos &#8211; Tienes derecho a solicitar que transfiramos los datos que hemos recopilado a otra organizaci\u00f3n, o directamente a ti, en determinadas condiciones.<\/p>\n<\/li>\n<\/ul>\n<p data-start=\"6214\" data-end=\"6343\">Si presentas una solicitud, tenemos un mes para responderte. Si quieres ejercer alguno de estos derechos, ponte en contacto con nosotros. <\/p>\n<h3 data-start=\"6345\" data-end=\"6371\">Informaci\u00f3n para ni\u00f1os<\/h3>\n<p data-start=\"6373\" data-end=\"6572\">Otra parte de nuestra prioridad es a\u00f1adir protecci\u00f3n para los menores mientras utilizan Internet. Animamos a los padres y tutores a que observen, participen y\/o controlen y gu\u00eden su actividad en Internet. <\/p>\n<p data-start=\"6574\" data-end=\"6897\">Taskis no recopila intencionalmente informaci\u00f3n personal identificable de ni\u00f1os menores de 13 a\u00f1os. Si cree que su hijo proporcion\u00f3 este tipo de informaci\u00f3n en nuestro sitio web, le recomendamos encarecidamente que se comunique con nosotros de inmediato y haremos todo lo posible para eliminar dicha informaci\u00f3n de nuestros registros lo antes posible. <\/p>\n\t\t\t\t\t\t\t\t<\/div>\n\t\t\t\t<\/div>\n\t\t\t\t\t<\/div>\n\t\t<\/div>\n\t\t\t\t\t<\/div>\n\t\t<\/section>\n\t\t\t\t<\/div>\n\t\t","protected":false},"excerpt":{"rendered":"<p>Pol\u00edtica de privacidad de Taskis En Taskis, accesible desde Taskerium.com, una de nuestras principales prioridades es la privacidad de nuestros visitantes. Esta Pol\u00edtica de Privacidad contiene los tipos de informaci\u00f3n que Taskis recopila y registra, as\u00ed como su uso. Si tienes m\u00e1s preguntas o necesitas m\u00e1s informaci\u00f3n sobre nuestra Pol\u00edtica de Privacidad, no dudes en [&hellip;]<\/p>\n","protected":false},"author":3,"featured_media":0,"parent":0,"menu_order":0,"comment_status":"closed","ping_status":"closed","template":"","meta":{"site-sidebar-layout":"no-sidebar","site-content-layout":"default","ast-site-content-layout":"default","site-content-style":"default","site-sidebar-style":"default","ast-global-header-display":"","ast-banner-title-visibility":"","ast-main-header-display":"","ast-hfb-above-header-display":"","ast-hfb-below-header-display":"","ast-hfb-mobile-header-display":"","site-post-title":"disabled","ast-breadcrumbs-content":"","ast-featured-img":"","footer-sml-layout":"","ast-disable-related-posts":"","theme-transparent-header-meta":"default","adv-header-id-meta":"","stick-header-meta":"","header-above-stick-meta":"","header-main-stick-meta":"","header-below-stick-meta":"","astra-migrate-meta-layouts":"default","ast-page-background-enabled":"default","ast-page-background-meta":{"desktop":{"background-color":"","background-image":"","background-repeat":"repeat","background-position":"center center","background-size":"auto","background-attachment":"scroll","background-type":"","background-media":"","overlay-type":"","overlay-color":"","overlay-opacity":"","overlay-gradient":""},"tablet":{"background-color":"","background-image":"","background-repeat":"repeat","background-position":"center center","background-size":"auto","background-attachment":"scroll","background-type":"","background-media":"","overlay-type":"","overlay-color":"","overlay-opacity":"","overlay-gradient":""},"mobile":{"background-color":"","background-image":"","background-repeat":"repeat","background-position":"center center","background-size":"auto","background-attachment":"scroll","background-type":"","background-media":"","overlay-type":"","overlay-color":"","overlay-opacity":"","overlay-gradient":""}},"ast-content-background-meta":{"desktop":{"background-color":"var(--ast-global-color-5)","background-image":"","background-repeat":"repeat","background-position":"center center","background-size":"auto","background-attachment":"scroll","background-type":"","background-media":"","overlay-type":"","overlay-color":"","overlay-opacity":"","overlay-gradient":""},"tablet":{"background-color":"var(--ast-global-color-5)","background-image":"","background-repeat":"repeat","background-position":"center center","background-size":"auto","background-attachment":"scroll","background-type":"","background-media":"","overlay-type":"","overlay-color":"","overlay-opacity":"","overlay-gradient":""},"mobile":{"background-color":"var(--ast-global-color-5)","background-image":"","background-repeat":"repeat","background-position":"center center","background-size":"auto","background-attachment":"scroll","background-type":"","background-media":"","overlay-type":"","overlay-color":"","overlay-opacity":"","overlay-gradient":""}},"footnotes":""},"class_list":["post-2029","page","type-page","status-publish","hentry"],"aioseo_notices":[],"_links":{"self":[{"href":"https:\/\/taskerium.com\/es\/wp-json\/wp\/v2\/pages\/2029","targetHints":{"allow":["GET"]}}],"collection":[{"href":"https:\/\/taskerium.com\/es\/wp-json\/wp\/v2\/pages"}],"about":[{"href":"https:\/\/taskerium.com\/es\/wp-json\/wp\/v2\/types\/page"}],"author":[{"embeddable":true,"href":"https:\/\/taskerium.com\/es\/wp-json\/wp\/v2\/users\/3"}],"replies":[{"embeddable":true,"href":"https:\/\/taskerium.com\/es\/wp-json\/wp\/v2\/comments?post=2029"}],"version-history":[{"count":2,"href":"https:\/\/taskerium.com\/es\/wp-json\/wp\/v2\/pages\/2029\/revisions"}],"predecessor-version":[{"id":3803,"href":"https:\/\/taskerium.com\/es\/wp-json\/wp\/v2\/pages\/2029\/revisions\/3803"}],"wp:attachment":[{"href":"https:\/\/taskerium.com\/es\/wp-json\/wp\/v2\/media?parent=2029"}],"curies":[{"name":"wp","href":"https:\/\/api.w.org\/{rel}","templated":true}]}}