{"id":1948,"date":"2025-01-27T13:15:35","date_gmt":"2025-01-27T11:15:35","guid":{"rendered":"https:\/\/taskerium.com\/condiciones-generales\/"},"modified":"2025-06-30T23:28:38","modified_gmt":"2025-06-30T20:28:38","slug":"condiciones-generales","status":"publish","type":"page","link":"https:\/\/taskerium.com\/es\/condiciones-generales\/","title":{"rendered":"Condiciones generales"},"content":{"rendered":"\t\t<div data-elementor-type=\"wp-page\" data-elementor-id=\"1948\" class=\"elementor elementor-1948 elementor-1590\" data-elementor-post-type=\"page\">\n\t\t\t\t\t\t<section class=\"has_eae_slider elementor-section elementor-top-section elementor-element elementor-element-5fb04f7 elementor-section-boxed elementor-section-height-default elementor-section-height-default\" data-eae-slider=\"21420\" data-id=\"5fb04f7\" data-element_type=\"section\" data-e-type=\"section\" data-settings=\"{&quot;jet_parallax_layout_list&quot;:[{&quot;jet_parallax_layout_image&quot;:{&quot;url&quot;:&quot;&quot;,&quot;id&quot;:&quot;&quot;,&quot;size&quot;:&quot;&quot;},&quot;_id&quot;:&quot;2fbfc22&quot;,&quot;jet_parallax_layout_image_tablet&quot;:{&quot;url&quot;:&quot;&quot;,&quot;id&quot;:&quot;&quot;,&quot;size&quot;:&quot;&quot;},&quot;jet_parallax_layout_image_mobile&quot;:{&quot;url&quot;:&quot;&quot;,&quot;id&quot;:&quot;&quot;,&quot;size&quot;:&quot;&quot;},&quot;jet_parallax_layout_speed&quot;:{&quot;unit&quot;:&quot;%&quot;,&quot;size&quot;:50,&quot;sizes&quot;:[]},&quot;jet_parallax_layout_type&quot;:&quot;scroll&quot;,&quot;jet_parallax_layout_direction&quot;:null,&quot;jet_parallax_layout_fx_direction&quot;:null,&quot;jet_parallax_layout_z_index&quot;:&quot;&quot;,&quot;jet_parallax_layout_bg_x&quot;:50,&quot;jet_parallax_layout_bg_x_tablet&quot;:&quot;&quot;,&quot;jet_parallax_layout_bg_x_mobile&quot;:&quot;&quot;,&quot;jet_parallax_layout_bg_y&quot;:50,&quot;jet_parallax_layout_bg_y_tablet&quot;:&quot;&quot;,&quot;jet_parallax_layout_bg_y_mobile&quot;:&quot;&quot;,&quot;jet_parallax_layout_bg_size&quot;:&quot;auto&quot;,&quot;jet_parallax_layout_bg_size_tablet&quot;:&quot;&quot;,&quot;jet_parallax_layout_bg_size_mobile&quot;:&quot;&quot;,&quot;jet_parallax_layout_animation_prop&quot;:&quot;transform&quot;,&quot;jet_parallax_layout_on&quot;:[&quot;desktop&quot;,&quot;tablet&quot;]}],&quot;background_background&quot;:&quot;classic&quot;}\">\n\t\t\t\t\t\t<div class=\"elementor-container elementor-column-gap-default\">\n\t\t\t\t\t<div class=\"has_eae_slider elementor-column elementor-col-100 elementor-top-column elementor-element elementor-element-126f067\" data-eae-slider=\"44152\" data-id=\"126f067\" data-element_type=\"column\" data-e-type=\"column\" data-settings=\"{&quot;background_background&quot;:&quot;classic&quot;}\">\n\t\t\t<div class=\"elementor-widget-wrap elementor-element-populated\">\n\t\t\t\t\t\t<div class=\"elementor-element elementor-element-849fafc elementor-widget elementor-widget-text-editor\" data-id=\"849fafc\" data-element_type=\"widget\" data-e-type=\"widget\" data-widget_type=\"text-editor.default\">\n\t\t\t\t<div class=\"elementor-widget-container\">\n\t\t\t\t\t\t\t\t\t<h1><span style=\"color: #000000;\">T\u00e9rminos y condiciones de<\/span> <span style=\"color: #009581;\">Taskis<\/span><\/h1>\n\t\t\t\t\t\t\t\t<\/div>\n\t\t\t\t<\/div>\n\t\t\t\t<div class=\"elementor-element elementor-element-a4db7a2 elementor-widget-divider--view-line elementor-widget elementor-widget-divider\" data-id=\"a4db7a2\" data-element_type=\"widget\" data-e-type=\"widget\" data-widget_type=\"divider.default\">\n\t\t\t\t<div class=\"elementor-widget-container\">\n\t\t\t\t\t\t\t<div class=\"elementor-divider\">\n\t\t\t<span class=\"elementor-divider-separator\">\n\t\t\t\t\t\t<\/span>\n\t\t<\/div>\n\t\t\t\t\t\t<\/div>\n\t\t\t\t<\/div>\n\t\t\t\t<div class=\"elementor-element elementor-element-0d90f70 elementor-widget elementor-widget-text-editor\" data-id=\"0d90f70\" data-element_type=\"widget\" data-e-type=\"widget\" data-widget_type=\"text-editor.default\">\n\t\t\t\t<div class=\"elementor-widget-container\">\n\t\t\t\t\t\t\t\t\t<p data-start=\"187\" data-end=\"209\">Estos t\u00e9rminos y condiciones describen las reglas y regulaciones para el uso del sitio web de Taskis, ubicado en <a class=\"\" href=\"https:\/\/taskerium.com\/es\/\" target=\"_new\" rel=\"noopener\" data-start=\"316\" data-end=\"352\"><strong data-start=\"317\" data-end=\"331\">Taskerium.com<\/strong><\/a>.<\/p>\n<p data-start=\"355\" data-end=\"540\">Al acceder a este sitio web, asumimos que acepta estos t\u00e9rminos y condiciones. No contin\u00fae utilizando Taskis si no acepta todos los t\u00e9rminos y condiciones establecidos en esta p\u00e1gina. <\/p>\n<p data-start=\"542\" data-end=\"1463\">La siguiente terminolog\u00eda se aplica a estos T\u00e9rminos y Condiciones, la Declaraci\u00f3n de Privacidad y el Aviso Legal, as\u00ed como a todos los Acuerdos: \u00abCliente\u00bb, \u00abUsted\u00bb y \u00abSu\u00bb se refieren a usted, la persona que inicia sesi\u00f3n en este sitio web y cumple con los t\u00e9rminos y condiciones de la Compa\u00f1\u00eda. \u00abLa Compa\u00f1\u00eda\u00bb, \u00abNosotros\u00bb, \u00abNosotros\u00bb, \u00abNuestro\u00bb y \u00abNos\u00bb se refieren a nuestra Compa\u00f1\u00eda. \u00abParte\u00bb, \u00abPartes\u00bb o \u00abNos\u00bb se refieren tanto al Cliente como a nosotros mismos. Todos los t\u00e9rminos se refieren a la oferta, aceptaci\u00f3n y contraprestaci\u00f3n del pago necesario para llevar a cabo el proceso de nuestra asistencia al Cliente de la manera m\u00e1s adecuada con el prop\u00f3sito expreso de satisfacer las necesidades del Cliente en relaci\u00f3n con la prestaci\u00f3n de los servicios indicados por la Compa\u00f1\u00eda, de conformidad con la legislaci\u00f3n vigente de los Pa\u00edses Bajos. Cualquier uso de la terminolog\u00eda anterior u otras palabras en singular, plural, con may\u00fascula inicial o \u00ab\u00e9l\/ella\u00bb o \u00abellos\/ellas\u00bb se considera indistintamente y, por lo tanto, se refiere a la misma.    <\/p>\n<h3 data-start=\"1470\" data-end=\"1481\">Cookies<\/h3>\n<p data-start=\"1483\" data-end=\"1602\">Utilizamos cookies. Al acceder a Taskis, acepta el uso de cookies de acuerdo con la Pol\u00edtica de Privacidad de Taskis. <\/p>\n<p data-start=\"1604\" data-end=\"1888\">La mayor\u00eda de los sitios web interactivos utilizan cookies para permitirnos recuperar los datos del usuario en cada visita. Nuestro sitio web utiliza cookies para permitir la funcionalidad de determinadas \u00e1reas y facilitar as\u00ed la visita a nuestro sitio web. Algunos de nuestros socios afiliados\/publicitarios tambi\u00e9n pueden utilizar cookies.  <\/p>\n<h3 data-start=\"1895\" data-end=\"1906\">Licencia<\/h3>\n<p data-start=\"1908\" data-end=\"2189\">Salvo que se indique lo contrario, Taskis y\/o sus licenciantes poseen los derechos de propiedad intelectual de todo el material de Taskis. Todos los derechos de propiedad intelectual est\u00e1n reservados. Puede acceder a este material desde Taskis para su uso personal, sujeto a las restricciones establecidas en estos t\u00e9rminos y condiciones.  <\/p>\n<p data-start=\"2191\" data-end=\"2208\"><strong data-start=\"2191\" data-end=\"2208\">No debes hacerlo:<\/strong><\/p>\n<ul data-start=\"2210\" data-end=\"2386\">\n<li data-start=\"2210\" data-end=\"2244\">\n<p data-start=\"2212\" data-end=\"2244\">Republicar material de Taskis<\/p>\n<\/li>\n<li data-start=\"2245\" data-end=\"2295\">\n<p data-start=\"2247\" data-end=\"2295\">Vender, alquilar o sublicenciar material de Taskis<\/p>\n<\/li>\n<li data-start=\"2296\" data-end=\"2349\">\n<p data-start=\"2298\" data-end=\"2349\">Reproducir, duplicar o copiar material de Taskis<\/p>\n<\/li>\n<li data-start=\"2350\" data-end=\"2386\">\n<p data-start=\"2352\" data-end=\"2386\">Redistribuir contenido de Taskis<\/p>\n<\/li>\n<\/ul>\n<p data-start=\"2388\" data-end=\"2434\">El presente Acuerdo comenzar\u00e1 en la fecha del mismo.<\/p>\n<p data-start=\"2436\" data-end=\"3070\">Algunas secciones de este sitio web ofrecen a los usuarios la oportunidad de publicar e intercambiar opiniones e informaci\u00f3n. Taskis no filtra, edita, publica ni revisa los comentarios antes de su publicaci\u00f3n. Los comentarios no reflejan la opini\u00f3n de Taskis, sus agentes o afiliados. Reflejan la opini\u00f3n de quien los publica. En la medida en que lo permita la legislaci\u00f3n aplicable, Taskis no ser\u00e1 responsable de los comentarios ni de ninguna responsabilidad, da\u00f1o o gasto causado o sufrido como resultado del uso, la publicaci\u00f3n o la aparici\u00f3n de los comentarios en este sitio web.    <\/p>\n<p data-start=\"3072\" data-end=\"3247\">Taskis se reserva el derecho de monitorear todos los comentarios y eliminar cualquier comentario que pueda considerarse inapropiado, ofensivo o que provoque una violaci\u00f3n de estos T\u00e9rminos y Condiciones.<\/p>\n<p data-start=\"3249\" data-end=\"3284\"><strong data-start=\"3249\" data-end=\"3284\">Garantizas y declaras que<\/strong><\/p>\n<ul data-start=\"3286\" data-end=\"3813\">\n<li data-start=\"3286\" data-end=\"3397\">\n<p data-start=\"3288\" data-end=\"3397\">Tienes derecho a publicar los Comentarios en nuestro sitio web y dispones de todas las licencias y consentimientos necesarios para hacerlo;<\/p>\n<\/li>\n<li data-start=\"3398\" data-end=\"3541\">\n<p data-start=\"3400\" data-end=\"3541\">Los Comentarios no invaden ning\u00fan derecho de propiedad intelectual, incluyendo, sin limitaci\u00f3n, derechos de autor, patentes o marcas registradas de terceros;<\/p>\n<\/li>\n<li data-start=\"3542\" data-end=\"3683\">\n<p data-start=\"3544\" data-end=\"3683\">Los comentarios no contienen ning\u00fan material difamatorio, calumnioso, ofensivo, indecente o de otro modo ilegal que constituya una invasi\u00f3n de la privacidad;<\/p>\n<\/li>\n<li data-start=\"3684\" data-end=\"3813\">\n<p data-start=\"3686\" data-end=\"3813\">Los Comentarios no se utilizar\u00e1n para solicitar o promocionar negocios o costumbres ni para presentar actividades comerciales o il\u00edcitas.<\/p>\n<\/li>\n<\/ul>\n<p data-start=\"3815\" data-end=\"3996\">Por la presente, otorga a Taskis una licencia no exclusiva para usar, reproducir, editar y autorizar a otros a usar, reproducir y editar cualquiera de sus Comentarios en todas y cada una de las formas, formatos o medios.<\/p>\n<h3 data-start=\"4003\" data-end=\"4034\">Hiperv\u00ednculos a nuestro contenido<\/h3>\n<p data-start=\"4036\" data-end=\"4119\">Las siguientes organizaciones pueden enlazar con nuestro Sitio Web sin aprobaci\u00f3n previa por escrito:<\/p>\n<ul data-start=\"4121\" data-end=\"4499\">\n<li data-start=\"4121\" data-end=\"4144\">\n<p data-start=\"4123\" data-end=\"4144\">Agencias gubernamentales<\/p>\n<\/li>\n<li data-start=\"4145\" data-end=\"4163\">\n<p data-start=\"4147\" data-end=\"4163\">Motores de b\u00fasqueda<\/p>\n<\/li>\n<li data-start=\"4164\" data-end=\"4186\">\n<p data-start=\"4166\" data-end=\"4186\">Organizaciones de noticias<\/p>\n<\/li>\n<li data-start=\"4187\" data-end=\"4324\">\n<p data-start=\"4189\" data-end=\"4324\">Los distribuidores de directorios en l\u00ednea pueden vincularse a nuestro sitio web de la misma manera que hacen hiperv\u00ednculos a los sitios web de otras empresas listadas.<\/p>\n<\/li>\n<li data-start=\"4325\" data-end=\"4499\">\n<p data-start=\"4327\" data-end=\"4499\">Empresas acreditadas en todo el sistema, excepto organizaciones sin fines de lucro, centros comerciales de beneficencia y grupos de recaudaci\u00f3n de fondos de beneficencia que no pueden hacer hiperv\u00ednculos a nuestro sitio web.<\/p>\n<\/li>\n<\/ul>\n<p data-start=\"4501\" data-end=\"4835\">Estas organizaciones pueden vincularse a nuestra p\u00e1gina de inicio, a publicaciones o a otra informaci\u00f3n del sitio web siempre que el enlace:<br data-start=\"4616\" data-end=\"4619\">(a) no es en absoluto enga\u00f1osa;<br data-start=\"4651\" data-end=\"4654\">(b) no implica falsamente patrocinio, respaldo o aprobaci\u00f3n de la parte vinculante y sus productos y\/o servicios; y<br data-start=\"4776\" data-end=\"4779\">(c) se ajuste al contexto del sitio de la parte vinculante.<\/p>\n<p data-start=\"4837\" data-end=\"4927\">Podemos considerar y aprobar otras solicitudes de enlace de los siguientes tipos de organizaciones:<\/p>\n<ul data-start=\"4929\" data-end=\"5225\">\n<li data-start=\"4929\" data-end=\"4992\">\n<p data-start=\"4931\" data-end=\"4992\">Fuentes de informaci\u00f3n de consumidores y\/o empresas com\u00fanmente conocidas<\/p>\n<\/li>\n<li data-start=\"4993\" data-end=\"5020\">\n<p data-start=\"4995\" data-end=\"5020\">Sitios de la comunidad Dot.com<\/p>\n<\/li>\n<li data-start=\"5021\" data-end=\"5076\">\n<p data-start=\"5023\" data-end=\"5076\">Asociaciones u otros grupos que representan organizaciones ben\u00e9ficas<\/p>\n<\/li>\n<li data-start=\"5077\" data-end=\"5110\">\n<p data-start=\"5079\" data-end=\"5110\">Distribuidores de directorios en l\u00ednea<\/p>\n<\/li>\n<li data-start=\"5111\" data-end=\"5131\">\n<p data-start=\"5113\" data-end=\"5131\">portales de internet<\/p>\n<\/li>\n<li data-start=\"5132\" data-end=\"5173\">\n<p data-start=\"5134\" data-end=\"5173\">Despachos de contabilidad, abogados y consultor\u00eda<\/p>\n<\/li>\n<li data-start=\"5174\" data-end=\"5225\">\n<p data-start=\"5176\" data-end=\"5225\">Instituciones educativas y asociaciones comerciales<\/p>\n<\/li>\n<\/ul>\n<p data-start=\"5227\" data-end=\"5629\">Aprobaremos las solicitudes de enlace de estas organizaciones si decidimos que:<br data-start=\"5300\" data-end=\"5303\">(a) el enlace no nos har\u00eda tener una imagen desfavorable de nosotros mismos o de nuestras empresas acreditadas;<br data-start=\"5396\" data-end=\"5399\">(b) la organizaci\u00f3n no tiene ning\u00fan registro negativo con nosotros;<br data-start=\"5463\" data-end=\"5466\">(c) el beneficio para nosotros de la visibilidad del hiperv\u00ednculo compensa la ausencia de Taskis; y<br data-start=\"5563\" data-end=\"5566\">(d) el enlace est\u00e1 en el contexto de informaci\u00f3n general sobre recursos.<\/p>\n<p data-start=\"5631\" data-end=\"5912\">Estas organizaciones pueden vincularse a nuestra p\u00e1gina de inicio siempre que el enlace:<br data-start=\"5697\" data-end=\"5700\">(a) no es en absoluto enga\u00f1osa;<br data-start=\"5732\" data-end=\"5735\">(b) no implica falsamente patrocinio, respaldo o aprobaci\u00f3n de la parte vinculante y sus productos o servicios; y<br data-start=\"5853\" data-end=\"5856\">(c) se ajuste al contexto del sitio de la parte vinculante.<\/p>\n<p data-start=\"5914\" data-end=\"6326\">Si usted pertenece a alguna de las organizaciones mencionadas anteriormente y est\u00e1 interesado en enlazar a nuestro sitio web, debe informarnos enviando un correo electr\u00f3nico a Taskis. Incluya su nombre, el nombre de su organizaci\u00f3n, su informaci\u00f3n de contacto, as\u00ed como la URL de su sitio, una lista de las URL desde las que desea enlazar a nuestro sitio web y una lista de las URL de nuestro sitio a las que desea enlazar. Esperaremos de 2 a 3 semanas para recibir una respuesta.  <\/p>\n<p data-start=\"6328\" data-end=\"6391\">Las organizaciones autorizadas pueden establecer hiperenlaces con nuestro Sitio Web de la siguiente manera:<\/p>\n<ul data-start=\"6393\" data-end=\"6645\">\n<li data-start=\"6393\" data-end=\"6429\">\n<p data-start=\"6395\" data-end=\"6429\">Mediante el uso de nuestro nombre corporativo; o<\/p>\n<\/li>\n<li data-start=\"6430\" data-end=\"6492\">\n<p data-start=\"6432\" data-end=\"6492\">Mediante el uso del localizador uniforme de recursos al que se enlaza; o<\/p>\n<\/li>\n<li data-start=\"6493\" data-end=\"6645\">\n<p data-start=\"6495\" data-end=\"6645\">Mediante el uso de cualquier otra descripci\u00f3n de nuestro sitio web vinculado que tenga sentido dentro del contexto y el formato del contenido del sitio de la parte vinculante<\/p>\n<\/li>\n<\/ul>\n<p data-start=\"6647\" data-end=\"6757\"><strong data-start=\"6647\" data-end=\"6757\">No se permitir\u00e1 el uso del logotipo de Taskis ni de ning\u00fan otro material gr\u00e1fico para vincularse sin un acuerdo de licencia de marca registrada.<\/strong><\/p>\n<h3 data-start=\"6764\" data-end=\"6775\">iFrames<\/h3>\n<p data-start=\"6777\" data-end=\"6945\">Sin aprobaci\u00f3n previa y permiso por escrito, no puedes crear marcos alrededor de nuestras P\u00e1ginas Web que alteren en modo alguno la presentaci\u00f3n visual o la apariencia de nuestro Sitio Web.<\/p>\n<h3 data-start=\"6952\" data-end=\"6973\">Responsabilidad por contenidos<\/h3>\n<p data-start=\"6975\" data-end=\"7356\">No nos responsabilizamos del contenido que aparezca en su sitio web. Usted se compromete a protegernos y defendernos ante cualquier reclamaci\u00f3n que surja en su sitio web. No debe aparecer en ning\u00fan sitio web ning\u00fan enlace que pueda interpretarse como difamatorio, obsceno o delictivo, o que infrinja, viole o promueva la infracci\u00f3n o violaci\u00f3n de derechos de terceros.  <\/p>\n<h3 data-start=\"7363\" data-end=\"7379\">Tu intimidad<\/h3>\n<p data-start=\"7381\" data-end=\"7437\">Lee la <a class=\"cursor-pointer\" href=\"https:\/\/taskerium.com\/es\/politica-de-privacidad\/\" target=\"_new\" rel=\"noopener\" data-start=\"7393\" data-end=\"7437\">Pol\u00edtica de privacidad<\/a><\/p>\n<h3 data-start=\"7444\" data-end=\"7469\">Reserva de derechos<\/h3>\n<p data-start=\"7471\" data-end=\"7850\">Nos reservamos el derecho de solicitarle que elimine todos los enlaces a nuestro sitio web, o cualquier enlace en particular. Usted acepta eliminar inmediatamente todos los enlaces a nuestro sitio web si as\u00ed lo solicita. Tambi\u00e9n nos reservamos el derecho de modificar estos t\u00e9rminos y condiciones y su pol\u00edtica de enlaces en cualquier momento. Al enlazar continuamente a nuestro sitio web, usted acepta regirse por estos t\u00e9rminos y condiciones de enlace.   <\/p>\n<h3 data-start=\"7857\" data-end=\"7894\">Eliminaci\u00f3n de enlaces de nuestro sitio web<\/h3>\n<p data-start=\"7896\" data-end=\"8125\">Si encuentra alg\u00fan enlace en nuestro sitio web que sea ofensivo por cualquier motivo, puede contactarnos e informarnos en cualquier momento. Consideraremos las solicitudes para eliminar enlaces, pero no estamos obligados a hacerlo ni a responderle directamente. <\/p>\n<p data-start=\"8127\" data-end=\"8359\">No garantizamos que la informaci\u00f3n de este sitio web sea correcta; no garantizamos su integridad o exactitud; ni prometemos garantizar que el sitio web permanezca disponible o que el material del sitio web se mantenga actualizado.<\/p>\n<h3 data-start=\"8366\" data-end=\"8380\">Descargo de responsabilidad<\/h3>\n<p data-start=\"8382\" data-end=\"8577\">En la medida m\u00e1xima permitida por la legislaci\u00f3n aplicable, excluimos todas las declaraciones, garant\u00edas y condiciones relacionadas con nuestro sitio web y su uso. Nada de lo dispuesto en este descargo de responsabilidad: <\/p>\n<ul data-start=\"8579\" data-end=\"8926\">\n<li data-start=\"8579\" data-end=\"8651\">\n<p data-start=\"8581\" data-end=\"8651\">limitar o excluir nuestra o tu responsabilidad por muerte o lesiones personales;<\/p>\n<\/li>\n<li data-start=\"8652\" data-end=\"8737\">\n<p data-start=\"8654\" data-end=\"8737\">limitar o excluir nuestra responsabilidad o la tuya por fraude o tergiversaci\u00f3n fraudulenta;<\/p>\n<\/li>\n<li data-start=\"8738\" data-end=\"8836\">\n<p data-start=\"8740\" data-end=\"8836\">limitar cualquiera de nuestras responsabilidades o las tuyas de cualquier forma que no est\u00e9 permitida por la legislaci\u00f3n aplicable; o<\/p>\n<\/li>\n<li data-start=\"8837\" data-end=\"8926\">\n<p data-start=\"8839\" data-end=\"8926\">excluir cualquiera de nuestras responsabilidades o de las tuyas que no puedan excluirse en virtud de la legislaci\u00f3n aplicable.<\/p>\n<\/li>\n<\/ul>\n<p data-start=\"8928\" data-end=\"9222\">Las limitaciones y prohibiciones de responsabilidad establecidas en esta Secci\u00f3n y en otras partes de este descargo de responsabilidad:<br data-start=\"9027\" data-end=\"9030\">a) est\u00e9n sujetos al p\u00e1rrafo anterior; y<br data-start=\"9077\" data-end=\"9080\">(b) regir todas las responsabilidades derivadas de la exenci\u00f3n de responsabilidad, incluidas las responsabilidades derivadas del contrato, de agravio y por incumplimiento de una obligaci\u00f3n legal.<\/p>\n<p data-start=\"9224\" data-end=\"9387\">Mientras el sitio web y la informaci\u00f3n y los servicios del sitio web se proporcionen de forma gratuita, <strong data-start=\"9324\" data-end=\"9386\">no seremos responsables de ninguna p\u00e9rdida o da\u00f1o de cualquier naturaleza.<\/strong><\/p>\n\t\t\t\t\t\t\t\t<\/div>\n\t\t\t\t<\/div>\n\t\t\t\t\t<\/div>\n\t\t<\/div>\n\t\t\t\t\t<\/div>\n\t\t<\/section>\n\t\t\t\t<\/div>\n\t\t","protected":false},"excerpt":{"rendered":"<p>T\u00e9rminos y condiciones de Taskis Estos t\u00e9rminos y condiciones describen las reglas y regulaciones para el uso del sitio web de Taskis, ubicado en Taskerium.com. Al acceder a este sitio web, asumimos que acepta estos t\u00e9rminos y condiciones. No contin\u00fae utilizando Taskis si no acepta todos los t\u00e9rminos y condiciones establecidos en esta p\u00e1gina. La [&hellip;]<\/p>\n","protected":false},"author":3,"featured_media":0,"parent":0,"menu_order":0,"comment_status":"closed","ping_status":"closed","template":"","meta":{"site-sidebar-layout":"no-sidebar","site-content-layout":"page-builder","ast-site-content-layout":"default","site-content-style":"default","site-sidebar-style":"unboxed","ast-global-header-display":"","ast-banner-title-visibility":"","ast-main-header-display":"","ast-hfb-above-header-display":"","ast-hfb-below-header-display":"","ast-hfb-mobile-header-display":"","site-post-title":"disabled","ast-breadcrumbs-content":"","ast-featured-img":"disabled","footer-sml-layout":"","ast-disable-related-posts":"","theme-transparent-header-meta":"default","adv-header-id-meta":"","stick-header-meta":"","header-above-stick-meta":"","header-main-stick-meta":"","header-below-stick-meta":"","astra-migrate-meta-layouts":"set","ast-page-background-enabled":"default","ast-page-background-meta":{"desktop":{"background-color":"","background-image":"","background-repeat":"repeat","background-position":"center center","background-size":"auto","background-attachment":"scroll","background-type":"","background-media":"","overlay-type":"","overlay-color":"","overlay-opacity":"","overlay-gradient":""},"tablet":{"background-color":"","background-image":"","background-repeat":"repeat","background-position":"center center","background-size":"auto","background-attachment":"scroll","background-type":"","background-media":"","overlay-type":"","overlay-color":"","overlay-opacity":"","overlay-gradient":""},"mobile":{"background-color":"","background-image":"","background-repeat":"repeat","background-position":"center center","background-size":"auto","background-attachment":"scroll","background-type":"","background-media":"","overlay-type":"","overlay-color":"","overlay-opacity":"","overlay-gradient":""}},"ast-content-background-meta":{"desktop":{"background-color":"var(--ast-global-color-5)","background-image":"","background-repeat":"repeat","background-position":"center center","background-size":"auto","background-attachment":"scroll","background-type":"","background-media":"","overlay-type":"","overlay-color":"","overlay-opacity":"","overlay-gradient":""},"tablet":{"background-color":"var(--ast-global-color-5)","background-image":"","background-repeat":"repeat","background-position":"center center","background-size":"auto","background-attachment":"scroll","background-type":"","background-media":"","overlay-type":"","overlay-color":"","overlay-opacity":"","overlay-gradient":""},"mobile":{"background-color":"var(--ast-global-color-5)","background-image":"","background-repeat":"repeat","background-position":"center center","background-size":"auto","background-attachment":"scroll","background-type":"","background-media":"","overlay-type":"","overlay-color":"","overlay-opacity":"","overlay-gradient":""}},"footnotes":""},"class_list":["post-1948","page","type-page","status-publish","hentry"],"aioseo_notices":[],"_links":{"self":[{"href":"https:\/\/taskerium.com\/es\/wp-json\/wp\/v2\/pages\/1948","targetHints":{"allow":["GET"]}}],"collection":[{"href":"https:\/\/taskerium.com\/es\/wp-json\/wp\/v2\/pages"}],"about":[{"href":"https:\/\/taskerium.com\/es\/wp-json\/wp\/v2\/types\/page"}],"author":[{"embeddable":true,"href":"https:\/\/taskerium.com\/es\/wp-json\/wp\/v2\/users\/3"}],"replies":[{"embeddable":true,"href":"https:\/\/taskerium.com\/es\/wp-json\/wp\/v2\/comments?post=1948"}],"version-history":[{"count":3,"href":"https:\/\/taskerium.com\/es\/wp-json\/wp\/v2\/pages\/1948\/revisions"}],"predecessor-version":[{"id":3829,"href":"https:\/\/taskerium.com\/es\/wp-json\/wp\/v2\/pages\/1948\/revisions\/3829"}],"wp:attachment":[{"href":"https:\/\/taskerium.com\/es\/wp-json\/wp\/v2\/media?parent=1948"}],"curies":[{"name":"wp","href":"https:\/\/api.w.org\/{rel}","templated":true}]}}